{"id":25114,"date":"2026-03-29T21:09:26","date_gmt":"2026-03-29T20:09:26","guid":{"rendered":"https:\/\/bigbuy.tupique.com\/produto\/tv-mount-b-tech-bt8390-vesa400map-b-70-50-kg\/"},"modified":"2026-04-15T03:33:14","modified_gmt":"2026-04-15T02:33:14","slug":"tv-mount-b-tech-bt8390-vesa400map-b-70-50-kg","status":"publish","type":"product","link":"https:\/\/bigbuy.tupique.com\/es\/produto\/tv-mount-b-tech-bt8390-vesa400map-b-70-50-kg\/","title":{"rendered":"Support de TV B-Tech BT8390-VESA400MAP\/B 70&#8243; 50 kg"},"content":{"rendered":"<p>Si vous \u00eates passionn\u00e9 d&#8217;<b>informatique et d&#8217;\u00e9lectronique<\/b>, si vous \u00eates \u00e0 la pointe de la technologie et qu&#8217;aucun d\u00e9tail ne vous \u00e9chappe, achetez <b>Support de TV B-Tech BT8390-VESA400MAP\/B 70&#8243; 50 kg<\/b> au meilleur prix.<\/p>\n<ul>\n<li>Type:\n<ul>\n<li>Support de TV<\/li>\n<li>fixe<\/li>\n<\/ul>\n<\/li>\n<li>Couleur: Noir<\/li>\n<li>Caract\u00e9ristiques: Hauteur r\u00e9glable<\/li>\n<li>Type d&#8217;installation: Montage mural<\/li>\n<li>Ecran: 70&#8243;<\/li>\n<li>Poids Max. support\u00e9: 50 kg<\/li>\n<\/ul>","protected":false},"excerpt":{"rendered":"<p>Si vous \u00eates passionn\u00e9 d&#8217;informatique et d&#8217;\u00e9lectronique, si vous \u00eates \u00e0 la pointe de la technologie et qu&#8217;aucun d\u00e9tail ne vous \u00e9chappe, achetez Support de TV B-Tech BT8390-VESA400MAP\/B 70&#8243; 50 kg au meilleur prix. Type: Support de TV fixe Couleur: Noir Caract\u00e9ristiques: Hauteur r\u00e9glable Type d&#8217;installation: Montage mural Ecran: 70&#8243; Poids Max. support\u00e9: 50 kg<\/p>","protected":false},"featured_media":25110,"comment_status":"open","ping_status":"closed","template":"","meta":[],"product_brand":[1167],"product_cat":[589,65,590],"product_tag":[210],"class_list":{"0":"post-25114","1":"product","2":"type-product","3":"status-publish","4":"has-post-thumbnail","6":"product_brand-brandp_9681","7":"product_cat-electronique-television","8":"product_cat-informatique-electronique","9":"product_cat-supports-de-television","10":"product_tag-tag_25","12":"first","13":"instock","14":"taxable","15":"shipping-taxable","16":"purchasable","17":"product-type-simple"},"_links":{"self":[{"href":"https:\/\/bigbuy.tupique.com\/es\/wp-json\/wp\/v2\/product\/25114","targetHints":{"allow":["GET"]}}],"collection":[{"href":"https:\/\/bigbuy.tupique.com\/es\/wp-json\/wp\/v2\/product"}],"about":[{"href":"https:\/\/bigbuy.tupique.com\/es\/wp-json\/wp\/v2\/types\/product"}],"replies":[{"embeddable":true,"href":"https:\/\/bigbuy.tupique.com\/es\/wp-json\/wp\/v2\/comments?post=25114"}],"wp:featuredmedia":[{"embeddable":true,"href":"https:\/\/bigbuy.tupique.com\/es\/wp-json\/wp\/v2\/media\/25110"}],"wp:attachment":[{"href":"https:\/\/bigbuy.tupique.com\/es\/wp-json\/wp\/v2\/media?parent=25114"}],"wp:term":[{"taxonomy":"product_brand","embeddable":true,"href":"https:\/\/bigbuy.tupique.com\/es\/wp-json\/wp\/v2\/product_brand?post=25114"},{"taxonomy":"product_cat","embeddable":true,"href":"https:\/\/bigbuy.tupique.com\/es\/wp-json\/wp\/v2\/product_cat?post=25114"},{"taxonomy":"product_tag","embeddable":true,"href":"https:\/\/bigbuy.tupique.com\/es\/wp-json\/wp\/v2\/product_tag?post=25114"}],"curies":[{"name":"wp","href":"https:\/\/api.w.org\/{rel}","templated":true}]}}