{"id":25090,"date":"2026-03-29T21:08:48","date_gmt":"2026-03-29T20:08:48","guid":{"rendered":"https:\/\/bigbuy.tupique.com\/produto\/label-printer-bixolon-xd3-40tk-beg\/"},"modified":"2026-04-15T03:33:12","modified_gmt":"2026-04-15T02:33:12","slug":"label-printer-bixolon-xd3-40tk-beg","status":"publish","type":"product","link":"https:\/\/bigbuy.tupique.com\/es\/produto\/label-printer-bixolon-xd3-40tk-beg\/","title":{"rendered":"Imprimante pour Etiquettes Bixolon XD3-40TK\/BEG"},"content":{"rendered":"<p>Retournez au bureau sans rien oublier ! Achetez <b>Imprimante pour Etiquettes Bixolon XD3-40TK\/BEG<\/b> et faites envie \u00e0 vos coll\u00e8gues!<\/p>\n<p>La <b>Bixolon XD3-40TK\/BEG<\/b> est une <b>imprimante d\u2019\u00e9tiquettes<\/b> reconnue pour sa polyvalence et son efficacit\u00e9, id\u00e9ale pour les environnements professionnels n\u00e9cessitant une impression rapide et fiable. Elle utilise la technologie d\u2019impression <b>thermique directe et transfert thermique<\/b>, permettant de s\u2019adapter \u00e0 divers besoins d\u2019\u00e9tiquetage sans utiliser d\u2019encre ni toner, facilitant un entretien simple et \u00e9conomique. Elle offre une <b>r\u00e9solution maximale de 203 x 203 dpi<\/b>, garantissant une qualit\u00e9 optimale pour l\u2019impression de codes-barres, textes et graphiques, adapt\u00e9e \u00e0 de nombreuses applications en commerce, logistique ou production. Sa vitesse d\u2019impression atteint jusqu\u2019\u00e0 <b>127 mm par seconde<\/b>, assurant un flux de travail fluide et continu. Parmi ses caract\u00e9ristiques techniques, la connectivit\u00e9 <b>sans fil<\/b> se distingue, offrant plus de libert\u00e9 et de flexibilit\u00e9 dans le positionnement et la gestion de l\u2019appareil, \u00e9liminant la d\u00e9pendance aux c\u00e2bles sans compromettre la stabilit\u00e9 de la connexion. Son design est compl\u00e9t\u00e9 par une finition <b>noire<\/b>, robuste et professionnelle, qui s\u2019int\u00e8gre facilement dans tout espace de travail. Elle dispose \u00e9galement d\u2019interfaces USB pour garantir la compatibilit\u00e9 avec les syst\u00e8mes de gestion les plus courants. Avec une m\u00e9moire interne de <b>64 Mo<\/b> et une alimentation en <b>220 V<\/b>, cette imprimante allie puissance et fiabilit\u00e9 pour des processus d\u2019\u00e9tiquetage de volumes moyens \u00e0 \u00e9lev\u00e9s, offrant un \u00e9quilibre entre performance technique et fonctionnalit\u00e9 pratique. La <b>Bixolon XD3-40TK\/BEG<\/b> se pr\u00e9sente comme une solution avanc\u00e9e pour ceux qui recherchent une imprimante d\u2019\u00e9tiquettes compacte, efficace et dot\u00e9e de technologies modernes facilitant son int\u00e9gration dans divers environnements industriels ou commerciaux.<\/p>\n<ul>\n<li>Type:\n<ul>\n<li>Calculatrice<\/li>\n<li>Imprimante pour Etiquettes<\/li>\n<li>Sans fil<\/li>\n<\/ul>\n<\/li>\n<li>Produit \u00e0 brancher: Oui<\/li>\n<li>Type de prise: Prise EU<\/li>\n<li>Bloc d\u2019Alimentation:\n<ul>\n<li>r\u00e9seau \u00e9lectrique<\/li>\n<li>Courant CC\/CA<\/li>\n<\/ul>\n<\/li>\n<li>Couleur: Noir<\/li>\n<li>R\u00e9solution d&#8217;image maximale: 203 x 203 dpi<\/li>\n<li>Technologie: Thermique<\/li>\n<li>Connexions: USB<\/li>\n<li>Tension: 220 V<\/li>\n<\/ul>","protected":false},"excerpt":{"rendered":"<p>Retournez au bureau sans rien oublier ! Achetez Imprimante pour Etiquettes Bixolon XD3-40TK\/BEG et faites envie \u00e0 vos coll\u00e8gues! La Bixolon XD3-40TK\/BEG est une imprimante d\u2019\u00e9tiquettes reconnue pour sa polyvalence et son efficacit\u00e9, id\u00e9ale pour les environnements professionnels n\u00e9cessitant une impression rapide et fiable. Elle utilise la technologie d\u2019impression thermique directe et transfert thermique, permettant [&hellip;]<\/p>\n","protected":false},"featured_media":25088,"comment_status":"open","ping_status":"closed","template":"","meta":[],"product_brand":[1071],"product_cat":[966,65,958],"product_tag":[213],"class_list":{"0":"post-25090","1":"product","2":"type-product","3":"status-publish","4":"has-post-thumbnail","6":"product_brand-brandp_618","7":"product_cat-accessoires-informatiques","8":"product_cat-informatique-electronique","9":"product_cat-informatique-ordinateurs","10":"product_tag-tag_933","12":"first","13":"instock","14":"taxable","15":"shipping-taxable","16":"purchasable","17":"product-type-simple"},"_links":{"self":[{"href":"https:\/\/bigbuy.tupique.com\/es\/wp-json\/wp\/v2\/product\/25090","targetHints":{"allow":["GET"]}}],"collection":[{"href":"https:\/\/bigbuy.tupique.com\/es\/wp-json\/wp\/v2\/product"}],"about":[{"href":"https:\/\/bigbuy.tupique.com\/es\/wp-json\/wp\/v2\/types\/product"}],"replies":[{"embeddable":true,"href":"https:\/\/bigbuy.tupique.com\/es\/wp-json\/wp\/v2\/comments?post=25090"}],"wp:featuredmedia":[{"embeddable":true,"href":"https:\/\/bigbuy.tupique.com\/es\/wp-json\/wp\/v2\/media\/25088"}],"wp:attachment":[{"href":"https:\/\/bigbuy.tupique.com\/es\/wp-json\/wp\/v2\/media?parent=25090"}],"wp:term":[{"taxonomy":"product_brand","embeddable":true,"href":"https:\/\/bigbuy.tupique.com\/es\/wp-json\/wp\/v2\/product_brand?post=25090"},{"taxonomy":"product_cat","embeddable":true,"href":"https:\/\/bigbuy.tupique.com\/es\/wp-json\/wp\/v2\/product_cat?post=25090"},{"taxonomy":"product_tag","embeddable":true,"href":"https:\/\/bigbuy.tupique.com\/es\/wp-json\/wp\/v2\/product_tag?post=25090"}],"curies":[{"name":"wp","href":"https:\/\/api.w.org\/{rel}","templated":true}]}}