{"id":25082,"date":"2026-03-29T21:08:36","date_gmt":"2026-03-29T20:08:36","guid":{"rendered":"https:\/\/bigbuy.tupique.com\/produto\/dockstation-i-tec-ca6monitordockpd\/"},"modified":"2026-04-15T03:33:12","modified_gmt":"2026-04-15T02:33:12","slug":"dockstation-i-tec-ca6monitordockpd","status":"publish","type":"product","link":"https:\/\/bigbuy.tupique.com\/es\/produto\/dockstation-i-tec-ca6monitordockpd\/","title":{"rendered":"Station d&#8217;acceuil i-Tec CA6MONITORDOCKPD"},"content":{"rendered":"<p>Si vous \u00eates passionn\u00e9 d&#8217;<b>informatique et d&#8217;\u00e9lectronique<\/b>, si vous \u00eates \u00e0 la pointe de la technologie et qu&#8217;aucun d\u00e9tail ne vous \u00e9chappe, achetez <b>Station d&#8217;acceuil i-Tec CA6MONITORDOCKPD<\/b> au meilleur prix.<\/p>\n<p>Le <b>i-Tec CA6MONITORDOCKPD<\/b> est un <b>support pour ordinateur portable<\/b> con\u00e7u pour offrir polyvalence et fonctionnalit\u00e9 aux utilisateurs souhaitant optimiser leur espace de travail. Fabriqu\u00e9 en <b>m\u00e9tal haute r\u00e9sistance<\/b> avec une finition noire, ce mod\u00e8le se distingue par sa durabilit\u00e9 et son aspect professionnel. Il int\u00e8gre la fonction de <b>dockstation<\/b>, permettant de connecter facilement l\u2019ordinateur portable via des <b>ports USB et USB-C<\/b>, facilitant ainsi le transfert de donn\u00e9es et la compatibilit\u00e9 avec de nombreux appareils. Gr\u00e2ce \u00e0 un <b>port RJ45<\/b>, il offre une connexion r\u00e9seau filaire pour garantir un acc\u00e8s Internet stable, particuli\u00e8rement utile en bureau ou en t\u00e9l\u00e9travail. Le design comprend un <b>interrupteur marche\/arr\u00eat<\/b> pour une gestion efficace de l\u2019\u00e9nergie, ainsi qu\u2019un <b>indicateur LED<\/b> permettant de surveiller l\u2019\u00e9tat de l\u2019appareil \u00e0 tout moment. Le support est compatible avec des ordinateurs portables de diff\u00e9rentes tailles et sa structure assure une base solide, am\u00e9liorant la dissipation de la chaleur et favorisant une posture ergonomique lors de longues sessions de travail. L\u2019installation est rapide et simple gr\u00e2ce \u00e0 la <b>notice d\u2019installation incluse<\/b>, permettant \u00e0 tout utilisateur d\u2019int\u00e9grer facilement cet accessoire \u00e0 son bureau ou espace professionnel. En r\u00e9sum\u00e9, il s\u2019agit d\u2019une solution fiable et polyvalente, id\u00e9ale pour ceux qui souhaitent am\u00e9liorer la connectivit\u00e9 et l\u2019organisation de leur poste de travail avec un appareil robuste et bien \u00e9quip\u00e9.<\/p>\n<ul>\n<li>Produit \u00e0 brancher: Oui<\/li>\n<li>Type de prise: Prise EU<\/li>\n<li>Bloc d\u2019Alimentation:\n<ul>\n<li>r\u00e9seau \u00e9lectrique<\/li>\n<li>Avec fil<\/li>\n<li>CC<\/li>\n<\/ul>\n<\/li>\n<li>Type: Avec fil<\/li>\n<li>Couleur: Noir<\/li>\n<li>Connexions:\n<ul>\n<li>USB-C<\/li>\n<li>RJ45<\/li>\n<li>USB-C 3.2 Gen 1 (3.1 Gen 1) x 2<\/li>\n<li>HDMI x 2<\/li>\n<li>Entr\u00e9e cartes microSD<\/li>\n<li>USB<\/li>\n<li>Micro SD<\/li>\n<li>DisplayPort x 2<\/li>\n<li>Jack 3.5 mm<\/li>\n<li>USB 3.2<\/li>\n<li>USB-C 3.2 Gen 2 (3.1 Gen 2)<\/li>\n<li>USB A 3.2 Gen 2 (3.1 Gen 2) x 4<\/li>\n<li>C\u00e2ble jack 3,3 mm<\/li>\n<\/ul>\n<\/li>\n<li>Profondeur: 88 mm<\/li>\n<li>Hauteur: 37 mm<\/li>\n<li>Tension de sortie: 24 V<\/li>\n<li>Caract\u00e9ristiques:\n<ul>\n<li>Interrupteur marche\/arr\u00eat<\/li>\n<li>T\u00e9moin LED<\/li>\n<li>Guide d&#8217;installation inclus<\/li>\n<li>Carte de lecture int\u00e9gr\u00e9e<\/li>\n<\/ul>\n<\/li>\n<li>Tension: 24 V<\/li>\n<li>Compatible: Windows<\/li>\n<li>Connectivit\u00e9: Ethernet LAN<\/li>\n<li>Non Inclus: Adaptateur AC<\/li>\n<li>Connecteurs: Kensington<\/li>\n<li>vitesse: 10\/100\/1000\/2500 Mbps<\/li>\n<\/ul>","protected":false},"excerpt":{"rendered":"<p>Si vous \u00eates passionn\u00e9 d&#8217;informatique et d&#8217;\u00e9lectronique, si vous \u00eates \u00e0 la pointe de la technologie et qu&#8217;aucun d\u00e9tail ne vous \u00e9chappe, achetez Station d&#8217;acceuil i-Tec CA6MONITORDOCKPD au meilleur prix. Le i-Tec CA6MONITORDOCKPD est un support pour ordinateur portable con\u00e7u pour offrir polyvalence et fonctionnalit\u00e9 aux utilisateurs souhaitant optimiser leur espace de travail. Fabriqu\u00e9 en [&hellip;]<\/p>\n","protected":false},"featured_media":25059,"comment_status":"open","ping_status":"closed","template":"","meta":[],"product_brand":[1171],"product_cat":[966,65,958],"product_tag":[213,106],"class_list":{"0":"post-25082","1":"product","2":"type-product","3":"status-publish","4":"has-post-thumbnail","6":"product_brand-brandp_4770","7":"product_cat-accessoires-informatiques","8":"product_cat-informatique-electronique","9":"product_cat-informatique-ordinateurs","10":"product_tag-tag_933","11":"product_tag-tag_1295","13":"first","14":"instock","15":"taxable","16":"shipping-taxable","17":"purchasable","18":"product-type-simple"},"_links":{"self":[{"href":"https:\/\/bigbuy.tupique.com\/es\/wp-json\/wp\/v2\/product\/25082","targetHints":{"allow":["GET"]}}],"collection":[{"href":"https:\/\/bigbuy.tupique.com\/es\/wp-json\/wp\/v2\/product"}],"about":[{"href":"https:\/\/bigbuy.tupique.com\/es\/wp-json\/wp\/v2\/types\/product"}],"replies":[{"embeddable":true,"href":"https:\/\/bigbuy.tupique.com\/es\/wp-json\/wp\/v2\/comments?post=25082"}],"wp:featuredmedia":[{"embeddable":true,"href":"https:\/\/bigbuy.tupique.com\/es\/wp-json\/wp\/v2\/media\/25059"}],"wp:attachment":[{"href":"https:\/\/bigbuy.tupique.com\/es\/wp-json\/wp\/v2\/media?parent=25082"}],"wp:term":[{"taxonomy":"product_brand","embeddable":true,"href":"https:\/\/bigbuy.tupique.com\/es\/wp-json\/wp\/v2\/product_brand?post=25082"},{"taxonomy":"product_cat","embeddable":true,"href":"https:\/\/bigbuy.tupique.com\/es\/wp-json\/wp\/v2\/product_cat?post=25082"},{"taxonomy":"product_tag","embeddable":true,"href":"https:\/\/bigbuy.tupique.com\/es\/wp-json\/wp\/v2\/product_tag?post=25082"}],"curies":[{"name":"wp","href":"https:\/\/api.w.org\/{rel}","templated":true}]}}