{"id":25032,"date":"2026-03-29T21:07:11","date_gmt":"2026-03-29T20:07:11","guid":{"rendered":"https:\/\/bigbuy.tupique.com\/produto\/headphones-gn-audio-9656-583-111-black\/"},"modified":"2026-04-16T09:17:21","modified_gmt":"2026-04-16T08:17:21","slug":"headphones-gn-audio-9656-583-111-black","status":"publish","type":"product","link":"https:\/\/bigbuy.tupique.com\/es\/produto\/headphones-gn-audio-9656-583-111-black\/","title":{"rendered":"Casque GN Audio 9656-583-111 Noir"},"content":{"rendered":"<p>Si vous \u00eates passionn\u00e9 d&#8217;<b>informatique et d&#8217;\u00e9lectronique<\/b>, si vous \u00eates \u00e0 la pointe de la technologie et qu&#8217;aucun d\u00e9tail ne vous \u00e9chappe, achetez <b>Casque GN Audio 9656-583-111 Noir<\/b> au meilleur prix.<\/p>\n<ul>\n<li>Type:\n<ul>\n<li>Casque<\/li>\n<li>\u00c9couteur<\/li>\n<li>Sans fil<\/li>\n<li>Casque audio<\/li>\n<li>Casques avec Microphone<\/li>\n<\/ul>\n<\/li>\n<li>Autonomie approx.: 13 heures<\/li>\n<li>Port\u00e9e: 150 m<\/li>\n<li>Type de commande: Boutons<\/li>\n<li>Type de casque: Externe supra-aural<\/li>\n<li>Connectivit\u00e9:\n<ul>\n<li>Bluetooth<\/li>\n<li>Bluetooth 5.0<\/li>\n<\/ul>\n<\/li>\n<li>Type de batterie: Litio Ion<\/li>\n<li>Caract\u00e9ristiques:\n<ul>\n<li>Batterie int\u00e9gr\u00e9e<\/li>\n<li>Sans fil<\/li>\n<\/ul>\n<\/li>\n<li>Couleur: Noir<\/li>\n<li>Utilisation recommand\u00e9e: Oficina\/Centro de llamadas<\/li>\n<li>Connexions: USB<\/li>\n<li>Temps de charge approx.: 1,5 heures<\/li>\n<li>Contr\u00f4le: Boutons<\/li>\n<li>Batterie: Oui<\/li>\n<li>Non inclut: Adaptateur AC<\/li>\n<li>Casque: Monaural<\/li>\n<li>Fr\u00e9quence: 100 &#8211; 10000 Hz<\/li>\n<\/ul>","protected":false},"excerpt":{"rendered":"<p>Si vous \u00eates passionn\u00e9 d&#8217;informatique et d&#8217;\u00e9lectronique, si vous \u00eates \u00e0 la pointe de la technologie et qu&#8217;aucun d\u00e9tail ne vous \u00e9chappe, achetez Casque GN Audio 9656-583-111 Noir au meilleur prix. Type: Casque \u00c9couteur Sans fil Casque audio Casques avec Microphone Autonomie approx.: 13 heures Port\u00e9e: 150 m Type de commande: Boutons Type de casque: [&hellip;]<\/p>\n","protected":false},"featured_media":25031,"comment_status":"open","ping_status":"closed","template":"","meta":[],"product_brand":[663],"product_cat":[65,581,594],"product_tag":[213,566,106],"class_list":{"0":"post-25032","1":"product","2":"type-product","3":"status-publish","4":"has-post-thumbnail","6":"product_brand-brandp_4843","7":"product_cat-informatique-electronique","8":"product_cat-informatique-peripheriques-et-consommables","9":"product_cat-micros-et-ecouteurs","10":"product_tag-tag_933","11":"product_tag-tag_547","12":"product_tag-tag_1295","14":"first","15":"instock","16":"taxable","17":"shipping-taxable","18":"purchasable","19":"product-type-simple"},"_links":{"self":[{"href":"https:\/\/bigbuy.tupique.com\/es\/wp-json\/wp\/v2\/product\/25032","targetHints":{"allow":["GET"]}}],"collection":[{"href":"https:\/\/bigbuy.tupique.com\/es\/wp-json\/wp\/v2\/product"}],"about":[{"href":"https:\/\/bigbuy.tupique.com\/es\/wp-json\/wp\/v2\/types\/product"}],"replies":[{"embeddable":true,"href":"https:\/\/bigbuy.tupique.com\/es\/wp-json\/wp\/v2\/comments?post=25032"}],"wp:featuredmedia":[{"embeddable":true,"href":"https:\/\/bigbuy.tupique.com\/es\/wp-json\/wp\/v2\/media\/25031"}],"wp:attachment":[{"href":"https:\/\/bigbuy.tupique.com\/es\/wp-json\/wp\/v2\/media?parent=25032"}],"wp:term":[{"taxonomy":"product_brand","embeddable":true,"href":"https:\/\/bigbuy.tupique.com\/es\/wp-json\/wp\/v2\/product_brand?post=25032"},{"taxonomy":"product_cat","embeddable":true,"href":"https:\/\/bigbuy.tupique.com\/es\/wp-json\/wp\/v2\/product_cat?post=25032"},{"taxonomy":"product_tag","embeddable":true,"href":"https:\/\/bigbuy.tupique.com\/es\/wp-json\/wp\/v2\/product_tag?post=25032"}],"curies":[{"name":"wp","href":"https:\/\/api.w.org\/{rel}","templated":true}]}}