{"id":24825,"date":"2026-03-29T20:51:40","date_gmt":"2026-03-29T19:51:40","guid":{"rendered":"https:\/\/bigbuy.tupique.com\/produto\/webcam-poly-a01kcaaac3-4k-ultra-hd\/"},"modified":"2026-04-16T09:05:58","modified_gmt":"2026-04-16T08:05:58","slug":"webcam-poly-a01kcaaac3-4k-ultra-hd","status":"publish","type":"product","link":"https:\/\/bigbuy.tupique.com\/es\/produto\/webcam-poly-a01kcaaac3-4k-ultra-hd\/","title":{"rendered":"Webcam Poly A01KCAA#AC3 4K Ultra HD"},"content":{"rendered":"<p>Si vous \u00eates passionn\u00e9 d&#8217;<b>informatique et d&#8217;\u00e9lectronique<\/b>, si vous \u00eates \u00e0 la pointe de la technologie et qu&#8217;aucun d\u00e9tail ne vous \u00e9chappe, achetez <b>Webcam Poly A01KCAA#AC3 4K Ultra HD<\/b> au meilleur prix.<\/p>\n<p>Le <b>Poly Studio G62<\/b> est un <b>syst\u00e8me de visioconf\u00e9rence personnel<\/b> avanc\u00e9 con\u00e7u pour faciliter la communication et la collaboration jusqu\u2019\u00e0 <b>10 personnes<\/b> dans des espaces professionnels ou domestiques. Ce syst\u00e8me se distingue par sa <b>r\u00e9solution 4K Ultra HD<\/b>, garantissant une image nette et d\u00e9taill\u00e9e lors des appels vid\u00e9o, avec un taux de rafra\u00eechissement jusqu\u2019\u00e0 30 ips assurant une exp\u00e9rience fluide sans saccades. Int\u00e9gr\u00e9 dans un design moderne et fonctionnel de couleur <b>noir<\/b>, l\u2019appareil offre plusieurs options de connexion via <b>HDMI, USB et USB-C<\/b>, permettant une compatibilit\u00e9 polyvalente avec de nombreux \u00e9quipements et configurations audiovisuelles. De plus, le Poly Studio G62 int\u00e8gre une connectivit\u00e9 avanc\u00e9e par <b>Ethernet, WiFi et Bluetooth<\/b>, facilitant une installation flexible en bureau ou dans des environnements mobiles ou sans fil. Bien que la fiche mentionne l\u2019attribut \u00ab casques \u00bb, le Poly Studio G62 se concentre sur des options de collaboration et vid\u00e9o de haute qualit\u00e9, fonctionnant comme un syst\u00e8me complet avec kit de montage pour une mise en service rapide et une personnalisation selon les besoins de l\u2019utilisateur. Sa technologie vise \u00e0 fournir des solutions audiovisuelles professionnelles pour r\u00e9unions virtuelles, garantissant des performances optimales en termes d\u2019image, d\u2019int\u00e9gration et de facilit\u00e9 d\u2019utilisation. En r\u00e9sum\u00e9, le Poly Studio G62 est une solution technique \u00e9quilibr\u00e9e r\u00e9pondant aux exigences actuelles de la visioconf\u00e9rence professionnelle, combinant puissance, haute d\u00e9finition et connectivit\u00e9 avanc\u00e9e pour optimiser les communications d\u2019entreprise et personnelles.<\/p>\n<ul>\n<li>Type:\n<ul>\n<li>Casque<\/li>\n<li>Webcam<\/li>\n<\/ul>\n<\/li>\n<li>Couleur: Noir<\/li>\n<li>Connexions:\n<ul>\n<li>HDMI<\/li>\n<li>USB<\/li>\n<li>USB-C<\/li>\n<li>RJ45<\/li>\n<li>Ethernet LAN<\/li>\n<\/ul>\n<\/li>\n<li>Connectivit\u00e9:\n<ul>\n<li>Bluetooth<\/li>\n<li>Wi-Fi<\/li>\n<\/ul>\n<\/li>\n<li>R\u00e9solution: 4K Ultra HD<\/li>\n<li>R\u00e9solution (px): 3840 x 2160 px<\/li>\n<\/ul>","protected":false},"excerpt":{"rendered":"<p>Si vous \u00eates passionn\u00e9 d&#8217;informatique et d&#8217;\u00e9lectronique, si vous \u00eates \u00e0 la pointe de la technologie et qu&#8217;aucun d\u00e9tail ne vous \u00e9chappe, achetez Webcam Poly A01KCAA#AC3 4K Ultra HD au meilleur prix. Le Poly Studio G62 est un syst\u00e8me de visioconf\u00e9rence personnel avanc\u00e9 con\u00e7u pour faciliter la communication et la collaboration jusqu\u2019\u00e0 10 personnes dans [&hellip;]<\/p>\n","protected":false},"featured_media":156997,"comment_status":"open","ping_status":"closed","template":"","meta":[],"product_brand":[1002],"product_cat":[65,581,607],"product_tag":[213,106],"class_list":{"0":"post-24825","1":"product","2":"type-product","3":"status-publish","4":"has-post-thumbnail","6":"product_brand-brandp_4768","7":"product_cat-informatique-electronique","8":"product_cat-informatique-peripheriques-et-consommables","9":"product_cat-webcam","10":"product_tag-tag_933","11":"product_tag-tag_1295","13":"first","14":"instock","15":"taxable","16":"shipping-taxable","17":"purchasable","18":"product-type-simple"},"_links":{"self":[{"href":"https:\/\/bigbuy.tupique.com\/es\/wp-json\/wp\/v2\/product\/24825","targetHints":{"allow":["GET"]}}],"collection":[{"href":"https:\/\/bigbuy.tupique.com\/es\/wp-json\/wp\/v2\/product"}],"about":[{"href":"https:\/\/bigbuy.tupique.com\/es\/wp-json\/wp\/v2\/types\/product"}],"replies":[{"embeddable":true,"href":"https:\/\/bigbuy.tupique.com\/es\/wp-json\/wp\/v2\/comments?post=24825"}],"wp:featuredmedia":[{"embeddable":true,"href":"https:\/\/bigbuy.tupique.com\/es\/wp-json\/wp\/v2\/media\/156997"}],"wp:attachment":[{"href":"https:\/\/bigbuy.tupique.com\/es\/wp-json\/wp\/v2\/media?parent=24825"}],"wp:term":[{"taxonomy":"product_brand","embeddable":true,"href":"https:\/\/bigbuy.tupique.com\/es\/wp-json\/wp\/v2\/product_brand?post=24825"},{"taxonomy":"product_cat","embeddable":true,"href":"https:\/\/bigbuy.tupique.com\/es\/wp-json\/wp\/v2\/product_cat?post=24825"},{"taxonomy":"product_tag","embeddable":true,"href":"https:\/\/bigbuy.tupique.com\/es\/wp-json\/wp\/v2\/product_tag?post=24825"}],"curies":[{"name":"wp","href":"https:\/\/api.w.org\/{rel}","templated":true}]}}