{"id":24790,"date":"2026-03-29T20:50:49","date_gmt":"2026-03-29T19:50:49","guid":{"rendered":"https:\/\/bigbuy.tupique.com\/produto\/screen-table-support-neomounts-fl50-575wh1-110\/"},"modified":"2026-04-15T03:32:54","modified_gmt":"2026-04-15T02:32:54","slug":"screen-table-support-neomounts-fl50-575wh1-110","status":"publish","type":"product","link":"https:\/\/bigbuy.tupique.com\/es\/produto\/screen-table-support-neomounts-fl50-575wh1-110\/","title":{"rendered":"Support de table d&#8217;\u00e9cran Neomounts FL50-575WH1 110&#8243;"},"content":{"rendered":"<p>Si vous \u00eates passionn\u00e9 d&#8217;<b>informatique et d&#8217;\u00e9lectronique<\/b>, si vous \u00eates \u00e0 la pointe de la technologie et qu&#8217;aucun d\u00e9tail ne vous \u00e9chappe, achetez <b>Support de table d&#8217;\u00e9cran Neomounts FL50-575WH1 110&#8243;<\/b> au meilleur prix.<\/p>\n<ul>\n<li>Type: Support<\/li>\n<li>Couleur: Blanc<\/li>\n<li>Mati\u00e8re: Acier<\/li>\n<li>Caract\u00e9ristiques:\n<ul>\n<li>Hauteur r\u00e9glable<\/li>\n<li>4 roues pour facilit\u00e9 son d\u00e9placement<\/li>\n<li>R\u00e9glable<\/li>\n<\/ul>\n<\/li>\n<li>Ecran: 110&#8243;<\/li>\n<li>Pays \/ r\u00e9gion de fabrication: Chine<\/li>\n<li>roues: 4<\/li>\n<\/ul>","protected":false},"excerpt":{"rendered":"<p>Si vous \u00eates passionn\u00e9 d&#8217;informatique et d&#8217;\u00e9lectronique, si vous \u00eates \u00e0 la pointe de la technologie et qu&#8217;aucun d\u00e9tail ne vous \u00e9chappe, achetez Support de table d&#8217;\u00e9cran Neomounts FL50-575WH1 110&#8243; au meilleur prix. Type: Support Couleur: Blanc Mati\u00e8re: Acier Caract\u00e9ristiques: Hauteur r\u00e9glable 4 roues pour facilit\u00e9 son d\u00e9placement R\u00e9glable Ecran: 110&#8243; Pays \/ r\u00e9gion de [&hellip;]<\/p>\n","protected":false},"featured_media":24788,"comment_status":"open","ping_status":"closed","template":"","meta":[],"product_brand":[639],"product_cat":[65,581,586],"product_tag":[106],"class_list":{"0":"post-24790","1":"product","2":"type-product","3":"status-publish","4":"has-post-thumbnail","6":"product_brand-brandp_4772","7":"product_cat-informatique-electronique","8":"product_cat-informatique-peripheriques-et-consommables","9":"product_cat-supports-pour-ecrans","10":"product_tag-tag_1295","12":"first","13":"instock","14":"taxable","15":"shipping-taxable","16":"purchasable","17":"product-type-simple"},"_links":{"self":[{"href":"https:\/\/bigbuy.tupique.com\/es\/wp-json\/wp\/v2\/product\/24790","targetHints":{"allow":["GET"]}}],"collection":[{"href":"https:\/\/bigbuy.tupique.com\/es\/wp-json\/wp\/v2\/product"}],"about":[{"href":"https:\/\/bigbuy.tupique.com\/es\/wp-json\/wp\/v2\/types\/product"}],"replies":[{"embeddable":true,"href":"https:\/\/bigbuy.tupique.com\/es\/wp-json\/wp\/v2\/comments?post=24790"}],"wp:featuredmedia":[{"embeddable":true,"href":"https:\/\/bigbuy.tupique.com\/es\/wp-json\/wp\/v2\/media\/24788"}],"wp:attachment":[{"href":"https:\/\/bigbuy.tupique.com\/es\/wp-json\/wp\/v2\/media?parent=24790"}],"wp:term":[{"taxonomy":"product_brand","embeddable":true,"href":"https:\/\/bigbuy.tupique.com\/es\/wp-json\/wp\/v2\/product_brand?post=24790"},{"taxonomy":"product_cat","embeddable":true,"href":"https:\/\/bigbuy.tupique.com\/es\/wp-json\/wp\/v2\/product_cat?post=24790"},{"taxonomy":"product_tag","embeddable":true,"href":"https:\/\/bigbuy.tupique.com\/es\/wp-json\/wp\/v2\/product_tag?post=24790"}],"curies":[{"name":"wp","href":"https:\/\/api.w.org\/{rel}","templated":true}]}}