{"id":24778,"date":"2026-03-29T20:50:31","date_gmt":"2026-03-29T19:50:31","guid":{"rendered":"https:\/\/bigbuy.tupique.com\/produto\/motherboard-msi-mag-x870-tomahawk-wifi-amd-am5-amd\/"},"modified":"2026-05-11T20:01:11","modified_gmt":"2026-05-11T18:01:11","slug":"motherboard-msi-mag-x870-tomahawk-wifi-amd-am5-amd","status":"publish","type":"product","link":"https:\/\/bigbuy.tupique.com\/es\/produto\/motherboard-msi-mag-x870-tomahawk-wifi-amd-am5-amd\/","title":{"rendered":"Carte M\u00e8re MSI MAG X870 TOMAHAWK WIFI AMD AM5 AMD"},"content":{"rendered":"<p>Si vous \u00eates passionn\u00e9 d&#8217;<b>informatique et d&#8217;\u00e9lectronique<\/b>, si vous \u00eates \u00e0 la pointe de la technologie et qu&#8217;aucun d\u00e9tail ne vous \u00e9chappe, achetez <b>Carte M\u00e8re MSI MAG X870 TOMAHAWK WIFI AMD AM5 AMD<\/b> au meilleur prix.<\/p>\n<p>La <b>carte m\u00e8re MSI MAG X870 TOMAHAWK WIFI<\/b> est une solution avanc\u00e9e con\u00e7ue pour les utilisateurs recherchant une compatibilit\u00e9 et des performances optimales sur des syst\u00e8mes bas\u00e9s sur les processeurs AMD Ryzen s\u00e9rie 9000. Cette <b>carte m\u00e8re ATX<\/b> int\u00e8gre le moderne <b>chipset AMD X870<\/b> avec prise en charge du <b>socket AMD AM5<\/b>, garantissant la compatibilit\u00e9 avec les nouvelles g\u00e9n\u00e9rations de processeurs AMD et offrant une plateforme pr\u00eate pour les t\u00e2ches exigeantes, du gaming \u00e0 la cr\u00e9ation de contenu. Elle prend en charge la <b>m\u00e9moire DDR5 SDRAM<\/b>, offrant plus de vitesse et d\u2019efficacit\u00e9 \u00e9nerg\u00e9tique par rapport aux g\u00e9n\u00e9rations pr\u00e9c\u00e9dentes. Elle se distingue par ses nombreuses options de connectivit\u00e9, incluant le <b>Wi-Fi 7<\/b> pour des connexions sans fil ultra-rapides et stables, ainsi que le <b>Bluetooth<\/b> int\u00e9gr\u00e9, facilitant la connexion aux p\u00e9riph\u00e9riques modernes. C\u00f4t\u00e9 r\u00e9seau, elle dispose d\u2019un <b>5G LAN<\/b> assurant des communications filaires rapides et \u00e0 faible latence. Pour les connexions vid\u00e9o, elle comprend un port <b>HDMI<\/b> permettant de connecter moniteurs ou t\u00e9l\u00e9viseurs sans adaptateurs suppl\u00e9mentaires. Elle offre \u00e9galement des ports USB avec des vitesses de transfert allant jusqu\u2019\u00e0 <b>40 Gb\/s<\/b> et prend en charge les technologies de derni\u00e8re g\u00e9n\u00e9ration comme le <b>PCIe 5.0<\/b>, maximisant les performances des cartes graphiques et des dispositifs de stockage compatibles. Son design noir au format ATX offre un \u00e9quilibre parfait entre espace et fonctionnalit\u00e9 pour les montages personnalis\u00e9s ou les mises \u00e0 jour avanc\u00e9es. En r\u00e9sum\u00e9, la MSI MAG X870 TOMAHAWK WIFI est une carte m\u00e8re robuste et compl\u00e8te, pr\u00eate \u00e0 exploiter pleinement les technologies mat\u00e9rielles AMD actuelles, id\u00e9ale pour les utilisateurs cherchant une base solide et polyvalente pour leurs syst\u00e8mes haute performance.<\/p>\n<ul>\n<li>Processeur: AMD<\/li>\n<li>Chipset:\n<ul>\n<li>AMD AM5<\/li>\n<li>AMD<\/li>\n<\/ul>\n<\/li>\n<li>Type:\n<ul>\n<li>Carte M\u00e8re<\/li>\n<li>ATX<\/li>\n<\/ul>\n<\/li>\n<li>Couleur: Noir<\/li>\n<li>Connectivit\u00e9:\n<ul>\n<li>Bluetooth<\/li>\n<li>Wi-Fi<\/li>\n<\/ul>\n<\/li>\n<li>Facteur de forme: ATX<\/li>\n<li>Interface: Gigabit Ethernet<\/li>\n<li>Nombre d&#8217;emplacements m\u00e9moire: 4<\/li>\n<li>Haut-parleurs: 7.1<\/li>\n<li>Connexions:\n<ul>\n<li>HDMI x 1<\/li>\n<li>DisplayPort x 2<\/li>\n<li>Microphone<\/li>\n<li>USB 2.0 x 4<\/li>\n<li>Ethernet LAN<\/li>\n<li>SATA x 4<\/li>\n<li>DIMM<\/li>\n<li>2 x USB 3.2 Gen 2 (3.1 Gen 2)<\/li>\n<li>PCI Express x16 2.0<\/li>\n<li>RJ45 x 1<\/li>\n<\/ul>\n<\/li>\n<li>Compatible:\n<ul>\n<li>HDD\/SSD<\/li>\n<li>PC<\/li>\n<\/ul>\n<\/li>\n<li>Connecteurs: SATA x 4<\/li>\n<li>M\u00e9moire interne: 256 GB<\/li>\n<li>Socket: AMD AM5<\/li>\n<li>Type de m\u00e9moire: DDR5<\/li>\n<li>Famille de processeurs: AMD<\/li>\n<\/ul>","protected":false},"excerpt":{"rendered":"<p>Si vous \u00eates passionn\u00e9 d&#8217;informatique et d&#8217;\u00e9lectronique, si vous \u00eates \u00e0 la pointe de la technologie et qu&#8217;aucun d\u00e9tail ne vous \u00e9chappe, achetez Carte M\u00e8re MSI MAG X870 TOMAHAWK WIFI AMD AM5 AMD au meilleur prix. La carte m\u00e8re MSI MAG X870 TOMAHAWK WIFI est une solution avanc\u00e9e con\u00e7ue pour les utilisateurs recherchant une compatibilit\u00e9 [&hellip;]<\/p>\n","protected":false},"featured_media":24774,"comment_status":"open","ping_status":"closed","template":"","meta":[],"product_brand":[975],"product_cat":[736,65,584],"product_tag":[59,106],"class_list":{"0":"post-24778","1":"product","2":"type-product","3":"status-publish","4":"has-post-thumbnail","6":"product_brand-brandp_565","7":"product_cat-cartes-meres","8":"product_cat-informatique-electronique","9":"product_cat-informatique-reseaux-et-composants","10":"product_tag-tag_1304","11":"product_tag-tag_1295","13":"first","14":"instock","15":"taxable","16":"shipping-taxable","17":"purchasable","18":"product-type-simple"},"_links":{"self":[{"href":"https:\/\/bigbuy.tupique.com\/es\/wp-json\/wp\/v2\/product\/24778","targetHints":{"allow":["GET"]}}],"collection":[{"href":"https:\/\/bigbuy.tupique.com\/es\/wp-json\/wp\/v2\/product"}],"about":[{"href":"https:\/\/bigbuy.tupique.com\/es\/wp-json\/wp\/v2\/types\/product"}],"replies":[{"embeddable":true,"href":"https:\/\/bigbuy.tupique.com\/es\/wp-json\/wp\/v2\/comments?post=24778"}],"wp:featuredmedia":[{"embeddable":true,"href":"https:\/\/bigbuy.tupique.com\/es\/wp-json\/wp\/v2\/media\/24774"}],"wp:attachment":[{"href":"https:\/\/bigbuy.tupique.com\/es\/wp-json\/wp\/v2\/media?parent=24778"}],"wp:term":[{"taxonomy":"product_brand","embeddable":true,"href":"https:\/\/bigbuy.tupique.com\/es\/wp-json\/wp\/v2\/product_brand?post=24778"},{"taxonomy":"product_cat","embeddable":true,"href":"https:\/\/bigbuy.tupique.com\/es\/wp-json\/wp\/v2\/product_cat?post=24778"},{"taxonomy":"product_tag","embeddable":true,"href":"https:\/\/bigbuy.tupique.com\/es\/wp-json\/wp\/v2\/product_tag?post=24778"}],"curies":[{"name":"wp","href":"https:\/\/api.w.org\/{rel}","templated":true}]}}