{"id":24710,"date":"2026-03-29T20:48:39","date_gmt":"2026-03-29T19:48:39","guid":{"rendered":"https:\/\/bigbuy.tupique.com\/produto\/tablet-samsung-sm-x306bzgeeee-8-octa-core-8-gb-ram-256-gb-green\/"},"modified":"2026-05-11T19:55:24","modified_gmt":"2026-05-11T17:55:24","slug":"tablet-samsung-sm-x306bzgeeee-8-octa-core-8-gb-ram-256-gb-green","status":"publish","type":"product","link":"https:\/\/bigbuy.tupique.com\/es\/produto\/tablet-samsung-sm-x306bzgeeee-8-octa-core-8-gb-ram-256-gb-green\/","title":{"rendered":"Tablette Samsung SM-X306BZGEEEE 8&#8243; Octa Core 8 GB RAM 256 GB Vert"},"content":{"rendered":"<p>Si vous \u00eates passionn\u00e9 d&#8217;<b>informatique et d&#8217;\u00e9lectronique<\/b>, si vous \u00eates \u00e0 la pointe de la technologie et qu&#8217;aucun d\u00e9tail ne vous \u00e9chappe, achetez <b>Tablette Samsung SM-X306BZGEEEE 8&#8243; Octa Core 8 GB RAM 256 GB Vert<\/b> au meilleur prix.<\/p>\n<p>La <b>Samsung Galaxy Tab Active5 5G Enterprise Edition<\/b> est une <b>tablette<\/b> robuste et polyvalente, con\u00e7ue pour offrir haute performance et r\u00e9sistance en environnements professionnels exigeants. Elle dispose d\u2019un \u00e9cran tactile de <b>8 pouces<\/b> offrant des images d\u00e9taill\u00e9es gr\u00e2ce \u00e0 une luminosit\u00e9 am\u00e9lior\u00e9e de <b>600 nits<\/b>, un taux de rafra\u00eechissement fluide de <b>120 Hz<\/b> et la technologie Vision Booster pour une visibilit\u00e9 optimale m\u00eame en ext\u00e9rieur. \u00c9quip\u00e9e de <b>8 Go de RAM<\/b> et d\u2019une capacit\u00e9 de stockage interne de <b>256 Go<\/b>, elle supporte une extension jusqu\u2019\u00e0 1 To externe, garantissant un espace suffisant pour g\u00e9rer rapidement et efficacement applications et fichiers lourds, gr\u00e2ce \u00e0 un processeur <b>Octa-core<\/b> puissant. Sa connectivit\u00e9 avanc\u00e9e inclut le <b>5G (Sub6)<\/b>, le <b>Wi-Fi 6<\/b> et une fonctionnalit\u00e9 Dual SIM pour assurer des connexions rapides et stables en toute situation professionnelle. Le design de cette tablette est certifi\u00e9 selon la norme <b>MIL-STD-810H<\/b> pour r\u00e9sister aux conditions extr\u00eames et b\u00e9n\u00e9ficie de la certification <b>IP68<\/b> la rendant \u00e9tanche \u00e0 l\u2019eau et \u00e0 la poussi\u00e8re, tout en \u00e9tant s\u00e9curis\u00e9e pour un nettoyage aux d\u00e9sinfectants et prot\u00e9g\u00e9e contre les chutes accidentelles. Elle int\u00e8gre une batterie rempla\u00e7able de <b>5 050 mAh<\/b> offrant une utilisation prolong\u00e9e, avec un mode sans batterie qui maintient l\u2019appareil allum\u00e9 lorsqu\u2019il est connect\u00e9 directement \u00e0 une source d\u2019alimentation. Pour faciliter le travail en mobilit\u00e9, elle inclut un <b>S Pen<\/b> r\u00e9sistant \u00e0 l\u2019eau et \u00e0 la poussi\u00e8re, sensible et pr\u00e9cis m\u00eame avec des gants, utile dans des secteurs comme la logistique ou la sant\u00e9. La s\u00e9curit\u00e9 et la maintenance sont assur\u00e9es par jusqu\u2019\u00e0 quatre g\u00e9n\u00e9rations de mises \u00e0 jour du syst\u00e8me d\u2019exploitation et cinq ans de correctifs de s\u00e9curit\u00e9 via Samsung Knox. Avec connectivit\u00e9 Bluetooth et Wi-Fi, la tablette est disponible en finition <b>verte<\/b> r\u00e9sistante et ergonomique, adapt\u00e9e \u00e0 une utilisation manuelle intensive en milieu professionnel. En r\u00e9sum\u00e9, cette tablette repr\u00e9sente une solution technologique fiable, performante et durable pour les environnements professionnels n\u00e9cessitant mobilit\u00e9 et robustesse.<\/p>\n<ul>\n<li>Syst\u00e8me d&#8217;exploitation:\n<ul>\n<li>Android 14<\/li>\n<li>Android<\/li>\n<\/ul>\n<\/li>\n<li>M\u00e9moire interne: 256 GB<\/li>\n<li>vitesse:\n<ul>\n<li>2,4 GHz<\/li>\n<li>2.4 GHz<\/li>\n<\/ul>\n<\/li>\n<li>Caract\u00e9ristiques:\n<ul>\n<li>Lecteur d&#8217;empreintes<\/li>\n<li>Gorilla Glass<\/li>\n<li>Lecteur de carte \u00e0 m\u00e9moire<\/li>\n<li>R\u00e9sistant \u00e0 la poussi\u00e8re<\/li>\n<li>Reconnaissance faciale<\/li>\n<li>Cam\u00e9ra frontale<\/li>\n<li>R\u00e9sistant \u00e0 l&#8217;eau<\/li>\n<li>R\u00e9sistant \u00e0 l&#8217;eau et \u00e0 la poussi\u00e8re<\/li>\n<li>Microphone int\u00e9gr\u00e9<\/li>\n<li>Autofocus<\/li>\n<li>Pile incluse<\/li>\n<li>Lecteur de Cartes<\/li>\n<li>Connexion au r\u00e9seau mobile<\/li>\n<li>\u00c9cran avec coins arrondis<\/li>\n<\/ul>\n<\/li>\n<li>Technologie: TFT<\/li>\n<li>Cartes M\u00e9moire Compatibles: MicroSD (TransFlash)<\/li>\n<li>Inclut:\n<ul>\n<li>\u00c9tui<\/li>\n<li>Adaptateur AC<\/li>\n<li>Crayon tactile<\/li>\n<\/ul>\n<\/li>\n<li>Acc\u00e9l\u00e9rom\u00e8tre: Oui<\/li>\n<li>Connectivit\u00e9:\n<ul>\n<li>Fonction de GPS assist\u00e9e (A-GPS)<\/li>\n<li>Wi-Fi 5 GHz<\/li>\n<li>Wi-Fi 6 GHz<\/li>\n<li>Bluetooth 5.3<\/li>\n<li>GPS<\/li>\n<li>Wi-Fi<\/li>\n<li>Bluetooth<\/li>\n<li>Glonass<\/li>\n<li>Galileo<\/li>\n<li>5G<\/li>\n<li>NFC<\/li>\n<li>4G LTE<\/li>\n<li>BeiDou<\/li>\n<\/ul>\n<\/li>\n<li>Brille: 600 cd\/m\u00b2<\/li>\n<li>Taille maximale de la carte m\u00e9moire: 1 TB<\/li>\n<li>Noyaux: 8 Noyaux<\/li>\n<li>Long: 1 cm<\/li>\n<li>Processeur:\n<ul>\n<li>Exynos 1380<\/li>\n<li>Octa Core<\/li>\n<\/ul>\n<\/li>\n<li>Certificat: MIL-STD-810H<\/li>\n<li>Diagonale de l&#8217;\u00e9cran (cm): 20,3 cm<\/li>\n<li>R\u00e9solution (px):\n<ul>\n<li>1920 x 1200 px<\/li>\n<li>3840 x 2160 px<\/li>\n<li>2160 px<\/li>\n<\/ul>\n<\/li>\n<li>Capacit\u00e9 de la batterie: 5050 mAh<\/li>\n<li>Gyroscope: Oui<\/li>\n<li>R\u00e9solution: WUXGA<\/li>\n<li>Rapport d&#8217;aspect: 16:10<\/li>\n<li>Connexions:\n<ul>\n<li>USB-C<\/li>\n<li>Jack 3.5 mm<\/li>\n<li>USB-C 2.0<\/li>\n<\/ul>\n<\/li>\n<li>Couleur: Vert<\/li>\n<li>Capteurs: Magn\u00e9tom\u00e8tre<\/li>\n<li>Classification IP: IP68<\/li>\n<li>Type: Tablette<\/li>\n<li>Ecran: 8&#8243;<\/li>\n<li>M\u00e9moire RAM: 8 GB RAM<\/li>\n<li>Produit \u00e0 brancher: Oui<\/li>\n<li>Type de prise: Prise EU<\/li>\n<li>Bloc d\u2019Alimentation: r\u00e9seau \u00e9lectrique<\/li>\n<li>Cam\u00e9ra\/Appareil Photo:\n<ul>\n<li>5 Mpx<\/li>\n<li>13 mpx<\/li>\n<li>5 Mp<\/li>\n<li>13 MP<\/li>\n<li>Arri\u00e8re<\/li>\n<\/ul>\n<\/li>\n<li>Fonctions: Acc\u00e9l\u00e9rom\u00e8tre<\/li>\n<li>Non Inclus: Adaptateur AC<\/li>\n<li>Ouverture: f\/1,9<\/li>\n<li>Type de stockage: Flash<\/li>\n<\/ul>","protected":false},"excerpt":{"rendered":"<p>Si vous \u00eates passionn\u00e9 d&#8217;informatique et d&#8217;\u00e9lectronique, si vous \u00eates \u00e0 la pointe de la technologie et qu&#8217;aucun d\u00e9tail ne vous \u00e9chappe, achetez Tablette Samsung SM-X306BZGEEEE 8&#8243; Octa Core 8 GB RAM 256 GB Vert au meilleur prix. La Samsung Galaxy Tab Active5 5G Enterprise Edition est une tablette robuste et polyvalente, con\u00e7ue pour offrir [&hellip;]<\/p>\n","protected":false},"featured_media":24708,"comment_status":"open","ping_status":"closed","template":"","meta":[],"product_brand":[183],"product_cat":[575,65,1052],"product_tag":[566,106],"class_list":{"0":"post-24710","1":"product","2":"type-product","3":"status-publish","4":"has-post-thumbnail","6":"product_brand-brandp_576","7":"product_cat-electronique-telephonie-et-tablettes","8":"product_cat-informatique-electronique","9":"product_cat-tablettes","10":"product_tag-tag_547","11":"product_tag-tag_1295","13":"first","14":"instock","15":"taxable","16":"shipping-taxable","17":"purchasable","18":"product-type-simple"},"_links":{"self":[{"href":"https:\/\/bigbuy.tupique.com\/es\/wp-json\/wp\/v2\/product\/24710","targetHints":{"allow":["GET"]}}],"collection":[{"href":"https:\/\/bigbuy.tupique.com\/es\/wp-json\/wp\/v2\/product"}],"about":[{"href":"https:\/\/bigbuy.tupique.com\/es\/wp-json\/wp\/v2\/types\/product"}],"replies":[{"embeddable":true,"href":"https:\/\/bigbuy.tupique.com\/es\/wp-json\/wp\/v2\/comments?post=24710"}],"wp:featuredmedia":[{"embeddable":true,"href":"https:\/\/bigbuy.tupique.com\/es\/wp-json\/wp\/v2\/media\/24708"}],"wp:attachment":[{"href":"https:\/\/bigbuy.tupique.com\/es\/wp-json\/wp\/v2\/media?parent=24710"}],"wp:term":[{"taxonomy":"product_brand","embeddable":true,"href":"https:\/\/bigbuy.tupique.com\/es\/wp-json\/wp\/v2\/product_brand?post=24710"},{"taxonomy":"product_cat","embeddable":true,"href":"https:\/\/bigbuy.tupique.com\/es\/wp-json\/wp\/v2\/product_cat?post=24710"},{"taxonomy":"product_tag","embeddable":true,"href":"https:\/\/bigbuy.tupique.com\/es\/wp-json\/wp\/v2\/product_tag?post=24710"}],"curies":[{"name":"wp","href":"https:\/\/api.w.org\/{rel}","templated":true}]}}