{"id":24627,"date":"2026-03-29T20:46:28","date_gmt":"2026-03-29T19:46:28","guid":{"rendered":"https:\/\/bigbuy.tupique.com\/produto\/lawn-mower-bosch-36v-40-650-2\/"},"modified":"2026-04-16T16:32:24","modified_gmt":"2026-04-16T15:32:24","slug":"lawn-mower-bosch-36v-40-650-2","status":"publish","type":"product","link":"https:\/\/bigbuy.tupique.com\/es\/produto\/lawn-mower-bosch-36v-40-650-2\/","title":{"rendered":"Tondeuse \u00e0 gazon BOSCH 36V-40-650"},"content":{"rendered":"<p>Si vous aimez prendre soin de chaque d\u00e9tail de votre maison et d&#8217;\u00eatre \u00e0 la derni\u00e8re mode en mati\u00e8re de produits qui vous rendront la vie plus facile, achetez <b>Tondeuse \u00e0 gazon BOSCH 36V-40-650<\/b> au meilleur prix.<\/p>\n<p>La <b>tondeuse sans fil 36V-40-650<\/b> de BOSCH est un outil de jardinage con\u00e7u pour offrir autonomie et efficacit\u00e9 dans l\u2019entretien des espaces verts. Ce mod\u00e8le fonctionne avec un syst\u00e8me d\u2019alimentation par batterie de <b>36 V<\/b>, \u00e9liminant ainsi le besoin de c\u00e2bles et offrant une plus grande libert\u00e9 de mouvement pendant son utilisation. Son design en <b>couleur verte<\/b> est caract\u00e9ristique et permet une int\u00e9gration harmonieuse dans tout environnement naturel. Elle dispose d\u2019une <b>capacit\u00e9 de collecte de 50 litres<\/b>, facilitant l\u2019accumulation et l\u2019\u00e9limination ult\u00e9rieure de l\u2019herbe coup\u00e9e, r\u00e9duisant la fr\u00e9quence de vidage du bac et am\u00e9liorant la productivit\u00e9. De plus, elle se distingue par un <b>indice de r\u00e9parabilit\u00e9 de 9,3<\/b>, un score \u00e9lev\u00e9 qui indique la facilit\u00e9 et la disponibilit\u00e9 des op\u00e9rations de maintenance et de r\u00e9paration, prolongeant la dur\u00e9e de vie de l\u2019appareil et favorisant un investissement durable. Sa maniabilit\u00e9 et sa fonctionnalit\u00e9 rendent cette tondeuse adapt\u00e9e tant aux jardins de taille moyenne qu\u2019aux utilisateurs recherchant un outil pratique et fiable sans les contraintes d\u2019un moteur \u00e9lectrique filaire. L\u2019association de la technologie sans fil, d\u2019une capacit\u00e9 de collecte g\u00e9n\u00e9reuse et de la r\u00e9putation de BOSCH offre une solution \u00e9quilibr\u00e9e pour ceux qui appr\u00e9cient un entretien efficace et confortable du gazon. Cette tondeuse repr\u00e9sente un \u00e9quilibre attractif entre performance, autonomie et facilit\u00e9 d\u2019entretien pour l\u2019utilisateur domestique exigeant.<\/p>","protected":false},"excerpt":{"rendered":"<p><span class=\"unit-info\">11.4398 &euro; \/ 1 l<\/span><\/p>","protected":false},"featured_media":24625,"comment_status":"open","ping_status":"closed","template":"","meta":[],"product_brand":[162],"product_cat":[613,239],"product_tag":[59,210],"class_list":{"0":"post-24627","1":"product","2":"type-product","3":"status-publish","4":"has-post-thumbnail","6":"product_brand-brandp_959","7":"product_cat-bricolage-et-materiel","8":"product_cat-maison-jardin","9":"product_tag-tag_1304","10":"product_tag-tag_25","12":"first","13":"instock","14":"taxable","15":"shipping-taxable","16":"purchasable","17":"product-type-simple"},"_links":{"self":[{"href":"https:\/\/bigbuy.tupique.com\/es\/wp-json\/wp\/v2\/product\/24627","targetHints":{"allow":["GET"]}}],"collection":[{"href":"https:\/\/bigbuy.tupique.com\/es\/wp-json\/wp\/v2\/product"}],"about":[{"href":"https:\/\/bigbuy.tupique.com\/es\/wp-json\/wp\/v2\/types\/product"}],"replies":[{"embeddable":true,"href":"https:\/\/bigbuy.tupique.com\/es\/wp-json\/wp\/v2\/comments?post=24627"}],"wp:featuredmedia":[{"embeddable":true,"href":"https:\/\/bigbuy.tupique.com\/es\/wp-json\/wp\/v2\/media\/24625"}],"wp:attachment":[{"href":"https:\/\/bigbuy.tupique.com\/es\/wp-json\/wp\/v2\/media?parent=24627"}],"wp:term":[{"taxonomy":"product_brand","embeddable":true,"href":"https:\/\/bigbuy.tupique.com\/es\/wp-json\/wp\/v2\/product_brand?post=24627"},{"taxonomy":"product_cat","embeddable":true,"href":"https:\/\/bigbuy.tupique.com\/es\/wp-json\/wp\/v2\/product_cat?post=24627"},{"taxonomy":"product_tag","embeddable":true,"href":"https:\/\/bigbuy.tupique.com\/es\/wp-json\/wp\/v2\/product_tag?post=24627"}],"curies":[{"name":"wp","href":"https:\/\/api.w.org\/{rel}","templated":true}]}}