{"id":24608,"date":"2026-03-29T20:46:01","date_gmt":"2026-03-29T19:46:01","guid":{"rendered":"https:\/\/bigbuy.tupique.com\/produto\/motherboard-asus-maximus-z890-extreme\/"},"modified":"2026-04-16T16:17:13","modified_gmt":"2026-04-16T15:17:13","slug":"motherboard-asus-maximus-z890-extreme","status":"publish","type":"product","link":"https:\/\/bigbuy.tupique.com\/es\/produto\/motherboard-asus-maximus-z890-extreme\/","title":{"rendered":"Carte M\u00e8re Asus MAXIMUS Z890 EXTREME"},"content":{"rendered":"<p>Si vous \u00eates passionn\u00e9 d&#8217;<b>informatique et d&#8217;\u00e9lectronique<\/b>, si vous \u00eates \u00e0 la pointe de la technologie et qu&#8217;aucun d\u00e9tail ne vous \u00e9chappe, achetez <b>Carte M\u00e8re Asus MAXIMUS Z890 EXTREME<\/b> au meilleur prix.<\/p>\n<p>La <b>ASUS MAXIMUS Z890 EXTREME<\/b> est une <b>carte m\u00e8re<\/b> hautes performances con\u00e7ue pour les utilisateurs exigeants et passionn\u00e9s d\u2019informatique, n\u00e9cessitant une plateforme robuste et avanc\u00e9e pour monter des syst\u00e8mes de derni\u00e8re g\u00e9n\u00e9ration. Cette carte m\u00e8re int\u00e8gre le chipset <b>Intel Z890<\/b>, un \u00e9l\u00e9ment cl\u00e9 compatible avec les processeurs au socket <b>LGA 1851<\/b>, garantissant la prise en charge des CPU Intel les plus r\u00e9cents. Son format <b>E-ATX<\/b> est plus grand que le standard ATX, offrant plus d\u2019espace pour des composants suppl\u00e9mentaires, une meilleure dissipation thermique et une organisation optimis\u00e9e des circuits. C\u00f4t\u00e9 connectivit\u00e9, elle propose des options modernes et polyvalentes, avec notamment un connecteur <b>HDMI<\/b> pour la sortie vid\u00e9o, ainsi que plusieurs ports USB, dont <b>2 ports USB 2.0<\/b>, facilitant la connexion de p\u00e9riph\u00e9riques basiques et d\u2019appareils externes. Elle int\u00e8gre aussi des technologies sans fil telles que le <b>Bluetooth et le Wi-Fi<\/b>, favorisant la communication sans c\u00e2ble et l\u2019int\u00e9gration dans les r\u00e9seaux domestiques ou professionnels sans adaptateurs externes. Elle supporte une configuration audio surround <b>7.1<\/b>, assurant une exp\u00e9rience sonore de qualit\u00e9 pour le gaming, le multim\u00e9dia ou la production audiovisuelle. Sa finition en ton <b>noir<\/b> lui conf\u00e8re un aspect \u00e9l\u00e9gant et sobre, typique des mod\u00e8les premium de la s\u00e9rie MAXIMUS d\u2019Asus, reconnue pour sa fiabilit\u00e9 et ses performances. Cette carte m\u00e8re s\u2019adresse aux utilisateurs souhaitant construire un PC puissant et \u00e9quip\u00e9 pour des t\u00e2ches exigeantes, incluant jeux de derni\u00e8re g\u00e9n\u00e9ration, montage multim\u00e9dia avanc\u00e9 ou d\u00e9veloppement technologique. En r\u00e9sum\u00e9, la MAXIMUS Z890 EXTREME d\u2019Asus est une plateforme solide et compl\u00e8te r\u00e9pondant aux attentes des professionnels et passionn\u00e9s recherchant la derni\u00e8re technologie et stabilit\u00e9 pour leur \u00e9quipement.<\/p>\n<ul>\n<li>Facteur de forme: E-ATX<\/li>\n<li>Socket: LGA 1851<\/li>\n<li>Chipset: Intel Z890<\/li>\n<li>Type:\n<ul>\n<li>Carte M\u00e8re<\/li>\n<li>ATX<\/li>\n<li>UEFI<\/li>\n<\/ul>\n<\/li>\n<li>Couleur: Noir<\/li>\n<li>Connectivit\u00e9:\n<ul>\n<li>Bluetooth<\/li>\n<li>Wi-Fi<\/li>\n<\/ul>\n<\/li>\n<li>Nombre d&#8217;emplacements m\u00e9moire: 4<\/li>\n<li>Haut-parleurs: 7.1<\/li>\n<li>Connexions:\n<ul>\n<li>HDMI x 1<\/li>\n<li>2 x USB 2.0<\/li>\n<li>Microphone<\/li>\n<li>Ethernet LAN<\/li>\n<li>SATA x 4<\/li>\n<li>DIMM<\/li>\n<li>PCI Express x16 2.0<\/li>\n<li>HDMI x 2<\/li>\n<li>USB 3.2 x 1<\/li>\n<\/ul>\n<\/li>\n<li>Compatible:\n<ul>\n<li>HDD\/SSD<\/li>\n<li>PC<\/li>\n<\/ul>\n<\/li>\n<li>2 Ports: Ethernet<\/li>\n<li>Largeur: 30,5 cm<\/li>\n<li>Type de m\u00e9moire: DDR5<\/li>\n<li>Famille de processeurs: Intel<\/li>\n<\/ul>","protected":false},"excerpt":{"rendered":"<p>Si vous \u00eates passionn\u00e9 d&#8217;informatique et d&#8217;\u00e9lectronique, si vous \u00eates \u00e0 la pointe de la technologie et qu&#8217;aucun d\u00e9tail ne vous \u00e9chappe, achetez Carte M\u00e8re Asus MAXIMUS Z890 EXTREME au meilleur prix. La ASUS MAXIMUS Z890 EXTREME est une carte m\u00e8re hautes performances con\u00e7ue pour les utilisateurs exigeants et passionn\u00e9s d\u2019informatique, n\u00e9cessitant une plateforme robuste [&hellip;]<\/p>\n","protected":false},"featured_media":24603,"comment_status":"open","ping_status":"closed","template":"","meta":[],"product_brand":[798],"product_cat":[736,65,584],"product_tag":[59,106],"class_list":{"0":"post-24608","1":"product","2":"type-product","3":"status-publish","4":"has-post-thumbnail","6":"product_brand-brandp_536","7":"product_cat-cartes-meres","8":"product_cat-informatique-electronique","9":"product_cat-informatique-reseaux-et-composants","10":"product_tag-tag_1304","11":"product_tag-tag_1295","13":"first","14":"instock","15":"taxable","16":"shipping-taxable","17":"purchasable","18":"product-type-simple"},"_links":{"self":[{"href":"https:\/\/bigbuy.tupique.com\/es\/wp-json\/wp\/v2\/product\/24608","targetHints":{"allow":["GET"]}}],"collection":[{"href":"https:\/\/bigbuy.tupique.com\/es\/wp-json\/wp\/v2\/product"}],"about":[{"href":"https:\/\/bigbuy.tupique.com\/es\/wp-json\/wp\/v2\/types\/product"}],"replies":[{"embeddable":true,"href":"https:\/\/bigbuy.tupique.com\/es\/wp-json\/wp\/v2\/comments?post=24608"}],"wp:featuredmedia":[{"embeddable":true,"href":"https:\/\/bigbuy.tupique.com\/es\/wp-json\/wp\/v2\/media\/24603"}],"wp:attachment":[{"href":"https:\/\/bigbuy.tupique.com\/es\/wp-json\/wp\/v2\/media?parent=24608"}],"wp:term":[{"taxonomy":"product_brand","embeddable":true,"href":"https:\/\/bigbuy.tupique.com\/es\/wp-json\/wp\/v2\/product_brand?post=24608"},{"taxonomy":"product_cat","embeddable":true,"href":"https:\/\/bigbuy.tupique.com\/es\/wp-json\/wp\/v2\/product_cat?post=24608"},{"taxonomy":"product_tag","embeddable":true,"href":"https:\/\/bigbuy.tupique.com\/es\/wp-json\/wp\/v2\/product_tag?post=24608"}],"curies":[{"name":"wp","href":"https:\/\/api.w.org\/{rel}","templated":true}]}}