{"id":24505,"date":"2026-03-29T20:33:55","date_gmt":"2026-03-29T19:33:55","guid":{"rendered":"https:\/\/bigbuy.tupique.com\/produto\/switch-d-link-dgs-3130-54s-e\/"},"modified":"2026-05-11T19:59:25","modified_gmt":"2026-05-11T17:59:25","slug":"switch-d-link-dgs-3130-54s-e","status":"publish","type":"product","link":"https:\/\/bigbuy.tupique.com\/es\/produto\/switch-d-link-dgs-3130-54s-e\/","title":{"rendered":"Switch D-Link DGS-3130-54S\/E"},"content":{"rendered":"<p>Si vous \u00eates passionn\u00e9 d&#8217;<b>informatique et d&#8217;\u00e9lectronique<\/b>, si vous \u00eates \u00e0 la pointe de la technologie et qu&#8217;aucun d\u00e9tail ne vous \u00e9chappe, achetez <b>Switch D-Link DGS-3130-54S\/E<\/b> au meilleur prix.<\/p>\n<p>Le <b>DGS-3130-54S\/E<\/b> de <b>D-Link<\/b> est un <b>switch manageable de couche 3<\/b> con\u00e7u pour les environnements professionnels n\u00e9cessitant haute capacit\u00e9 et flexibilit\u00e9 dans les r\u00e9seaux avanc\u00e9s. Cet appareil offre une connectivit\u00e9 polyvalente avec <b>54 ports RJ45 Ethernet<\/b>, dont <b>2 ports Ethernet 10G<\/b> supportant des vitesses de 100 Mbps, 1 Gbps et 10 Gbps, id\u00e9aux pour les connexions backbone ou les liaisons \u00e0 haute vitesse au sein de l\u2019infrastructure r\u00e9seau. Il dispose \u00e9galement d\u2019un <b>port USB 2.0<\/b> pour les t\u00e2ches de configuration et maintenance. Sa <b>capacit\u00e9 de commutation de 216 Gbit\/s<\/b> garantit une performance solide pour g\u00e9rer de gros volumes de trafic, tandis que sa table d\u2019adresses MAC supporte jusqu\u2019\u00e0 <b>16 384 entr\u00e9es<\/b>, facilitant une gestion efficace des \u00e9quipements connect\u00e9s. Compatible avec plusieurs normes r\u00e9seau telles que <b>IEEE 802.1D, 802.1Q, 802.1p, 802.1s, 802.1v, 802.1w et 802.1x<\/b>, il permet d\u2019impl\u00e9menter des fonctions avanc\u00e9es de VLAN, qualit\u00e9 de service, redondance et s\u00e9curit\u00e9, s\u2019adaptant aux architectures r\u00e9seau complexes et dynamiques. Son bo\u00eetier robuste en <b>plastique gris<\/b> facilite l\u2019int\u00e9gration visuelle dans les environnements professionnels, et il est \u00e9quip\u00e9 d\u2019un <b>connecteur d\u2019alimentation AC-in<\/b> fonctionnant sur une plage universelle de <b>100-240 V<\/b>, compatible avec diff\u00e9rents syst\u00e8mes \u00e9lectriques. Le switch est pr\u00eat pour un montage en rack, simplifiant son organisation et maintenance dans les centres de donn\u00e9es ou salles de t\u00e9l\u00e9communications. En r\u00e9sum\u00e9, le <b>DGS-3130-54S\/E de D-Link<\/b> repr\u00e9sente une solution de commutation avanc\u00e9e offrant performance, polyvalence et \u00e9volutivit\u00e9 pour les r\u00e9seaux d\u2019entreprise exigeants en haute performance et gestion sp\u00e9cialis\u00e9e.<\/p>\n<ul>\n<li>Produit \u00e0 brancher: Oui<\/li>\n<li>Type de prise: Prise EU<\/li>\n<li>Type:\n<ul>\n<li>Switch<\/li>\n<li>Empilable<\/li>\n<\/ul>\n<\/li>\n<li>Bloc d\u2019Alimentation: r\u00e9seau \u00e9lectrique<\/li>\n<li>Couleur: Gris<\/li>\n<li>Connexions:\n<ul>\n<li>USB 2.0<\/li>\n<li>RJ45<\/li>\n<\/ul>\n<\/li>\n<li>Tension:\n<ul>\n<li>100-240 V<\/li>\n<li>100 &#8211; 240 V<\/li>\n<\/ul>\n<\/li>\n<li>Ventillateur: 4<\/li>\n<li>Fr\u00e9quence:\n<ul>\n<li>50-60 Hz<\/li>\n<li>50 &#8211; 60 Hz<\/li>\n<\/ul>\n<\/li>\n<li>Mati\u00e8re: Plastique<\/li>\n<li>Support: Multisupport<\/li>\n<li>N\u00b0 de rainures: 4<\/li>\n<li>Caract\u00e9ristiques: T\u00e9moin de fonctionnement LED<\/li>\n<li>Largeur: 44 cm<\/li>\n<li>Plage d&#8217;humidit\u00e9 de travail: 10 % &#8211; 90 %<\/li>\n<li>Temp\u00e9rature approximative: -40\u00ba \/ 70\u00ba<\/li>\n<li>S\u00e9curit\u00e9: IGMP<\/li>\n<\/ul>","protected":false},"excerpt":{"rendered":"<p>Si vous \u00eates passionn\u00e9 d&#8217;informatique et d&#8217;\u00e9lectronique, si vous \u00eates \u00e0 la pointe de la technologie et qu&#8217;aucun d\u00e9tail ne vous \u00e9chappe, achetez Switch D-Link DGS-3130-54S\/E au meilleur prix. Le DGS-3130-54S\/E de D-Link est un switch manageable de couche 3 con\u00e7u pour les environnements professionnels n\u00e9cessitant haute capacit\u00e9 et flexibilit\u00e9 dans les r\u00e9seaux avanc\u00e9s. Cet [&hellip;]<\/p>\n","protected":false},"featured_media":24501,"comment_status":"open","ping_status":"closed","template":"","meta":[],"product_brand":[640],"product_cat":[65,584,585],"product_tag":[106],"class_list":{"0":"post-24505","1":"product","2":"type-product","3":"status-publish","4":"has-post-thumbnail","6":"product_brand-brandp_543","7":"product_cat-informatique-electronique","8":"product_cat-informatique-reseaux-et-composants","9":"product_cat-switch","10":"product_tag-tag_1295","12":"first","13":"instock","14":"taxable","15":"shipping-taxable","16":"purchasable","17":"product-type-simple"},"_links":{"self":[{"href":"https:\/\/bigbuy.tupique.com\/es\/wp-json\/wp\/v2\/product\/24505","targetHints":{"allow":["GET"]}}],"collection":[{"href":"https:\/\/bigbuy.tupique.com\/es\/wp-json\/wp\/v2\/product"}],"about":[{"href":"https:\/\/bigbuy.tupique.com\/es\/wp-json\/wp\/v2\/types\/product"}],"replies":[{"embeddable":true,"href":"https:\/\/bigbuy.tupique.com\/es\/wp-json\/wp\/v2\/comments?post=24505"}],"wp:featuredmedia":[{"embeddable":true,"href":"https:\/\/bigbuy.tupique.com\/es\/wp-json\/wp\/v2\/media\/24501"}],"wp:attachment":[{"href":"https:\/\/bigbuy.tupique.com\/es\/wp-json\/wp\/v2\/media?parent=24505"}],"wp:term":[{"taxonomy":"product_brand","embeddable":true,"href":"https:\/\/bigbuy.tupique.com\/es\/wp-json\/wp\/v2\/product_brand?post=24505"},{"taxonomy":"product_cat","embeddable":true,"href":"https:\/\/bigbuy.tupique.com\/es\/wp-json\/wp\/v2\/product_cat?post=24505"},{"taxonomy":"product_tag","embeddable":true,"href":"https:\/\/bigbuy.tupique.com\/es\/wp-json\/wp\/v2\/product_tag?post=24505"}],"curies":[{"name":"wp","href":"https:\/\/api.w.org\/{rel}","templated":true}]}}