{"id":24489,"date":"2026-03-29T20:33:30","date_gmt":"2026-03-29T19:33:30","guid":{"rendered":"https:\/\/bigbuy.tupique.com\/produto\/switch-zyxel-xgs1935-52-eu0101f\/"},"modified":"2026-04-15T03:32:31","modified_gmt":"2026-04-15T02:32:31","slug":"switch-zyxel-xgs1935-52-eu0101f","status":"publish","type":"product","link":"https:\/\/bigbuy.tupique.com\/es\/produto\/switch-zyxel-xgs1935-52-eu0101f\/","title":{"rendered":"Switch ZyXEL XGS1935-52-EU0101F"},"content":{"rendered":"<p>Si vous \u00eates passionn\u00e9 d&#8217;<b>informatique et d&#8217;\u00e9lectronique<\/b>, si vous \u00eates \u00e0 la pointe de la technologie et qu&#8217;aucun d\u00e9tail ne vous \u00e9chappe, achetez <b>Switch ZyXEL XGS1935-52-EU0101F<\/b> au meilleur prix.<\/p>\n<p>Le <b>switch manageable Zyxel XGS1935-52-EU0101F<\/b> est un \u00e9quipement r\u00e9seau con\u00e7u pour les environnements professionnels n\u00e9cessitant une grande capacit\u00e9 de commutation et une gestion avanc\u00e9e. Il dispose de <b>48 ports Ethernet LAN RJ45 Gigabit<\/b> (10\/100\/1000 Mbps), permettant de connecter plusieurs appareils avec rapidit\u00e9 et stabilit\u00e9. Ce switch fonctionne en <b>couche L2+\/L3<\/b>, offrant des fonctions de couche 2 (commutation basique et avanc\u00e9e) et de couche 3 (routage simple), facilitant la segmentation et la gestion efficace du trafic dans les r\u00e9seaux d\u2019entreprise. Il poss\u00e8de une <b>table d\u2019adresses MAC pouvant contenir 16 000 entr\u00e9es<\/b>, assurant une gestion pr\u00e9cise des connexions dans des environnements \u00e0 forte densit\u00e9 d\u2019appareils. Sa capacit\u00e9 de commutation atteint <b>176 Gbit\/s<\/b>, garantissant un flux de donn\u00e9es rapide sans goulots d\u2019\u00e9tranglement. Concernant les normes, il supporte plusieurs protocoles essentiels tels que IEEE 802.1D, 802.1p, 802.1s, 802.1w, 802.1x et 802.3ab, assurant interop\u00e9rabilit\u00e9, qualit\u00e9 de service, s\u00e9curit\u00e9 et redondance r\u00e9seau. Fabriqu\u00e9 en <b>plastique<\/b> et disponible en versions <b>blanche et noire<\/b>, ce mod\u00e8le est con\u00e7u pour montage en rack, s\u2019int\u00e9grant facilement aux infrastructures IT existantes. Il int\u00e8gre une m\u00e9moire de <b>512 Mo<\/b> et un stockage de <b>32 Go<\/b>, permettant de g\u00e9rer des configurations complexes et de maintenir les mises \u00e0 jour syst\u00e8me optimis\u00e9es. En r\u00e9sum\u00e9, le Zyxel XGS1935-52 est un switch robuste et polyvalent combinant haute performance et fonctions avanc\u00e9es de gestion, adapt\u00e9 aux r\u00e9seaux professionnels exigeant fiabilit\u00e9 et \u00e9volutivit\u00e9.<\/p>\n<ul>\n<li>Produit \u00e0 brancher: Oui<\/li>\n<li>Type de prise: Prise EU<\/li>\n<li>Type: Switch<\/li>\n<li>Bloc d\u2019Alimentation:\n<ul>\n<li>r\u00e9seau \u00e9lectrique<\/li>\n<li>Cordon d&#8217;alimentation CA<\/li>\n<li>Incluses<\/li>\n<\/ul>\n<\/li>\n<li>Connexions:\n<ul>\n<li>RJ45 x 48<\/li>\n<li>Ethernet LAN<\/li>\n<\/ul>\n<\/li>\n<li>Tension:\n<ul>\n<li>100-240 V<\/li>\n<li>100 &#8211; 240 V<\/li>\n<\/ul>\n<\/li>\n<li>Fr\u00e9quence: 50-60 Hz<\/li>\n<li>Couleur:\n<ul>\n<li>Blanc<\/li>\n<li>Noir<\/li>\n<\/ul>\n<\/li>\n<li>Mati\u00e8re: Plastique<\/li>\n<li>M\u00e9moire interne: 32 GB<\/li>\n<li>Support: Multisupport<\/li>\n<li>N\u00b0 de rainures: 4<\/li>\n<li>Ports: 48<\/li>\n<li>Fr\u00e9quence d&#8217;entr\u00e9e AC: 50-60 Hz<\/li>\n<li>Largeur: 44 cm<\/li>\n<li>Plage d&#8217;humidit\u00e9 de travail: 10 % &#8211; 90 %<\/li>\n<li>Temp\u00e9rature approximative: -40\u00ba \/ 70\u00ba<\/li>\n<li>S\u00e9curit\u00e9: IGMP<\/li>\n<\/ul>","protected":false},"excerpt":{"rendered":"<p>Si vous \u00eates passionn\u00e9 d&#8217;informatique et d&#8217;\u00e9lectronique, si vous \u00eates \u00e0 la pointe de la technologie et qu&#8217;aucun d\u00e9tail ne vous \u00e9chappe, achetez Switch ZyXEL XGS1935-52-EU0101F au meilleur prix. Le switch manageable Zyxel XGS1935-52-EU0101F est un \u00e9quipement r\u00e9seau con\u00e7u pour les environnements professionnels n\u00e9cessitant une grande capacit\u00e9 de commutation et une gestion avanc\u00e9e. Il dispose [&hellip;]<\/p>\n","protected":false},"featured_media":24485,"comment_status":"open","ping_status":"closed","template":"","meta":[],"product_brand":[648],"product_cat":[65,584,585],"product_tag":[106],"class_list":{"0":"post-24489","1":"product","2":"type-product","3":"status-publish","4":"has-post-thumbnail","6":"product_brand-brandp_669","7":"product_cat-informatique-electronique","8":"product_cat-informatique-reseaux-et-composants","9":"product_cat-switch","10":"product_tag-tag_1295","12":"first","13":"instock","14":"taxable","15":"shipping-taxable","16":"purchasable","17":"product-type-simple"},"_links":{"self":[{"href":"https:\/\/bigbuy.tupique.com\/es\/wp-json\/wp\/v2\/product\/24489","targetHints":{"allow":["GET"]}}],"collection":[{"href":"https:\/\/bigbuy.tupique.com\/es\/wp-json\/wp\/v2\/product"}],"about":[{"href":"https:\/\/bigbuy.tupique.com\/es\/wp-json\/wp\/v2\/types\/product"}],"replies":[{"embeddable":true,"href":"https:\/\/bigbuy.tupique.com\/es\/wp-json\/wp\/v2\/comments?post=24489"}],"wp:featuredmedia":[{"embeddable":true,"href":"https:\/\/bigbuy.tupique.com\/es\/wp-json\/wp\/v2\/media\/24485"}],"wp:attachment":[{"href":"https:\/\/bigbuy.tupique.com\/es\/wp-json\/wp\/v2\/media?parent=24489"}],"wp:term":[{"taxonomy":"product_brand","embeddable":true,"href":"https:\/\/bigbuy.tupique.com\/es\/wp-json\/wp\/v2\/product_brand?post=24489"},{"taxonomy":"product_cat","embeddable":true,"href":"https:\/\/bigbuy.tupique.com\/es\/wp-json\/wp\/v2\/product_cat?post=24489"},{"taxonomy":"product_tag","embeddable":true,"href":"https:\/\/bigbuy.tupique.com\/es\/wp-json\/wp\/v2\/product_tag?post=24489"}],"curies":[{"name":"wp","href":"https:\/\/api.w.org\/{rel}","templated":true}]}}