{"id":24484,"date":"2026-03-29T20:33:22","date_gmt":"2026-03-29T19:33:22","guid":{"rendered":"https:\/\/bigbuy.tupique.com\/produto\/switch-zyxel-xgs1935-52hp-eu0101f\/"},"modified":"2026-04-15T03:32:30","modified_gmt":"2026-04-15T02:32:30","slug":"switch-zyxel-xgs1935-52hp-eu0101f","status":"publish","type":"product","link":"https:\/\/bigbuy.tupique.com\/es\/produto\/switch-zyxel-xgs1935-52hp-eu0101f\/","title":{"rendered":"Switch ZyXEL XGS1935-52HP-EU0101F"},"content":{"rendered":"<p>Si vous \u00eates passionn\u00e9 d&#8217;<b>informatique et d&#8217;\u00e9lectronique<\/b>, si vous \u00eates \u00e0 la pointe de la technologie et qu&#8217;aucun d\u00e9tail ne vous \u00e9chappe, achetez <b>Switch ZyXEL XGS1935-52HP-EU0101F<\/b> au meilleur prix.<\/p>\n<p>Le <b>XGS1935-52HP-EU0101F<\/b> de ZyXEL est un <b>switch manageable<\/b> fonctionnant aux couches <b>L2\/L3<\/b>, con\u00e7u pour des environnements professionnels n\u00e9cessitant haute capacit\u00e9 et polyvalence en connectivit\u00e9. Cet appareil dispose de <b>48 ports RJ45 Gigabit Ethernet (10\/100\/1000 Mbps)<\/b>, offrant une infrastructure robuste pour les r\u00e9seaux locaux \u00e0 forte demande de transfert de donn\u00e9es. Il inclut \u00e9galement un port d\u00e9di\u00e9 avec support <b>PoE (Power over Ethernet)<\/b>, permettant d\u2019alimenter directement les dispositifs compatibles via le c\u00e2ble r\u00e9seau, facilitant ainsi l\u2019installation et r\u00e9duisant le besoin d\u2019alimentations externes. La capacit\u00e9 de commutation atteint <b>176 Gbit\/s<\/b>, garantissant une gestion efficace du trafic intense et de multiples connexions simultan\u00e9es sans perte de performance. Sa table d\u2019adresses MAC supporte jusqu\u2019\u00e0 <b>16 000 entr\u00e9es<\/b>, assurant un contr\u00f4le stable du routage dans les r\u00e9seaux \u00e0 nombreux appareils. Construit en <b>m\u00e9tal noir<\/b> et pr\u00eat pour montage en rack, le ZyXEL XGS1935-52HP offre durabilit\u00e9 et design compact, optimisant l\u2019espace dans les centres de donn\u00e9es ou infrastructures r\u00e9seau d\u2019entreprise. Il est compatible avec les principaux standards r\u00e9seau tels que IEEE 802.1D, 802.1Q, 802.1p, 802.1s, 802.1w, 802.1x et 802.3, assurant interop\u00e9rabilit\u00e9 et s\u00e9curit\u00e9 avanc\u00e9e dans la gestion du trafic et des utilisateurs. Avec une m\u00e9moire interne comprenant <b>512 Mo de RAM<\/b> et <b>32 Go de stockage<\/b>, ce switch peut ex\u00e9cuter des fonctions avanc\u00e9es de commutation et des configurations complexes n\u00e9cessaires aux r\u00e9seaux modernes. En r\u00e9sum\u00e9, le ZyXEL XGS1935-52HP est une solution fiable et performante pour les environnements exigeant un switch haut de gamme avec gestion avanc\u00e9e et support PoE dans un format robuste et professionnel.<\/p>\n<ul>\n<li>Produit \u00e0 brancher: Oui<\/li>\n<li>Type de prise: Prise EU<\/li>\n<li>Type: Switch<\/li>\n<li>Bloc d\u2019Alimentation:\n<ul>\n<li>r\u00e9seau \u00e9lectrique<\/li>\n<li>Incluses<\/li>\n<\/ul>\n<\/li>\n<li>Connexions:\n<ul>\n<li>PoE x 1<\/li>\n<li>RJ45 x 48<\/li>\n<li>Ethernet LAN<\/li>\n<\/ul>\n<\/li>\n<li>Tension:\n<ul>\n<li>100-240 V<\/li>\n<li>100 &#8211; 240 V<\/li>\n<\/ul>\n<\/li>\n<li>Fr\u00e9quence: 50-60 Hz<\/li>\n<li>Couleur: Noir<\/li>\n<li>Mati\u00e8re: M\u00e9tal<\/li>\n<li>M\u00e9moire interne: 32 GB<\/li>\n<li>Support: Multisupport<\/li>\n<li>N\u00b0 de rainures: 4<\/li>\n<li>Ports: 48<\/li>\n<li>Fr\u00e9quence d&#8217;entr\u00e9e AC: 50-60 Hz<\/li>\n<li>Ports PoE: 375 W<\/li>\n<li>Largeur: 44 cm<\/li>\n<li>Temp\u00e9rature approximative: -40\u00ba \/ 70\u00ba<\/li>\n<li>Pr\u00e9cision (humidit\u00e9 relative): 10 % &#8211; 95 %<\/li>\n<\/ul>","protected":false},"excerpt":{"rendered":"<p>Si vous \u00eates passionn\u00e9 d&#8217;informatique et d&#8217;\u00e9lectronique, si vous \u00eates \u00e0 la pointe de la technologie et qu&#8217;aucun d\u00e9tail ne vous \u00e9chappe, achetez Switch ZyXEL XGS1935-52HP-EU0101F au meilleur prix. Le XGS1935-52HP-EU0101F de ZyXEL est un switch manageable fonctionnant aux couches L2\/L3, con\u00e7u pour des environnements professionnels n\u00e9cessitant haute capacit\u00e9 et polyvalence en connectivit\u00e9. Cet appareil [&hellip;]<\/p>\n","protected":false},"featured_media":24480,"comment_status":"open","ping_status":"closed","template":"","meta":[],"product_brand":[648],"product_cat":[65,584,585],"product_tag":[106],"class_list":{"0":"post-24484","1":"product","2":"type-product","3":"status-publish","4":"has-post-thumbnail","6":"product_brand-brandp_669","7":"product_cat-informatique-electronique","8":"product_cat-informatique-reseaux-et-composants","9":"product_cat-switch","10":"product_tag-tag_1295","12":"first","13":"instock","14":"taxable","15":"shipping-taxable","16":"purchasable","17":"product-type-simple"},"_links":{"self":[{"href":"https:\/\/bigbuy.tupique.com\/es\/wp-json\/wp\/v2\/product\/24484","targetHints":{"allow":["GET"]}}],"collection":[{"href":"https:\/\/bigbuy.tupique.com\/es\/wp-json\/wp\/v2\/product"}],"about":[{"href":"https:\/\/bigbuy.tupique.com\/es\/wp-json\/wp\/v2\/types\/product"}],"replies":[{"embeddable":true,"href":"https:\/\/bigbuy.tupique.com\/es\/wp-json\/wp\/v2\/comments?post=24484"}],"wp:featuredmedia":[{"embeddable":true,"href":"https:\/\/bigbuy.tupique.com\/es\/wp-json\/wp\/v2\/media\/24480"}],"wp:attachment":[{"href":"https:\/\/bigbuy.tupique.com\/es\/wp-json\/wp\/v2\/media?parent=24484"}],"wp:term":[{"taxonomy":"product_brand","embeddable":true,"href":"https:\/\/bigbuy.tupique.com\/es\/wp-json\/wp\/v2\/product_brand?post=24484"},{"taxonomy":"product_cat","embeddable":true,"href":"https:\/\/bigbuy.tupique.com\/es\/wp-json\/wp\/v2\/product_cat?post=24484"},{"taxonomy":"product_tag","embeddable":true,"href":"https:\/\/bigbuy.tupique.com\/es\/wp-json\/wp\/v2\/product_tag?post=24484"}],"curies":[{"name":"wp","href":"https:\/\/api.w.org\/{rel}","templated":true}]}}