{"id":24356,"date":"2026-03-29T20:29:57","date_gmt":"2026-03-29T19:29:57","guid":{"rendered":"https:\/\/bigbuy.tupique.com\/produto\/surveillance-camcorder-startech-univka25-laptop-lock\/"},"modified":"2026-05-11T19:59:48","modified_gmt":"2026-05-11T17:59:48","slug":"surveillance-camcorder-startech-univka25-laptop-lock","status":"publish","type":"product","link":"https:\/\/bigbuy.tupique.com\/es\/produto\/surveillance-camcorder-startech-univka25-laptop-lock\/","title":{"rendered":"Camescope de surveillance Startech UNIVKA25-LAPTOP-LOCK"},"content":{"rendered":"<p>Si vous \u00eates passionn\u00e9 d&#8217;<b>informatique et d&#8217;\u00e9lectronique<\/b>, si vous \u00eates \u00e0 la pointe de la technologie et qu&#8217;aucun d\u00e9tail ne vous \u00e9chappe, achetez <b>Camescope de surveillance Startech UNIVKA25-LAPTOP-LOCK<\/b> au meilleur prix.<\/p>\n<ul>\n<li>Type:\n<ul>\n<li>Cam\u00e9scope<\/li>\n<li>Verrouillage des cl\u00e9s<\/li>\n<\/ul>\n<\/li>\n<li>Couleur: Noir<\/li>\n<li>Longueur du c\u00e2ble: 2 m<\/li>\n<li>Type de fermeture: Cl\u00e9<\/li>\n<li>Compatible: Ordinateur Portable<\/li>\n<\/ul>","protected":false},"excerpt":{"rendered":"<p>Si vous \u00eates passionn\u00e9 d&#8217;informatique et d&#8217;\u00e9lectronique, si vous \u00eates \u00e0 la pointe de la technologie et qu&#8217;aucun d\u00e9tail ne vous \u00e9chappe, achetez Camescope de surveillance Startech UNIVKA25-LAPTOP-LOCK au meilleur prix. Type: Cam\u00e9scope Verrouillage des cl\u00e9s Couleur: Noir Longueur du c\u00e2ble: 2 m Type de fermeture: Cl\u00e9 Compatible: Ordinateur Portable<\/p>","protected":false},"featured_media":24350,"comment_status":"open","ping_status":"closed","template":"","meta":[],"product_brand":[634],"product_cat":[580,239,579],"product_tag":[210],"class_list":{"0":"post-24356","1":"product","2":"type-product","3":"status-publish","4":"has-post-thumbnail","6":"product_brand-brandp_4771","7":"product_cat-cameras-de-surveillance-video","8":"product_cat-maison-jardin","9":"product_cat-securite-a-la-maison","10":"product_tag-tag_25","12":"first","13":"instock","14":"taxable","15":"shipping-taxable","16":"purchasable","17":"product-type-simple"},"_links":{"self":[{"href":"https:\/\/bigbuy.tupique.com\/es\/wp-json\/wp\/v2\/product\/24356","targetHints":{"allow":["GET"]}}],"collection":[{"href":"https:\/\/bigbuy.tupique.com\/es\/wp-json\/wp\/v2\/product"}],"about":[{"href":"https:\/\/bigbuy.tupique.com\/es\/wp-json\/wp\/v2\/types\/product"}],"replies":[{"embeddable":true,"href":"https:\/\/bigbuy.tupique.com\/es\/wp-json\/wp\/v2\/comments?post=24356"}],"wp:featuredmedia":[{"embeddable":true,"href":"https:\/\/bigbuy.tupique.com\/es\/wp-json\/wp\/v2\/media\/24350"}],"wp:attachment":[{"href":"https:\/\/bigbuy.tupique.com\/es\/wp-json\/wp\/v2\/media?parent=24356"}],"wp:term":[{"taxonomy":"product_brand","embeddable":true,"href":"https:\/\/bigbuy.tupique.com\/es\/wp-json\/wp\/v2\/product_brand?post=24356"},{"taxonomy":"product_cat","embeddable":true,"href":"https:\/\/bigbuy.tupique.com\/es\/wp-json\/wp\/v2\/product_cat?post=24356"},{"taxonomy":"product_tag","embeddable":true,"href":"https:\/\/bigbuy.tupique.com\/es\/wp-json\/wp\/v2\/product_tag?post=24356"}],"curies":[{"name":"wp","href":"https:\/\/api.w.org\/{rel}","templated":true}]}}