{"id":24349,"date":"2026-03-29T20:29:47","date_gmt":"2026-03-29T19:29:47","guid":{"rendered":"https:\/\/bigbuy.tupique.com\/produto\/air-fryer-ninja-af500eu-black\/"},"modified":"2026-04-16T20:01:15","modified_gmt":"2026-04-16T19:01:15","slug":"air-fryer-ninja-af500eu-black","status":"publish","type":"product","link":"https:\/\/bigbuy.tupique.com\/es\/produto\/air-fryer-ninja-af500eu-black\/","title":{"rendered":"Friteuse \u00e0 Air NINJA AF500EU Noir"},"content":{"rendered":"<p>Si vous recherchez des \u00e9lectrom\u00e9nagers pour votre maison aux meilleurs prix, ne manquez pas <b>Friteuse \u00e0 Air NINJA AF500EU Noir<\/b> et une large s\u00e9lection de petits \u00e9lectrom\u00e9nagers de qualit\u00e9 !<\/p>\n<p>La <b>friteuse \u00e0 air<\/b> NINJA AF500EU est une solution efficace et polyvalente pour ceux qui souhaitent pr\u00e9parer des repas plus sains sans renoncer au go\u00fbt ni \u00e0 la texture croustillante. Ce mod\u00e8le, au <b>coloris noir \u00e9l\u00e9gant<\/b> et fabriqu\u00e9 en <b>plastique r\u00e9sistant<\/b>, se distingue par sa <b>grande capacit\u00e9 de 10,4 litres<\/b>, id\u00e9ale pour cuisiner de grandes quantit\u00e9s en une seule fois, parfait pour les familles nombreuses ou les r\u00e9unions. Dot\u00e9e d\u2019une <b>puissance de 2470 W<\/b>, elle assure une cuisson rapide et homog\u00e8ne, optimisant le temps en cuisine et garantissant des r\u00e9sultats constants \u00e0 chaque utilisation. Son <b>format compact de 45 cm<\/b> permet une int\u00e9gration facile sur tout plan de travail, sans compromettre l\u2019espace int\u00e9rieur. Ce mod\u00e8le propose des fonctions pratiques comme <b>l\u2019arr\u00eat automatique<\/b> pour plus de s\u00e9curit\u00e9 et un panneau <b>ajustable<\/b> permettant de r\u00e9gler la temp\u00e9rature et le temps selon la pr\u00e9paration. Le design comprend une <b>prise EU<\/b>, adapt\u00e9e \u00e0 la plupart des foyers europ\u00e9ens, et sa simplicit\u00e9 d\u2019utilisation permet \u00e0 tous, d\u00e9butants comme utilisateurs exp\u00e9riment\u00e9s, d\u2019obtenir des r\u00e9sultats optimaux sans difficult\u00e9. Gr\u00e2ce \u00e0 sa technologie avanc\u00e9e, il est possible de cuisiner avec peu ou pas d\u2019huile, pour des plats plus l\u00e9gers et sains tout en conservant la texture et la saveur des fritures traditionnelles. La NINJA AF500EU s\u2019impose ainsi comme un choix complet et fonctionnel dans le segment des friteuses \u00e0 air grande capacit\u00e9, offrant efficacit\u00e9, praticit\u00e9 et r\u00e9sultats professionnels au quotidien.<\/p>\n<ul>\n<li>Couleur: Noir<\/li>\n<li>Long: 27 cm<\/li>\n<li>Type de commande:\n<ul>\n<li>Boutons, rotatif<\/li>\n<li>Plaque Tournante<\/li>\n<\/ul>\n<\/li>\n<li>Caract\u00e9ristiques:\n<ul>\n<li>Bol amovible<\/li>\n<li>Arr\u00eat Automatique<\/li>\n<li>R\u00e9glable<\/li>\n<li>Antid\u00e9rapant<\/li>\n<li>\u00c9cran integr\u00e9<\/li>\n<li>Facile \u00e0 nettoyer<\/li>\n<li>Anti-adh\u00e9rente<\/li>\n<li>Carafe amovible<\/li>\n<\/ul>\n<\/li>\n<li>Type d&#8217;installation: Ind\u00e9pendant<\/li>\n<li>Produit \u00e0 brancher: Oui<\/li>\n<li>puissance: 2470 w<\/li>\n<li>Capacit\u00e9: 10,4 L<\/li>\n<li>Type:\n<ul>\n<li>Friteuse \u00e0 Air<\/li>\n<li>Friteuse<\/li>\n<\/ul>\n<\/li>\n<li>Tension d&#8217;entr\u00e9e AC: 220-240 V<\/li>\n<li>Fr\u00e9quence d&#8217;entr\u00e9e AC: 50-60 Hz<\/li>\n<li>Largeur: 45 cm<\/li>\n<li>Poids approx.: 9,4 kg<\/li>\n<li>Type de prise: Prise EU<\/li>\n<li>Bloc d\u2019Alimentation: r\u00e9seau \u00e9lectrique<\/li>\n<li>Mati\u00e8re: Plastique<\/li>\n<li>Tension: 240 V<\/li>\n<li>Contr\u00f4le: Boutons, rotatif<\/li>\n<li>Fonctions: Chauffe<\/li>\n<\/ul>","protected":false},"excerpt":{"rendered":"<p>Si vous recherchez des \u00e9lectrom\u00e9nagers pour votre maison aux meilleurs prix, ne manquez pas Friteuse \u00e0 Air NINJA AF500EU Noir et une large s\u00e9lection de petits \u00e9lectrom\u00e9nagers de qualit\u00e9 ! La friteuse \u00e0 air NINJA AF500EU est une solution efficace et polyvalente pour ceux qui souhaitent pr\u00e9parer des repas plus sains sans renoncer au go\u00fbt [&hellip;]<\/p>\n","protected":false},"featured_media":55590,"comment_status":"open","ping_status":"closed","template":"","meta":[],"product_brand":[287],"product_cat":[60,391,77],"product_tag":[59,56],"class_list":{"0":"post-24349","1":"product","2":"type-product","3":"status-publish","4":"has-post-thumbnail","6":"product_brand-brandp_6527","7":"product_cat-cuisine-gourmet","8":"product_cat-friteuses","9":"product_cat-petit-electromenager","10":"product_tag-tag_1304","11":"product_tag-tag_930","13":"first","14":"instock","15":"taxable","16":"shipping-taxable","17":"purchasable","18":"product-type-simple"},"_links":{"self":[{"href":"https:\/\/bigbuy.tupique.com\/es\/wp-json\/wp\/v2\/product\/24349","targetHints":{"allow":["GET"]}}],"collection":[{"href":"https:\/\/bigbuy.tupique.com\/es\/wp-json\/wp\/v2\/product"}],"about":[{"href":"https:\/\/bigbuy.tupique.com\/es\/wp-json\/wp\/v2\/types\/product"}],"replies":[{"embeddable":true,"href":"https:\/\/bigbuy.tupique.com\/es\/wp-json\/wp\/v2\/comments?post=24349"}],"wp:featuredmedia":[{"embeddable":true,"href":"https:\/\/bigbuy.tupique.com\/es\/wp-json\/wp\/v2\/media\/55590"}],"wp:attachment":[{"href":"https:\/\/bigbuy.tupique.com\/es\/wp-json\/wp\/v2\/media?parent=24349"}],"wp:term":[{"taxonomy":"product_brand","embeddable":true,"href":"https:\/\/bigbuy.tupique.com\/es\/wp-json\/wp\/v2\/product_brand?post=24349"},{"taxonomy":"product_cat","embeddable":true,"href":"https:\/\/bigbuy.tupique.com\/es\/wp-json\/wp\/v2\/product_cat?post=24349"},{"taxonomy":"product_tag","embeddable":true,"href":"https:\/\/bigbuy.tupique.com\/es\/wp-json\/wp\/v2\/product_tag?post=24349"}],"curies":[{"name":"wp","href":"https:\/\/api.w.org\/{rel}","templated":true}]}}