{"id":24344,"date":"2026-03-29T20:29:41","date_gmt":"2026-03-29T19:29:41","guid":{"rendered":"https:\/\/bigbuy.tupique.com\/produto\/ladies-bracelet-swarovski-5683429\/"},"modified":"2026-04-15T03:32:23","modified_gmt":"2026-04-15T02:32:23","slug":"ladies-bracelet-swarovski-5683429","status":"publish","type":"product","link":"https:\/\/bigbuy.tupique.com\/es\/produto\/ladies-bracelet-swarovski-5683429\/","title":{"rendered":"Bracelet Femme Swarovski 5683429"},"content":{"rendered":"<p>\u00c9quipez votre v\u00e9hicule avec les derni\u00e8res nouveaut\u00e9s du secteur ! Achetez <b>Bracelet Femme Swarovski 5683429<\/b> et aucun d\u00e9tail ne vous \u00e9chappera!<\/p>\n<ul>\n<li>Type:\n<ul>\n<li>Bracelet<\/li>\n<li>Bracelet Femme<\/li>\n<\/ul>\n<\/li>\n<li>Genre: Femme<\/li>\n<\/ul>","protected":false},"excerpt":{"rendered":"<p>\u00c9quipez votre v\u00e9hicule avec les derni\u00e8res nouveaut\u00e9s du secteur ! Achetez Bracelet Femme Swarovski 5683429 et aucun d\u00e9tail ne vous \u00e9chappera! Type: Bracelet Bracelet Femme Genre: Femme<\/p>","protected":false},"featured_media":24343,"comment_status":"open","ping_status":"closed","template":"","meta":[],"product_brand":[1010],"product_cat":[547,548,552,544],"product_tag":[103,542,543],"class_list":{"0":"post-24344","1":"product","2":"type-product","3":"status-publish","4":"has-post-thumbnail","6":"product_brand-brandp_488","7":"product_cat-accessoires","8":"product_cat-bijoux","9":"product_cat-bracelets","10":"product_cat-mode-accessoires","11":"product_tag-tag_1261","12":"product_tag-tag_1274","13":"product_tag-tag_61","15":"first","16":"instock","17":"taxable","18":"shipping-taxable","19":"purchasable","20":"product-type-simple"},"_links":{"self":[{"href":"https:\/\/bigbuy.tupique.com\/es\/wp-json\/wp\/v2\/product\/24344","targetHints":{"allow":["GET"]}}],"collection":[{"href":"https:\/\/bigbuy.tupique.com\/es\/wp-json\/wp\/v2\/product"}],"about":[{"href":"https:\/\/bigbuy.tupique.com\/es\/wp-json\/wp\/v2\/types\/product"}],"replies":[{"embeddable":true,"href":"https:\/\/bigbuy.tupique.com\/es\/wp-json\/wp\/v2\/comments?post=24344"}],"wp:featuredmedia":[{"embeddable":true,"href":"https:\/\/bigbuy.tupique.com\/es\/wp-json\/wp\/v2\/media\/24343"}],"wp:attachment":[{"href":"https:\/\/bigbuy.tupique.com\/es\/wp-json\/wp\/v2\/media?parent=24344"}],"wp:term":[{"taxonomy":"product_brand","embeddable":true,"href":"https:\/\/bigbuy.tupique.com\/es\/wp-json\/wp\/v2\/product_brand?post=24344"},{"taxonomy":"product_cat","embeddable":true,"href":"https:\/\/bigbuy.tupique.com\/es\/wp-json\/wp\/v2\/product_cat?post=24344"},{"taxonomy":"product_tag","embeddable":true,"href":"https:\/\/bigbuy.tupique.com\/es\/wp-json\/wp\/v2\/product_tag?post=24344"}],"curies":[{"name":"wp","href":"https:\/\/api.w.org\/{rel}","templated":true}]}}