{"id":24276,"date":"2026-03-29T20:17:28","date_gmt":"2026-03-29T19:17:28","guid":{"rendered":"https:\/\/bigbuy.tupique.com\/produto\/motherboard-gigabyte-x870-eagle-wifi7-amd-amd-am5\/"},"modified":"2026-05-11T20:01:10","modified_gmt":"2026-05-11T18:01:10","slug":"motherboard-gigabyte-x870-eagle-wifi7-amd-amd-am5","status":"publish","type":"product","link":"https:\/\/bigbuy.tupique.com\/es\/produto\/motherboard-gigabyte-x870-eagle-wifi7-amd-amd-am5\/","title":{"rendered":"Carte M\u00e8re Gigabyte X870 EAGLE WIFI7 AMD AMD AM5"},"content":{"rendered":"<p>Si vous \u00eates passionn\u00e9 d&#8217;<b>informatique et d&#8217;\u00e9lectronique<\/b>, si vous \u00eates \u00e0 la pointe de la technologie et qu&#8217;aucun d\u00e9tail ne vous \u00e9chappe, achetez <b>Carte M\u00e8re Gigabyte X870 EAGLE WIFI7 AMD AMD AM5<\/b> au meilleur prix.<\/p>\n<p>La <b>carte m\u00e8re Gigabyte X870 EAGLE WIFI7<\/b> est une solution avanc\u00e9e con\u00e7ue pour les syst\u00e8mes haute performance avec processeurs AMD, compatible avec le <b>socket AMD AM5<\/b> qui prend en charge les derni\u00e8res g\u00e9n\u00e9rations de CPU. Son <b>chipset AMD X870<\/b> place cette carte \u00e0 un niveau sup\u00e9rieur dans la gamme ATX, offrant une plateforme robuste et \u00e9volutive pour les utilisateurs exigeants, incluant gamers, cr\u00e9ateurs de contenu et professionnels recherchant stabilit\u00e9 et rapidit\u00e9. Dot\u00e9e d\u2019un design \u00e9l\u00e9gant en <b>noir<\/b>, elle int\u00e8gre le support de la <b>connectivit\u00e9 WIFI7<\/b> et du <b>Bluetooth<\/b>, facilitant des connexions sans fil de derni\u00e8re g\u00e9n\u00e9ration pour assurer des transferts rapides et une exp\u00e9rience r\u00e9seau efficace. Parmi ses options de connexion, on trouve un port <b>HDMI<\/b> permettant une sortie vid\u00e9o directe vers moniteurs ou t\u00e9l\u00e9viseurs, compl\u00e9tant les capacit\u00e9s multim\u00e9dia du syst\u00e8me. La carte m\u00e8re est pr\u00eate \u00e0 fonctionner sans probl\u00e8me sous <b>Windows<\/b> et autres syst\u00e8mes compatibles, offrant une base flexible pour diverses configurations PC. Son format <b>ATX<\/b> garantit une large compatibilit\u00e9 avec les bo\u00eetiers standards, avec un design favorisant un syst\u00e8me bien ventil\u00e9 et organis\u00e9. En r\u00e9sum\u00e9, la Gigabyte X870 EAGLE WIFI7 repr\u00e9sente un choix solide pour ceux qui recherchent performance, stabilit\u00e9 et connectivit\u00e9 avanc\u00e9e sur une carte m\u00e8re orient\u00e9e plateforme AMD AM5.<\/p>\n<ul>\n<li>vitesse: 6000 MHz<\/li>\n<li>Processeur: AMD<\/li>\n<li>Chipset:\n<ul>\n<li>AMD AM5<\/li>\n<li>AMD<\/li>\n<\/ul>\n<\/li>\n<li>Type:\n<ul>\n<li>Carte M\u00e8re<\/li>\n<li>ATX<\/li>\n<li>UEFI<\/li>\n<\/ul>\n<\/li>\n<li>Couleur: Noir<\/li>\n<li>Connectivit\u00e9:\n<ul>\n<li>Bluetooth<\/li>\n<li>Wi-Fi<\/li>\n<\/ul>\n<\/li>\n<li>Plate-forme: Windows<\/li>\n<li>Facteur de forme: ATX<\/li>\n<li>Interface:\n<ul>\n<li>Gigabit Ethernet<\/li>\n<li>DirectX 12.0<\/li>\n<\/ul>\n<\/li>\n<li>Batterie: CR2032<\/li>\n<li>M\u00e9moire: 256 MB<\/li>\n<li>Nombre d&#8217;emplacements m\u00e9moire: 4<\/li>\n<li>Piles incluses: Oui<\/li>\n<li>Haut-parleurs: 7.1<\/li>\n<li>Connexions:\n<ul>\n<li>HDMI x 1<\/li>\n<li>DisplayPort x 2<\/li>\n<li>2 x USB 2.0<\/li>\n<li>Microphone<\/li>\n<li>USB 2.0 x 4<\/li>\n<li>Ethernet LAN<\/li>\n<li>SATA x 4<\/li>\n<li>M.2 x 3<\/li>\n<li>DIMM<\/li>\n<li>USB 3.2 x 3<\/li>\n<li>RJ45 x 1<\/li>\n<\/ul>\n<\/li>\n<li>Compatible:\n<ul>\n<li>HDD\/SSD<\/li>\n<li>PC<\/li>\n<\/ul>\n<\/li>\n<li>Connecteurs: SATA x 4<\/li>\n<li>Largeur: 30,5 cm<\/li>\n<li>Socket: AMD AM5<\/li>\n<li>Type de m\u00e9moire: DDR5<\/li>\n<li>Famille de processeurs: AMD<\/li>\n<\/ul>","protected":false},"excerpt":{"rendered":"<p>Si vous \u00eates passionn\u00e9 d&#8217;informatique et d&#8217;\u00e9lectronique, si vous \u00eates \u00e0 la pointe de la technologie et qu&#8217;aucun d\u00e9tail ne vous \u00e9chappe, achetez Carte M\u00e8re Gigabyte X870 EAGLE WIFI7 AMD AMD AM5 au meilleur prix. La carte m\u00e8re Gigabyte X870 EAGLE WIFI7 est une solution avanc\u00e9e con\u00e7ue pour les syst\u00e8mes haute performance avec processeurs AMD, [&hellip;]<\/p>\n","protected":false},"featured_media":24272,"comment_status":"open","ping_status":"closed","template":"","meta":[],"product_brand":[1147],"product_cat":[736,65,584],"product_tag":[59,106],"class_list":{"0":"post-24276","1":"product","2":"type-product","3":"status-publish","4":"has-post-thumbnail","6":"product_brand-brandp_550","7":"product_cat-cartes-meres","8":"product_cat-informatique-electronique","9":"product_cat-informatique-reseaux-et-composants","10":"product_tag-tag_1304","11":"product_tag-tag_1295","13":"first","14":"instock","15":"taxable","16":"shipping-taxable","17":"purchasable","18":"product-type-simple"},"_links":{"self":[{"href":"https:\/\/bigbuy.tupique.com\/es\/wp-json\/wp\/v2\/product\/24276","targetHints":{"allow":["GET"]}}],"collection":[{"href":"https:\/\/bigbuy.tupique.com\/es\/wp-json\/wp\/v2\/product"}],"about":[{"href":"https:\/\/bigbuy.tupique.com\/es\/wp-json\/wp\/v2\/types\/product"}],"replies":[{"embeddable":true,"href":"https:\/\/bigbuy.tupique.com\/es\/wp-json\/wp\/v2\/comments?post=24276"}],"wp:featuredmedia":[{"embeddable":true,"href":"https:\/\/bigbuy.tupique.com\/es\/wp-json\/wp\/v2\/media\/24272"}],"wp:attachment":[{"href":"https:\/\/bigbuy.tupique.com\/es\/wp-json\/wp\/v2\/media?parent=24276"}],"wp:term":[{"taxonomy":"product_brand","embeddable":true,"href":"https:\/\/bigbuy.tupique.com\/es\/wp-json\/wp\/v2\/product_brand?post=24276"},{"taxonomy":"product_cat","embeddable":true,"href":"https:\/\/bigbuy.tupique.com\/es\/wp-json\/wp\/v2\/product_cat?post=24276"},{"taxonomy":"product_tag","embeddable":true,"href":"https:\/\/bigbuy.tupique.com\/es\/wp-json\/wp\/v2\/product_tag?post=24276"}],"curies":[{"name":"wp","href":"https:\/\/api.w.org\/{rel}","templated":true}]}}