{"id":24265,"date":"2026-03-29T20:17:10","date_gmt":"2026-03-29T19:17:10","guid":{"rendered":"https:\/\/bigbuy.tupique.com\/produto\/smartphone-samsung-galaxy-s24-67-12-gb-ram-256-gb-purple-violet\/"},"modified":"2026-04-16T23:20:22","modified_gmt":"2026-04-16T22:20:22","slug":"smartphone-samsung-galaxy-s24-67-12-gb-ram-256-gb-purple-violet","status":"publish","type":"product","link":"https:\/\/bigbuy.tupique.com\/es\/produto\/smartphone-samsung-galaxy-s24-67-12-gb-ram-256-gb-purple-violet\/","title":{"rendered":"Smartphone Samsung Galaxy S24+ 6,7&#8243; 12 GB RAM 256 GB Violet"},"content":{"rendered":"<p>Si vous \u00eates passionn\u00e9 d&#8217;<b>informatique et d&#8217;\u00e9lectronique<\/b>, si vous \u00eates \u00e0 la pointe de la technologie et qu&#8217;aucun d\u00e9tail ne vous \u00e9chappe, achetez <b>Smartphone Samsung Galaxy S24+ 6,7&#8243; 12 GB RAM 256 GB Violet<\/b> au meilleur prix.<\/p>\n<ul>\n<li>Syst\u00e8me d&#8217;exploitation:\n<ul>\n<li>Android 14<\/li>\n<li>Android<\/li>\n<\/ul>\n<\/li>\n<li>Fr\u00e9quence:\n<ul>\n<li>120 Hz<\/li>\n<li>3,2 GHz<\/li>\n<\/ul>\n<\/li>\n<li>Couleur:\n<ul>\n<li>Pourpre<\/li>\n<li>Lila<\/li>\n<li>Violet<\/li>\n<\/ul>\n<\/li>\n<li>Poids approx.: 196 g<\/li>\n<li>Acc\u00e9l\u00e9rom\u00e8tre: Oui<\/li>\n<li>Stabilisateur d&#8217;image: Oui<\/li>\n<li>Glonass: Oui<\/li>\n<li>Gyroscope: Oui<\/li>\n<li>Connectivit\u00e9:\n<ul>\n<li>5G<\/li>\n<li>Bluetooth 5.3<\/li>\n<li>Wi-Fi 6 GHz<\/li>\n<li>Wi-Fi 5 GHz<\/li>\n<li>Galileo<\/li>\n<li>BeiDou<\/li>\n<li>GPS<\/li>\n<li>4G<\/li>\n<li>Wi-Fi<\/li>\n<li>Bluetooth<\/li>\n<li>nano SIM<\/li>\n<li>NFC<\/li>\n<li>WCDMA<\/li>\n<\/ul>\n<\/li>\n<li>Caract\u00e9ristiques:\n<ul>\n<li>Lecteur d&#8217;empreintes<\/li>\n<li>St\u00e9r\u00e9o<\/li>\n<li>R\u00e9sistant \u00e0 la poussi\u00e8re<\/li>\n<li>R\u00e9sistant \u00e0 l&#8217;eau<\/li>\n<li>GPS<\/li>\n<li>Barom\u00e8tre<\/li>\n<li>Ecran tactile<\/li>\n<li>Capteur de lumi\u00e8re ambiante<\/li>\n<li>R\u00e9sistant \u00e0 l&#8217;eau et \u00e0 la poussi\u00e8re<\/li>\n<li>Autofocus<\/li>\n<li>Capteur g\u00e9omagn\u00e9tique<\/li>\n<li>Capteur de proximit\u00e9<\/li>\n<li>\u00c9cran plat<\/li>\n<\/ul>\n<\/li>\n<li>Connexions:\n<ul>\n<li>nano SIM<\/li>\n<li>USB-C<\/li>\n<li>USB 3.2<\/li>\n<li>Dual SIM<\/li>\n<li>USB<\/li>\n<\/ul>\n<\/li>\n<li>Zoom Num\u00e9rique: 30x<\/li>\n<li>Capacit\u00e9 de la batterie: 4900 mAh<\/li>\n<li>Processeur: Exynos 2400<\/li>\n<li>R\u00e9solution (px): 7680 x 4320 px<\/li>\n<li>M\u00e9moire interne: 256 GB<\/li>\n<li>Technologie:\n<ul>\n<li>52.1 Dynamic AMOLED 2X<\/li>\n<li>Mime<\/li>\n<li>Glonass<\/li>\n<\/ul>\n<\/li>\n<li>Zoom Optique: 3x<\/li>\n<li>Fonctions: Barom\u00e8tre<\/li>\n<li>Capteurs:\n<ul>\n<li>Magn\u00e9tom\u00e8tre<\/li>\n<li>Acc\u00e9l\u00e9rom\u00e8tre<\/li>\n<li>Gyroscope<\/li>\n<\/ul>\n<\/li>\n<li>Inclut: C\u00e2ble USB-C<\/li>\n<li>Ecran: 6,7&#8243;<\/li>\n<li>GPS: Oui<\/li>\n<li>M\u00e9moire RAM: 12 GB RAM<\/li>\n<li>Classification IP: IP68<\/li>\n<li>Produit \u00e0 brancher: Oui<\/li>\n<li>Type: Smartphone<\/li>\n<li>Type de prise: Prise EU<\/li>\n<li>Diagonale de l&#8217;\u00e9cran (cm): 17 cm<\/li>\n<li>Bloc d\u2019Alimentation: r\u00e9seau \u00e9lectrique<\/li>\n<li>Indice de r\u00e9parabilit\u00e9: 8.5<\/li>\n<li>puissance: 45 W<\/li>\n<li>Cam\u00e9ra\/Appareil Photo:\n<ul>\n<li>12 mpx<\/li>\n<li>50 Mp<\/li>\n<li>Frontal<\/li>\n<li>10 Mp<\/li>\n<li>Triple<\/li>\n<\/ul>\n<\/li>\n<li>Ouverture: F\/1,8<\/li>\n<li>Ann\u00e9e:\n<ul>\n<li>2021<\/li>\n<li>2022<\/li>\n<\/ul>\n<\/li>\n<li>Noyaux: 10 Noyaux<\/li>\n<li>vitesse: 3.2 GHz<\/li>\n<\/ul>","protected":false},"excerpt":{"rendered":"<p>Si vous \u00eates passionn\u00e9 d&#8217;informatique et d&#8217;\u00e9lectronique, si vous \u00eates \u00e0 la pointe de la technologie et qu&#8217;aucun d\u00e9tail ne vous \u00e9chappe, achetez Smartphone Samsung Galaxy S24+ 6,7&#8243; 12 GB RAM 256 GB Violet au meilleur prix. Syst\u00e8me d&#8217;exploitation: Android 14 Android Fr\u00e9quence: 120 Hz 3,2 GHz Couleur: Pourpre Lila Violet Poids approx.: 196 g [&hellip;]<\/p>\n","protected":false},"featured_media":24259,"comment_status":"open","ping_status":"closed","template":"","meta":[],"product_brand":[183],"product_cat":[575,65,960],"product_tag":[213,566,106],"class_list":{"0":"post-24265","1":"product","2":"type-product","3":"status-publish","4":"has-post-thumbnail","6":"product_brand-brandp_576","7":"product_cat-electronique-telephonie-et-tablettes","8":"product_cat-informatique-electronique","9":"product_cat-telephones-portables","10":"product_tag-tag_933","11":"product_tag-tag_547","12":"product_tag-tag_1295","14":"first","15":"instock","16":"taxable","17":"shipping-taxable","18":"purchasable","19":"product-type-simple"},"_links":{"self":[{"href":"https:\/\/bigbuy.tupique.com\/es\/wp-json\/wp\/v2\/product\/24265","targetHints":{"allow":["GET"]}}],"collection":[{"href":"https:\/\/bigbuy.tupique.com\/es\/wp-json\/wp\/v2\/product"}],"about":[{"href":"https:\/\/bigbuy.tupique.com\/es\/wp-json\/wp\/v2\/types\/product"}],"replies":[{"embeddable":true,"href":"https:\/\/bigbuy.tupique.com\/es\/wp-json\/wp\/v2\/comments?post=24265"}],"wp:featuredmedia":[{"embeddable":true,"href":"https:\/\/bigbuy.tupique.com\/es\/wp-json\/wp\/v2\/media\/24259"}],"wp:attachment":[{"href":"https:\/\/bigbuy.tupique.com\/es\/wp-json\/wp\/v2\/media?parent=24265"}],"wp:term":[{"taxonomy":"product_brand","embeddable":true,"href":"https:\/\/bigbuy.tupique.com\/es\/wp-json\/wp\/v2\/product_brand?post=24265"},{"taxonomy":"product_cat","embeddable":true,"href":"https:\/\/bigbuy.tupique.com\/es\/wp-json\/wp\/v2\/product_cat?post=24265"},{"taxonomy":"product_tag","embeddable":true,"href":"https:\/\/bigbuy.tupique.com\/es\/wp-json\/wp\/v2\/product_tag?post=24265"}],"curies":[{"name":"wp","href":"https:\/\/api.w.org\/{rel}","templated":true}]}}