{"id":24153,"date":"2026-03-29T20:14:31","date_gmt":"2026-03-29T19:14:31","guid":{"rendered":"https:\/\/bigbuy.tupique.com\/produto\/keyboard-microsoft-y8u-00013-black-spanish-qwerty\/"},"modified":"2026-04-15T03:31:56","modified_gmt":"2026-04-15T02:31:56","slug":"keyboard-microsoft-y8u-00013-black-spanish-qwerty","status":"publish","type":"product","link":"https:\/\/bigbuy.tupique.com\/es\/produto\/keyboard-microsoft-y8u-00013-black-spanish-qwerty\/","title":{"rendered":"Clavier Microsoft Y8U-00013 Noir Espagnol Qwerty"},"content":{"rendered":"<p>Si vous \u00eates passionn\u00e9 d&#8217;<b>informatique et d&#8217;\u00e9lectronique<\/b>, si vous \u00eates \u00e0 la pointe de la technologie et qu&#8217;aucun d\u00e9tail ne vous \u00e9chappe, achetez <b>Clavier Microsoft Y8U-00013 Noir Espagnol Qwerty<\/b> au meilleur prix.<\/p>\n<ul>\n<li>Type:\n<ul>\n<li>Clavier<\/li>\n<li>clavier et souris<\/li>\n<li>Sans fil<\/li>\n<li>Clavier m\u00e9canique<\/li>\n<li>Touchpad<\/li>\n<\/ul>\n<\/li>\n<li>Couleur: Noir<\/li>\n<li>Compatible: Surface Pro<\/li>\n<li>Clavier: Espagnol Qwerty<\/li>\n<li>Caract\u00e9ristiques:\n<ul>\n<li>Batterie int\u00e9gr\u00e9e<\/li>\n<li>R\u00e9tro-\u00e9clair\u00e9<\/li>\n<li>Sans fil<\/li>\n<li>Touches multim\u00e9dia<\/li>\n<\/ul>\n<\/li>\n<li>Connectivit\u00e9:\n<ul>\n<li>Bluetooth<\/li>\n<li>Bluetooth Low Energy<\/li>\n<\/ul>\n<\/li>\n<li>Inclut: Touchpad<\/li>\n<li>Port\u00e9e: 10 m<\/li>\n<li>Type de batterie: Int\u00e9gr\u00e9e<\/li>\n<li>Bloc d\u2019Alimentation: Batterie<\/li>\n<li>Fonctions: Acc\u00e9l\u00e9rom\u00e8tre<\/li>\n<li>Non inclut: Clavier num\u00e9rique<\/li>\n<\/ul>","protected":false},"excerpt":{"rendered":"<p>Si vous \u00eates passionn\u00e9 d&#8217;informatique et d&#8217;\u00e9lectronique, si vous \u00eates \u00e0 la pointe de la technologie et qu&#8217;aucun d\u00e9tail ne vous \u00e9chappe, achetez Clavier Microsoft Y8U-00013 Noir Espagnol Qwerty au meilleur prix. Type: Clavier clavier et souris Sans fil Clavier m\u00e9canique Touchpad Couleur: Noir Compatible: Surface Pro Clavier: Espagnol Qwerty Caract\u00e9ristiques: Batterie int\u00e9gr\u00e9e R\u00e9tro-\u00e9clair\u00e9 Sans [&hellip;]<\/p>\n","protected":false},"featured_media":24152,"comment_status":"open","ping_status":"closed","template":"","meta":[],"product_brand":[852],"product_cat":[729,65,581],"product_tag":[213,106],"class_list":{"0":"post-24153","1":"product","2":"type-product","3":"status-publish","4":"has-post-thumbnail","6":"product_brand-brandp_564","7":"product_cat-claviers","8":"product_cat-informatique-electronique","9":"product_cat-informatique-peripheriques-et-consommables","10":"product_tag-tag_933","11":"product_tag-tag_1295","13":"first","14":"instock","15":"taxable","16":"shipping-taxable","17":"purchasable","18":"product-type-simple"},"_links":{"self":[{"href":"https:\/\/bigbuy.tupique.com\/es\/wp-json\/wp\/v2\/product\/24153","targetHints":{"allow":["GET"]}}],"collection":[{"href":"https:\/\/bigbuy.tupique.com\/es\/wp-json\/wp\/v2\/product"}],"about":[{"href":"https:\/\/bigbuy.tupique.com\/es\/wp-json\/wp\/v2\/types\/product"}],"replies":[{"embeddable":true,"href":"https:\/\/bigbuy.tupique.com\/es\/wp-json\/wp\/v2\/comments?post=24153"}],"wp:featuredmedia":[{"embeddable":true,"href":"https:\/\/bigbuy.tupique.com\/es\/wp-json\/wp\/v2\/media\/24152"}],"wp:attachment":[{"href":"https:\/\/bigbuy.tupique.com\/es\/wp-json\/wp\/v2\/media?parent=24153"}],"wp:term":[{"taxonomy":"product_brand","embeddable":true,"href":"https:\/\/bigbuy.tupique.com\/es\/wp-json\/wp\/v2\/product_brand?post=24153"},{"taxonomy":"product_cat","embeddable":true,"href":"https:\/\/bigbuy.tupique.com\/es\/wp-json\/wp\/v2\/product_cat?post=24153"},{"taxonomy":"product_tag","embeddable":true,"href":"https:\/\/bigbuy.tupique.com\/es\/wp-json\/wp\/v2\/product_tag?post=24153"}],"curies":[{"name":"wp","href":"https:\/\/api.w.org\/{rel}","templated":true}]}}