{"id":24017,"date":"2026-03-29T20:11:12","date_gmt":"2026-03-29T19:11:12","guid":{"rendered":"https:\/\/bigbuy.tupique.com\/produto\/smartphone-honor-magic-v3-5g-79-octa-core-12-gb-ram-512-gb-black\/"},"modified":"2026-05-11T19:55:28","modified_gmt":"2026-05-11T17:55:28","slug":"smartphone-honor-magic-v3-5g-79-octa-core-12-gb-ram-512-gb-black","status":"publish","type":"product","link":"https:\/\/bigbuy.tupique.com\/es\/produto\/smartphone-honor-magic-v3-5g-79-octa-core-12-gb-ram-512-gb-black\/","title":{"rendered":"Smartphone Honor Magic V3 5G 7,9&#8243; Octa Core 12 GB RAM 512 GB Noir"},"content":{"rendered":"<p>Si vous \u00eates \u00e0 la recherche de nouvelles tendances sur le march\u00e9, nous vous pr\u00e9sentons <b>Smartphone Honor Magic V3 5G 7,9&#8243; Octa Core 12 GB RAM 512 GB Noir<\/b> !<\/p>\n<ul>\n<li>Type: Smartphone<\/li>\n<li>Diagonale de l&#8217;\u00e9cran (cm): 20,1 cm<\/li>\n<li>Produit \u00e0 brancher: Oui<\/li>\n<li>Type de prise: Prise EU<\/li>\n<li>Bloc d\u2019Alimentation: r\u00e9seau \u00e9lectrique<\/li>\n<li>Indice de r\u00e9parabilit\u00e9: 7.3<\/li>\n<li>Capacit\u00e9 de la batterie: 5150 mah<\/li>\n<li>Ecran: 7,9&#8243;<\/li>\n<li>Syst\u00e8me d&#8217;exploitation: Android<\/li>\n<li>puissance: 66 W<\/li>\n<li>Connectivit\u00e9: NFC<\/li>\n<li>Cam\u00e9ra\/Appareil Photo:\n<ul>\n<li>20 mpx<\/li>\n<li>50 Mp<\/li>\n<\/ul>\n<\/li>\n<li>Connexions: USB-C<\/li>\n<li>Processeur: Octa Core<\/li>\n<li>M\u00e9moire RAM: 12 GB RAM<\/li>\n<li>M\u00e9moire interne: 512 GB<\/li>\n<li>Couleur: Noir<\/li>\n<\/ul>","protected":false},"excerpt":{"rendered":"<p>Si vous \u00eates \u00e0 la recherche de nouvelles tendances sur le march\u00e9, nous vous pr\u00e9sentons Smartphone Honor Magic V3 5G 7,9&#8243; Octa Core 12 GB RAM 512 GB Noir ! Type: Smartphone Diagonale de l&#8217;\u00e9cran (cm): 20,1 cm Produit \u00e0 brancher: Oui Type de prise: Prise EU Bloc d\u2019Alimentation: r\u00e9seau \u00e9lectrique Indice de r\u00e9parabilit\u00e9: 7.3 [&hellip;]<\/p>\n","protected":false},"featured_media":24012,"comment_status":"open","ping_status":"closed","template":"","meta":[],"product_brand":[1155],"product_cat":[575,65,960],"product_tag":[213,566,106],"class_list":{"0":"post-24017","1":"product","2":"type-product","3":"status-publish","4":"has-post-thumbnail","6":"product_brand-brandp_1272","7":"product_cat-electronique-telephonie-et-tablettes","8":"product_cat-informatique-electronique","9":"product_cat-telephones-portables","10":"product_tag-tag_933","11":"product_tag-tag_547","12":"product_tag-tag_1295","14":"first","15":"instock","16":"taxable","17":"shipping-taxable","18":"purchasable","19":"product-type-simple"},"_links":{"self":[{"href":"https:\/\/bigbuy.tupique.com\/es\/wp-json\/wp\/v2\/product\/24017","targetHints":{"allow":["GET"]}}],"collection":[{"href":"https:\/\/bigbuy.tupique.com\/es\/wp-json\/wp\/v2\/product"}],"about":[{"href":"https:\/\/bigbuy.tupique.com\/es\/wp-json\/wp\/v2\/types\/product"}],"replies":[{"embeddable":true,"href":"https:\/\/bigbuy.tupique.com\/es\/wp-json\/wp\/v2\/comments?post=24017"}],"wp:featuredmedia":[{"embeddable":true,"href":"https:\/\/bigbuy.tupique.com\/es\/wp-json\/wp\/v2\/media\/24012"}],"wp:attachment":[{"href":"https:\/\/bigbuy.tupique.com\/es\/wp-json\/wp\/v2\/media?parent=24017"}],"wp:term":[{"taxonomy":"product_brand","embeddable":true,"href":"https:\/\/bigbuy.tupique.com\/es\/wp-json\/wp\/v2\/product_brand?post=24017"},{"taxonomy":"product_cat","embeddable":true,"href":"https:\/\/bigbuy.tupique.com\/es\/wp-json\/wp\/v2\/product_cat?post=24017"},{"taxonomy":"product_tag","embeddable":true,"href":"https:\/\/bigbuy.tupique.com\/es\/wp-json\/wp\/v2\/product_tag?post=24017"}],"curies":[{"name":"wp","href":"https:\/\/api.w.org\/{rel}","templated":true}]}}