{"id":23859,"date":"2026-03-29T19:57:31","date_gmt":"2026-03-29T18:57:31","guid":{"rendered":"https:\/\/bigbuy.tupique.com\/produto\/portable-bluetooth-speakers-logitech-984-001863-black\/"},"modified":"2026-04-15T02:59:12","modified_gmt":"2026-04-15T01:59:12","slug":"portable-bluetooth-speakers-logitech-984-001863-black","status":"publish","type":"product","link":"https:\/\/bigbuy.tupique.com\/es\/produto\/portable-bluetooth-speakers-logitech-984-001863-black\/","title":{"rendered":"Haut-parleurs bluetooth portables Logitech 984-001863 Noir"},"content":{"rendered":"<p>Si vous \u00eates passionn\u00e9 d&#8217;<b>informatique et d&#8217;\u00e9lectronique<\/b>, si vous \u00eates \u00e0 la pointe de la technologie et qu&#8217;aucun d\u00e9tail ne vous \u00e9chappe, achetez <b>Haut-parleurs bluetooth portables Logitech 984-001863 Noir<\/b> au meilleur prix.<\/p>\n<ul>\n<li>Connectivit\u00e9: Bluetooth<\/li>\n<li>Son: 360\u00ba<\/li>\n<li>Type: Haut-parleurs bluetooth<\/li>\n<li>Couleur: Noir<\/li>\n<li>Connexions: USB-C<\/li>\n<li>Autonomie approx.: 17 heures<\/li>\n<li>Radio FM: Non<\/li>\n<li>Utilisation recommand\u00e9e: Universel<\/li>\n<\/ul>","protected":false},"excerpt":{"rendered":"<p>Si vous \u00eates passionn\u00e9 d&#8217;informatique et d&#8217;\u00e9lectronique, si vous \u00eates \u00e0 la pointe de la technologie et qu&#8217;aucun d\u00e9tail ne vous \u00e9chappe, achetez Haut-parleurs bluetooth portables Logitech 984-001863 Noir au meilleur prix. Connectivit\u00e9: Bluetooth Son: 360\u00ba Type: Haut-parleurs bluetooth Couleur: Noir Connexions: USB-C Autonomie approx.: 17 heures Radio FM: Non Utilisation recommand\u00e9e: Universel<\/p>","protected":false},"featured_media":23857,"comment_status":"open","ping_status":"closed","template":"","meta":[],"product_brand":[647],"product_cat":[755,772,65],"product_tag":[566],"class_list":{"0":"post-23859","1":"product","2":"type-product","3":"status-publish","4":"has-post-thumbnail","6":"product_brand-brandp_561","7":"product_cat-electronique-son","8":"product_cat-haut-parleurs-bluetooth","9":"product_cat-informatique-electronique","10":"product_tag-tag_547","12":"first","13":"instock","14":"taxable","15":"shipping-taxable","16":"purchasable","17":"product-type-simple"},"_links":{"self":[{"href":"https:\/\/bigbuy.tupique.com\/es\/wp-json\/wp\/v2\/product\/23859","targetHints":{"allow":["GET"]}}],"collection":[{"href":"https:\/\/bigbuy.tupique.com\/es\/wp-json\/wp\/v2\/product"}],"about":[{"href":"https:\/\/bigbuy.tupique.com\/es\/wp-json\/wp\/v2\/types\/product"}],"replies":[{"embeddable":true,"href":"https:\/\/bigbuy.tupique.com\/es\/wp-json\/wp\/v2\/comments?post=23859"}],"wp:featuredmedia":[{"embeddable":true,"href":"https:\/\/bigbuy.tupique.com\/es\/wp-json\/wp\/v2\/media\/23857"}],"wp:attachment":[{"href":"https:\/\/bigbuy.tupique.com\/es\/wp-json\/wp\/v2\/media?parent=23859"}],"wp:term":[{"taxonomy":"product_brand","embeddable":true,"href":"https:\/\/bigbuy.tupique.com\/es\/wp-json\/wp\/v2\/product_brand?post=23859"},{"taxonomy":"product_cat","embeddable":true,"href":"https:\/\/bigbuy.tupique.com\/es\/wp-json\/wp\/v2\/product_cat?post=23859"},{"taxonomy":"product_tag","embeddable":true,"href":"https:\/\/bigbuy.tupique.com\/es\/wp-json\/wp\/v2\/product_tag?post=23859"}],"curies":[{"name":"wp","href":"https:\/\/api.w.org\/{rel}","templated":true}]}}