{"id":23653,"date":"2026-03-29T19:52:26","date_gmt":"2026-03-29T18:52:26","guid":{"rendered":"https:\/\/bigbuy.tupique.com\/produto\/bluetooth-headband-headphones-apple-airpods-max-blue\/"},"modified":"2026-04-15T02:59:05","modified_gmt":"2026-04-15T01:59:05","slug":"bluetooth-headband-headphones-apple-airpods-max-blue","status":"publish","type":"product","link":"https:\/\/bigbuy.tupique.com\/es\/produto\/bluetooth-headband-headphones-apple-airpods-max-blue\/","title":{"rendered":"Casque Bluetooth \u00e0 Bandeau Apple AirPods Max Bleu"},"content":{"rendered":"<p>Si vous \u00eates passionn\u00e9 d&#8217;<b>informatique et d&#8217;\u00e9lectronique<\/b>, si vous \u00eates \u00e0 la pointe de la technologie et qu&#8217;aucun d\u00e9tail ne vous \u00e9chappe, achetez <b>Casque Bluetooth \u00e0 Bandeau Apple AirPods Max Bleu<\/b> au meilleur prix.<\/p>\n<ul>\n<li>Fonctions: Acc\u00e9l\u00e9rom\u00e8tre<\/li>\n<li>Couleur: Bleu<\/li>\n<li>Connexions:\n<ul>\n<li>Lightning<\/li>\n<li>Avec fil<\/li>\n<\/ul>\n<\/li>\n<li>Dimensions approx.: 18,7 x 16,9 x 8,3 cm<\/li>\n<li>Type:\n<ul>\n<li>Casques avec Microphone<\/li>\n<li>Avec fil<\/li>\n<li>N\u00e9odyme<\/li>\n<\/ul>\n<\/li>\n<li>Mati\u00e8re: Plastique<\/li>\n<li>Caract\u00e9ristiques:\n<ul>\n<li>R\u00e9duction du bruit<\/li>\n<li>Microphone int\u00e9gr\u00e9<\/li>\n<li>Sans fil<\/li>\n<\/ul>\n<\/li>\n<li>Connectivit\u00e9:\n<ul>\n<li>Bluetooth<\/li>\n<li>Wi-Fi<\/li>\n<li>Sans fil<\/li>\n<li>Bluetooth 5.0<\/li>\n<\/ul>\n<\/li>\n<li>Ann\u00e9e: 2020<\/li>\n<li>Type de casque: Circonf\u00e9rence externe<\/li>\n<li>Syst\u00e8me d&#8217;exploitation: iOS<\/li>\n<li>Compatible: Mac OS<\/li>\n<li>Contr\u00f4leur de volume: Rotary<\/li>\n<li>Casque: Binaural<\/li>\n<li>Type de commande: Dynamique<\/li>\n<li>Utilisation recommand\u00e9e: Appels et musique<\/li>\n<li>Inclut:\n<ul>\n<li>Housse de transport<\/li>\n<li>USB Type-C &#8211; Lightning<\/li>\n<\/ul>\n<\/li>\n<li>Autonomie approx.: 20 heures<\/li>\n<\/ul>\n<p><\/p>\n<p>Voici les AirPods Max. L\u2019accord parfait entre un son haute\u2011fid\u00e9lit\u00e9 enivrant et la magie intuitive des AirPods. Pr\u00e9parez\u2011vous pour une exp\u00e9rience d\u2019\u00e9coute inou\u00efe.<\/p>\n<p><\/p>\n<ul>\n<li>Type de produit: Casque<\/li>\n<li>Style de casque portable: Arceau<\/li>\n<li>Utilisation recommand\u00e9e: Appels et musique<\/li>\n<li>Couleur du produit: Bleu<\/li>\n<li>Type de casque: Binaural<\/li>\n<li>Nom de la couleur: Sky Blue<\/li>\n<li>Commande de volume: Rotatif<\/li>\n<li>Acc\u00e9l\u00e9rom\u00e8tre: Oui<\/li>\n<li>Gyroscope: Oui<\/li>\n<li>Capteur optique: Oui<\/li>\n<li>Capteur de position: Oui<\/li>\n<li>Puce audio: Apple H1<\/li>\n<li>Technologie de connectivit\u00e9: Sans fil<\/li>\n<li>Connecteur de 3,5mm: Non<\/li>\n<li>Connectivit\u00e9 USB: Non<\/li>\n<li>Bluetooth: Oui<\/li>\n<li>Mod\u00e8le du Bluetooth: 5.0<\/li>\n<li>Connecteur Lightning: Oui<\/li>\n<li>Couplage auriculaire: Circum-aural<\/li>\n<li>Type d&#8217;aimant: N\u00e9odyme<\/li>\n<li>Type de pilote: Dynamique<\/li>\n<li>R\u00e9duction du bruit: Oui<\/li>\n<li>Type de r\u00e9duction de bruit: Actif<\/li>\n<li>Mode Transparence: Oui<\/li>\n<li>Type de microphone: Int\u00e9gr\u00e9<\/li>\n<li>Nombre de microphones: 9<\/li>\n<li>Autonomie maximum de la batterie: 20 h<\/li>\n<li>Prise en charge du syst\u00e8me d&#8217;exploitation Mac: Oui<\/li>\n<li>Syst\u00e8me mobile support\u00e9: iOS<\/li>\n<li>Largeur: 168,6 mm<\/li>\n<li>Profondeur: 83,4 mm<\/li>\n<li>Hauteur: 187,3 mm<\/li>\n<li>Poids: 384,8 g<\/li>\n<li>\u00c9tui de transport: Oui<\/li>\n<li>Poids du bo\u00eetier de transport: 134,5 g<\/li>\n<li>C\u00e2bles inclus: USB Type-C to Lightning<\/li>\n<li>Mat\u00e9riel: Aluminium, Mesh, Acier inoxydable<\/li>\n<\/ul>","protected":false},"excerpt":{"rendered":"<p>Si vous \u00eates passionn\u00e9 d&#8217;informatique et d&#8217;\u00e9lectronique, si vous \u00eates \u00e0 la pointe de la technologie et qu&#8217;aucun d\u00e9tail ne vous \u00e9chappe, achetez Casque Bluetooth \u00e0 Bandeau Apple AirPods Max Bleu au meilleur prix. Fonctions: Acc\u00e9l\u00e9rom\u00e8tre Couleur: Bleu Connexions: Lightning Avec fil Dimensions approx.: 18,7 x 16,9 x 8,3 cm Type: Casques avec Microphone Avec [&hellip;]<\/p>\n","protected":false},"featured_media":23652,"comment_status":"open","ping_status":"closed","template":"","meta":[],"product_brand":[979],"product_cat":[65,581,594],"product_tag":[213,566,106],"class_list":{"0":"post-23653","1":"product","2":"type-product","3":"status-publish","4":"has-post-thumbnail","6":"product_brand-brandp_533","7":"product_cat-informatique-electronique","8":"product_cat-informatique-peripheriques-et-consommables","9":"product_cat-micros-et-ecouteurs","10":"product_tag-tag_933","11":"product_tag-tag_547","12":"product_tag-tag_1295","14":"first","15":"instock","16":"taxable","17":"shipping-taxable","18":"purchasable","19":"product-type-simple"},"_links":{"self":[{"href":"https:\/\/bigbuy.tupique.com\/es\/wp-json\/wp\/v2\/product\/23653","targetHints":{"allow":["GET"]}}],"collection":[{"href":"https:\/\/bigbuy.tupique.com\/es\/wp-json\/wp\/v2\/product"}],"about":[{"href":"https:\/\/bigbuy.tupique.com\/es\/wp-json\/wp\/v2\/types\/product"}],"replies":[{"embeddable":true,"href":"https:\/\/bigbuy.tupique.com\/es\/wp-json\/wp\/v2\/comments?post=23653"}],"wp:featuredmedia":[{"embeddable":true,"href":"https:\/\/bigbuy.tupique.com\/es\/wp-json\/wp\/v2\/media\/23652"}],"wp:attachment":[{"href":"https:\/\/bigbuy.tupique.com\/es\/wp-json\/wp\/v2\/media?parent=23653"}],"wp:term":[{"taxonomy":"product_brand","embeddable":true,"href":"https:\/\/bigbuy.tupique.com\/es\/wp-json\/wp\/v2\/product_brand?post=23653"},{"taxonomy":"product_cat","embeddable":true,"href":"https:\/\/bigbuy.tupique.com\/es\/wp-json\/wp\/v2\/product_cat?post=23653"},{"taxonomy":"product_tag","embeddable":true,"href":"https:\/\/bigbuy.tupique.com\/es\/wp-json\/wp\/v2\/product_tag?post=23653"}],"curies":[{"name":"wp","href":"https:\/\/api.w.org\/{rel}","templated":true}]}}