{"id":23410,"date":"2026-03-29T19:36:56","date_gmt":"2026-03-29T18:36:56","guid":{"rendered":"https:\/\/bigbuy.tupique.com\/produto\/smartphone-apple-iphone-16-61-128-gb-white\/"},"modified":"2026-04-16T10:06:06","modified_gmt":"2026-04-16T09:06:06","slug":"smartphone-apple-iphone-16-61-128-gb-white","status":"publish","type":"product","link":"https:\/\/bigbuy.tupique.com\/es\/produto\/smartphone-apple-iphone-16-61-128-gb-white\/","title":{"rendered":"Smartphone Apple iPhone 16 6,1&#8243; 128 GB Blanc"},"content":{"rendered":"<p>Si vous \u00eates passionn\u00e9 d&#8217;<b>informatique et d&#8217;\u00e9lectronique<\/b>, si vous \u00eates \u00e0 la pointe de la technologie et qu&#8217;aucun d\u00e9tail ne vous \u00e9chappe, achetez <b>Smartphone Apple iPhone 16 6,1&#8243; 128 GB Blanc<\/b> au meilleur prix.<\/p>\n<p>Le <b>iPhone 16<\/b> d\u2019Apple est un <b>smartphone<\/b> de derni\u00e8re g\u00e9n\u00e9ration qui allie un design \u00e9l\u00e9gant en couleur <b>blanc<\/b> \u00e0 des performances techniques avanc\u00e9es pour les utilisateurs exigeants. Ce mod\u00e8le dispose d\u2019un <b>\u00e9cran de 6,1 pouces<\/b> offrant une exp\u00e9rience visuelle immersive et d\u00e9taill\u00e9e, id\u00e9ale pour la lecture multim\u00e9dia et la navigation quotidienne. Il poss\u00e8de une capacit\u00e9 de <b>stockage interne de 128 Go<\/b>, suffisante pour conserver une grande vari\u00e9t\u00e9 d\u2019applications, photos, vid\u00e9os et documents sans souci. De plus, il est \u00e9quip\u00e9 de <b>8 Go de m\u00e9moire RAM<\/b>, assurant une fluidit\u00e9 et un multit\u00e2che efficaces avec plusieurs applications ouvertes. Parmi ses caract\u00e9ristiques principales, il int\u00e8gre la technologie <b>GPS<\/b> pour une localisation pr\u00e9cise et un syst\u00e8me de <b>barom\u00e8tre<\/b>, utile pour mesurer les variations de pression atmosph\u00e9rique, pratique pour les applications m\u00e9t\u00e9o et d\u2019altitude. Il comprend \u00e9galement un capteur de lumi\u00e8re ambiante qui ajuste automatiquement la luminosit\u00e9 de l\u2019\u00e9cran pour une meilleure exp\u00e9rience visuelle et une \u00e9conomie d\u2019\u00e9nergie, ainsi qu\u2019un support pour les <b>messages MMS<\/b>, facilitant la communication par messages multim\u00e9dias. En r\u00e9sum\u00e9, l\u2019iPhone 16 combine un ensemble \u00e9quilibr\u00e9 de mat\u00e9riel et de fonctionnalit\u00e9s garantissant une utilisation polyvalente pour le divertissement, la productivit\u00e9 et la connectivit\u00e9. Cet appareil repr\u00e9sente une valeur s\u00fbre dans la gamme haute des smartphones, associant performance, design et technologies utiles pour l\u2019utilisateur connect\u00e9.<\/p>\n<ul>\n<li>Couleur: Blanc<\/li>\n<li>Connectivit\u00e9:\n<ul>\n<li>NFC<\/li>\n<li>5G<\/li>\n<li>Bluetooth<\/li>\n<li>Wi-Fi<\/li>\n<li>BeiDou<\/li>\n<li>Positionnement de Wi-Fi<\/li>\n<li>Bluetooth 5.3<\/li>\n<li>WI-FI 7<\/li>\n<\/ul>\n<\/li>\n<li>Caract\u00e9ristiques:\n<ul>\n<li>Capteurs<\/li>\n<li>Mode nuit<\/li>\n<li>Capteur de proximit\u00e9<\/li>\n<li>\u00c9cran HDR<\/li>\n<li>Apple Pay<\/li>\n<li>Ecran<\/li>\n<li>Wi-Fi<\/li>\n<li>GPS<\/li>\n<li>Barom\u00e8tre<\/li>\n<li>Capteur de lumi\u00e8re ambiante<\/li>\n<li>MMS<\/li>\n<li>Appel vid\u00e9o<\/li>\n<li>HDR<\/li>\n<li>Autofocus<\/li>\n<li>Activation vocale<\/li>\n<li>Chargement rapide et fiable<\/li>\n<li>SMS<\/li>\n<li>Chargeur sans fil<\/li>\n<li>Syst\u00e8me de reconnaissance faciale<\/li>\n<li>Stabilisateur d&#8217;image<\/li>\n<li>Ceramic Shield<\/li>\n<li>\u00c9cran avec coins arrondis<\/li>\n<li>\u00c9cran plat<\/li>\n<\/ul>\n<\/li>\n<li>Processeur: Hexa Core<\/li>\n<li>Cam\u00e9ra\/Appareil Photo:\n<ul>\n<li>48 MP<\/li>\n<li>12 mpx<\/li>\n<li>Dual<\/li>\n<li>12 MP<\/li>\n<li>Frontal<\/li>\n<\/ul>\n<\/li>\n<li>M\u00e9moire interne: 128 GB<\/li>\n<li>Connexions:\n<ul>\n<li>Dual SIM<\/li>\n<li>USB-C<\/li>\n<li>USB<\/li>\n<\/ul>\n<\/li>\n<li>Ecran: 6,1&#8243;<\/li>\n<li>R\u00e9solution (px):\n<ul>\n<li>2556 x 1179 px<\/li>\n<li>3840 x 2160 px<\/li>\n<li>2160 px<\/li>\n<\/ul>\n<\/li>\n<li>Syst\u00e8me d&#8217;exploitation: iOS<\/li>\n<li>M\u00e9moire RAM: 8 GB RAM<\/li>\n<li>Produit \u00e0 brancher: Oui<\/li>\n<li>Type:\n<ul>\n<li>Smartphone<\/li>\n<li>D\u00e9clenchement de l&#8217;appareil photo<\/li>\n<\/ul>\n<\/li>\n<li>Type de prise: Prise EU<\/li>\n<li>Bloc d\u2019Alimentation:\n<ul>\n<li>r\u00e9seau \u00e9lectrique<\/li>\n<li>USB<\/li>\n<\/ul>\n<\/li>\n<li>puissance: 30 W<\/li>\n<li>Fonctions:\n<ul>\n<li>D\u00e9clencheur<\/li>\n<li>ECO<\/li>\n<li>G\u00e9olocalisation<\/li>\n<li>Vibration<\/li>\n<\/ul>\n<\/li>\n<li>Zoom Num\u00e9rique: 10x<\/li>\n<li>Classification \u00e9nerg\u00e9tique: B<\/li>\n<li>Facteur de forme: Bar<\/li>\n<li>Capteurs:\n<ul>\n<li>Acc\u00e9l\u00e9rom\u00e8tre<\/li>\n<li>Gyroscope<\/li>\n<\/ul>\n<\/li>\n<li>Classification IP: IP68<\/li>\n<li>Compatible: Windows<\/li>\n<li>Inclut:\n<ul>\n<li>Haut-parleur<\/li>\n<li>USB Type-C &#8211; USB Type-C<\/li>\n<\/ul>\n<\/li>\n<li>Technologie:\n<ul>\n<li>Mime<\/li>\n<li>Glonass<\/li>\n<li>OLED<\/li>\n<li>Capacitive<\/li>\n<\/ul>\n<\/li>\n<li>Brille: 1000 cd\/m\u00b2<\/li>\n<li>Flash: Oui<\/li>\n<li>Non Inclus: Adaptateur AC<\/li>\n<li>Autonomie approx.: 22 heures<\/li>\n<li>Fr\u00e9quence: 60 Hz<\/li>\n<li>Angle: 120\u00ba<\/li>\n<li>Type de batterie: Litio Ion<\/li>\n<li>Noyaux:\n<ul>\n<li>6 Noyaux<\/li>\n<li>16 Noyaux<\/li>\n<\/ul>\n<\/li>\n<li>Diagonale de l&#8217;\u00e9cran (cm): 15,5 cm<\/li>\n<li>Dispositif intelligent: Apple Intelligence<\/li>\n<\/ul>","protected":false},"excerpt":{"rendered":"<p>Si vous \u00eates passionn\u00e9 d&#8217;informatique et d&#8217;\u00e9lectronique, si vous \u00eates \u00e0 la pointe de la technologie et qu&#8217;aucun d\u00e9tail ne vous \u00e9chappe, achetez Smartphone Apple iPhone 16 6,1&#8243; 128 GB Blanc au meilleur prix. Le iPhone 16 d\u2019Apple est un smartphone de derni\u00e8re g\u00e9n\u00e9ration qui allie un design \u00e9l\u00e9gant en couleur blanc \u00e0 des performances [&hellip;]<\/p>\n","protected":false},"featured_media":23398,"comment_status":"open","ping_status":"closed","template":"","meta":[],"product_brand":[979],"product_cat":[575,65,960],"product_tag":[213,566,106],"class_list":{"0":"post-23410","1":"product","2":"type-product","3":"status-publish","4":"has-post-thumbnail","6":"product_brand-brandp_533","7":"product_cat-electronique-telephonie-et-tablettes","8":"product_cat-informatique-electronique","9":"product_cat-telephones-portables","10":"product_tag-tag_933","11":"product_tag-tag_547","12":"product_tag-tag_1295","14":"first","15":"instock","16":"taxable","17":"shipping-taxable","18":"purchasable","19":"product-type-simple"},"_links":{"self":[{"href":"https:\/\/bigbuy.tupique.com\/es\/wp-json\/wp\/v2\/product\/23410","targetHints":{"allow":["GET"]}}],"collection":[{"href":"https:\/\/bigbuy.tupique.com\/es\/wp-json\/wp\/v2\/product"}],"about":[{"href":"https:\/\/bigbuy.tupique.com\/es\/wp-json\/wp\/v2\/types\/product"}],"replies":[{"embeddable":true,"href":"https:\/\/bigbuy.tupique.com\/es\/wp-json\/wp\/v2\/comments?post=23410"}],"wp:featuredmedia":[{"embeddable":true,"href":"https:\/\/bigbuy.tupique.com\/es\/wp-json\/wp\/v2\/media\/23398"}],"wp:attachment":[{"href":"https:\/\/bigbuy.tupique.com\/es\/wp-json\/wp\/v2\/media?parent=23410"}],"wp:term":[{"taxonomy":"product_brand","embeddable":true,"href":"https:\/\/bigbuy.tupique.com\/es\/wp-json\/wp\/v2\/product_brand?post=23410"},{"taxonomy":"product_cat","embeddable":true,"href":"https:\/\/bigbuy.tupique.com\/es\/wp-json\/wp\/v2\/product_cat?post=23410"},{"taxonomy":"product_tag","embeddable":true,"href":"https:\/\/bigbuy.tupique.com\/es\/wp-json\/wp\/v2\/product_tag?post=23410"}],"curies":[{"name":"wp","href":"https:\/\/api.w.org\/{rel}","templated":true}]}}