{"id":23357,"date":"2026-03-29T19:35:36","date_gmt":"2026-03-29T18:35:36","guid":{"rendered":"https:\/\/bigbuy.tupique.com\/produto\/smartphone-apple-iphone-16-61-128-gb-blue\/"},"modified":"2026-04-16T13:50:45","modified_gmt":"2026-04-16T12:50:45","slug":"smartphone-apple-iphone-16-61-128-gb-blue","status":"publish","type":"product","link":"https:\/\/bigbuy.tupique.com\/es\/produto\/smartphone-apple-iphone-16-61-128-gb-blue\/","title":{"rendered":"Smartphone Apple iPhone 16 6,1&#8243; 128 GB Bleu"},"content":{"rendered":"<p>Si vous \u00eates passionn\u00e9 d&#8217;<b>informatique et d&#8217;\u00e9lectronique<\/b>, si vous \u00eates \u00e0 la pointe de la technologie et qu&#8217;aucun d\u00e9tail ne vous \u00e9chappe, achetez <b>Smartphone Apple iPhone 16 6,1&#8243; 128 GB Bleu<\/b> au meilleur prix.<\/p>\n<p>L\u2019<b>iPhone 16<\/b> en \u00e9l\u00e9gant <b>bleu<\/b> d\u2019Apple est un <b>smartphone<\/b> avanc\u00e9 con\u00e7u pour ceux qui recherchent une technologie de pointe et une fiabilit\u00e9 au quotidien. Son <b>\u00e9cran de 6,1 pouces<\/b> offre une exp\u00e9rience visuelle immersive, avec une excellente nettet\u00e9 et luminosit\u00e9 pour profiter pleinement des contenus multim\u00e9dias et de la navigation intensive. Ce mod\u00e8le int\u00e8gre <b>8 Go de RAM<\/b>, assurant une utilisation fluide m\u00eame avec plusieurs applications ouvertes, ainsi qu\u2019une capacit\u00e9 interne de <b>128 Go de stockage<\/b> pour conserver photos, vid\u00e9os et applications. Fabriqu\u00e9 avec des mat\u00e9riaux de haute qualit\u00e9, il dispose d\u2019une protection <b>r\u00e9sistante \u00e0 l\u2019eau<\/b>, le rendant adapt\u00e9 aux environnements urbains et aux activit\u00e9s en ext\u00e9rieur sans compromettre la s\u00e9curit\u00e9 de l\u2019appareil. Il est \u00e9quip\u00e9 d\u2019un <b>GPS int\u00e9gr\u00e9<\/b>, id\u00e9al pour ceux qui exigent pr\u00e9cision et confort lors de leurs d\u00e9placements quotidiens. Il comprend \u00e9galement un <b>acc\u00e9l\u00e9rom\u00e8tre<\/b> et un <b>barom\u00e8tre<\/b>, fonctions particuli\u00e8rement utiles pour les applications sportives, le suivi d\u2019activit\u00e9 ou la gestion de la sant\u00e9. Un <b>d\u00e9clencheur pour cam\u00e9ras<\/b> optimis\u00e9 permet de capturer rapidement photos et vid\u00e9os de qualit\u00e9, perp\u00e9tuant la tradition Apple d\u2019offrir des appareils photo performants. Son design soign\u00e9 et reconnaissable s\u2019accompagne de toutes les fonctionnalit\u00e9s propres \u00e0 l\u2019\u00e9cosyst\u00e8me Apple, permettant une int\u00e9gration parfaite avec les autres appareils de la marque et l\u2019acc\u00e8s \u00e0 une large gamme de services et d\u2019applications exclusifs. Cet appareil allie technologie de pointe et facilit\u00e9 d\u2019utilisation, id\u00e9al pour les utilisateurs exigeants qui appr\u00e9cient la continuit\u00e9, la s\u00e9curit\u00e9 et l\u2019efficacit\u00e9 dans leur t\u00e9l\u00e9phone mobile.<\/p>\n<ul>\n<li>R\u00e9solution (px):\n<ul>\n<li>2556 x 1179 px<\/li>\n<li>3840 x 2160 px<\/li>\n<li>2160 px<\/li>\n<\/ul>\n<\/li>\n<li>Connectivit\u00e9:\n<ul>\n<li>NFC<\/li>\n<li>Bluetooth 5.0<\/li>\n<li>5G<\/li>\n<li>Wi-Fi<\/li>\n<li>Bluetooth<\/li>\n<li>BeiDou<\/li>\n<li>Positionnement de Wi-Fi<\/li>\n<li>Bluetooth 5.3<\/li>\n<li>WI-FI 7<\/li>\n<\/ul>\n<\/li>\n<li>Gyroscope: Oui<\/li>\n<li>Haut-parleur: Oui<\/li>\n<li>Glonass: Oui<\/li>\n<li>Stabilisateur d&#8217;image: Oui<\/li>\n<li>Caract\u00e9ristiques:\n<ul>\n<li>Capteurs<\/li>\n<li>Mode nuit<\/li>\n<li>Capteur de proximit\u00e9<\/li>\n<li>R\u00e9sistant \u00e0 l&#8217;eau<\/li>\n<li>Acc\u00e9l\u00e9rom\u00e8tre<\/li>\n<li>\u00c9cran HDR<\/li>\n<li>Apple Pay<\/li>\n<li>Ecran<\/li>\n<li>Wi-Fi<\/li>\n<li>GPS<\/li>\n<li>Barom\u00e8tre<\/li>\n<li>Capteur de lumi\u00e8re ambiante<\/li>\n<li>MMS<\/li>\n<li>Appel vid\u00e9o<\/li>\n<li>HDR<\/li>\n<li>Autofocus<\/li>\n<li>Activation vocale<\/li>\n<li>Chargement rapide et fiable<\/li>\n<li>SMS<\/li>\n<li>Chargeur sans fil<\/li>\n<li>Syst\u00e8me de reconnaissance faciale<\/li>\n<li>Stabilisateur d&#8217;image<\/li>\n<li>Ceramic Shield<\/li>\n<li>\u00c9cran avec coins arrondis<\/li>\n<li>\u00c9cran plat<\/li>\n<\/ul>\n<\/li>\n<li>Processeur: Hexa Core<\/li>\n<li>Plate-forme: iOS<\/li>\n<li>Cam\u00e9ra\/Appareil Photo:\n<ul>\n<li>48 MP<\/li>\n<li>12 mpx<\/li>\n<li>Dual<\/li>\n<li>12 MP<\/li>\n<li>Frontal<\/li>\n<\/ul>\n<\/li>\n<li>Mati\u00e8re:\n<ul>\n<li>verre<\/li>\n<li>Aluminium<\/li>\n<\/ul>\n<\/li>\n<li>M\u00e9moire interne: 128 GB<\/li>\n<li>Noyaux:\n<ul>\n<li>6 Noyaux<\/li>\n<li>16 Noyaux<\/li>\n<\/ul>\n<\/li>\n<li>Connexions:\n<ul>\n<li>Dual SIM<\/li>\n<li>USB-C<\/li>\n<li>USB<\/li>\n<\/ul>\n<\/li>\n<li>Ecran: 6,1&#8243;<\/li>\n<li>M\u00e9moire RAM: 8 GB RAM<\/li>\n<li>Zoom Num\u00e9rique: 10x<\/li>\n<li>Zoom Optique: 4x<\/li>\n<li>Couleur: Bleu<\/li>\n<li>Classification IP: IP68<\/li>\n<li>Facteur de forme: Bar<\/li>\n<li>Syst\u00e8me d&#8217;exploitation: iOS<\/li>\n<li>Produit \u00e0 brancher: Oui<\/li>\n<li>Type:\n<ul>\n<li>Smartphone<\/li>\n<li>D\u00e9clenchement de l&#8217;appareil photo<\/li>\n<\/ul>\n<\/li>\n<li>Type de prise: Prise EU<\/li>\n<li>Bloc d\u2019Alimentation:\n<ul>\n<li>r\u00e9seau \u00e9lectrique<\/li>\n<li>USB<\/li>\n<\/ul>\n<\/li>\n<li>puissance: 30 W<\/li>\n<li>Fonctions:\n<ul>\n<li>D\u00e9clencheur<\/li>\n<li>ECO<\/li>\n<li>G\u00e9olocalisation<\/li>\n<li>Vibration<\/li>\n<\/ul>\n<\/li>\n<li>Classification \u00e9nerg\u00e9tique: B<\/li>\n<li>Capteurs:\n<ul>\n<li>Acc\u00e9l\u00e9rom\u00e8tre<\/li>\n<li>Gyroscope<\/li>\n<\/ul>\n<\/li>\n<li>Compatible: Windows<\/li>\n<li>Inclut:\n<ul>\n<li>Haut-parleur<\/li>\n<li>USB Type-C &#8211; USB Type-C<\/li>\n<\/ul>\n<\/li>\n<li>Technologie:\n<ul>\n<li>Mime<\/li>\n<li>Glonass<\/li>\n<li>OLED<\/li>\n<li>Capacitive<\/li>\n<\/ul>\n<\/li>\n<li>Brille: 1000 cd\/m\u00b2<\/li>\n<li>Flash: Oui<\/li>\n<li>Non Inclus: Adaptateur AC<\/li>\n<li>Autonomie approx.: 22 heures<\/li>\n<li>Angle: 120\u00ba<\/li>\n<li>Type de batterie: Litio Ion<\/li>\n<li>Diagonale de l&#8217;\u00e9cran (cm): 15,5 cm<\/li>\n<li>Dispositif intelligent: Apple Intelligence<\/li>\n<\/ul>","protected":false},"excerpt":{"rendered":"<p>Si vous \u00eates passionn\u00e9 d&#8217;informatique et d&#8217;\u00e9lectronique, si vous \u00eates \u00e0 la pointe de la technologie et qu&#8217;aucun d\u00e9tail ne vous \u00e9chappe, achetez Smartphone Apple iPhone 16 6,1&#8243; 128 GB Bleu au meilleur prix. L\u2019iPhone 16 en \u00e9l\u00e9gant bleu d\u2019Apple est un smartphone avanc\u00e9 con\u00e7u pour ceux qui recherchent une technologie de pointe et une [&hellip;]<\/p>\n","protected":false},"featured_media":23348,"comment_status":"open","ping_status":"closed","template":"","meta":[],"product_brand":[979],"product_cat":[575,65,960],"product_tag":[213,566,106],"class_list":{"0":"post-23357","1":"product","2":"type-product","3":"status-publish","4":"has-post-thumbnail","6":"product_brand-brandp_533","7":"product_cat-electronique-telephonie-et-tablettes","8":"product_cat-informatique-electronique","9":"product_cat-telephones-portables","10":"product_tag-tag_933","11":"product_tag-tag_547","12":"product_tag-tag_1295","14":"first","15":"instock","16":"taxable","17":"shipping-taxable","18":"purchasable","19":"product-type-simple"},"_links":{"self":[{"href":"https:\/\/bigbuy.tupique.com\/es\/wp-json\/wp\/v2\/product\/23357","targetHints":{"allow":["GET"]}}],"collection":[{"href":"https:\/\/bigbuy.tupique.com\/es\/wp-json\/wp\/v2\/product"}],"about":[{"href":"https:\/\/bigbuy.tupique.com\/es\/wp-json\/wp\/v2\/types\/product"}],"replies":[{"embeddable":true,"href":"https:\/\/bigbuy.tupique.com\/es\/wp-json\/wp\/v2\/comments?post=23357"}],"wp:featuredmedia":[{"embeddable":true,"href":"https:\/\/bigbuy.tupique.com\/es\/wp-json\/wp\/v2\/media\/23348"}],"wp:attachment":[{"href":"https:\/\/bigbuy.tupique.com\/es\/wp-json\/wp\/v2\/media?parent=23357"}],"wp:term":[{"taxonomy":"product_brand","embeddable":true,"href":"https:\/\/bigbuy.tupique.com\/es\/wp-json\/wp\/v2\/product_brand?post=23357"},{"taxonomy":"product_cat","embeddable":true,"href":"https:\/\/bigbuy.tupique.com\/es\/wp-json\/wp\/v2\/product_cat?post=23357"},{"taxonomy":"product_tag","embeddable":true,"href":"https:\/\/bigbuy.tupique.com\/es\/wp-json\/wp\/v2\/product_tag?post=23357"}],"curies":[{"name":"wp","href":"https:\/\/api.w.org\/{rel}","templated":true}]}}