{"id":23266,"date":"2026-03-29T19:23:57","date_gmt":"2026-03-29T18:23:57","guid":{"rendered":"https:\/\/bigbuy.tupique.com\/produto\/smartphone-google-pixel-8-62-8-gb-ram-256-gb-black\/"},"modified":"2026-04-15T06:02:26","modified_gmt":"2026-04-15T05:02:26","slug":"smartphone-google-pixel-8-62-8-gb-ram-256-gb-black","status":"publish","type":"product","link":"https:\/\/bigbuy.tupique.com\/es\/produto\/smartphone-google-pixel-8-62-8-gb-ram-256-gb-black\/","title":{"rendered":"Smartphone Google Pixel 8 6,2&#8243; 8 GB RAM 256 GB Noir"},"content":{"rendered":"<p>Si vous \u00eates passionn\u00e9 d&#8217;<b>informatique et d&#8217;\u00e9lectronique<\/b>, si vous \u00eates \u00e0 la pointe de la technologie et qu&#8217;aucun d\u00e9tail ne vous \u00e9chappe, achetez <b>Smartphone Google Pixel 8 6,2&#8243; 8 GB RAM 256 GB Noir<\/b> au meilleur prix.<\/p>\n<ul>\n<li>Couleur: Noir<\/li>\n<li>Connexions:\n<ul>\n<li>Dual SIM<\/li>\n<li>USB-C<\/li>\n<li>USB<\/li>\n<\/ul>\n<\/li>\n<li>Connectivit\u00e9:\n<ul>\n<li>Bluetooth 5.0<\/li>\n<li>Glonass<\/li>\n<li>Bluetooth<\/li>\n<li>Wi-Fi<\/li>\n<li>NFC<\/li>\n<li>5G<\/li>\n<li>LTE<\/li>\n<li>Bluetooth 5.3<\/li>\n<li>WI-FI 7<\/li>\n<\/ul>\n<\/li>\n<li>Stabilisateur d&#8217;image: Oui<\/li>\n<li>Technologie:\n<ul>\n<li>OLED<\/li>\n<li>Mime<\/li>\n<li>Glonass<\/li>\n<\/ul>\n<\/li>\n<li>Fr\u00e9quence: 120 Hz<\/li>\n<li>M\u00e9moire interne: 256 GB<\/li>\n<li>Diagonale de l&#8217;\u00e9cran (cm): 15,7 cm<\/li>\n<li>Ecran: 6,2&#8243;<\/li>\n<li>M\u00e9moire RAM: 8 GB RAM<\/li>\n<li>Zoom Optique: 2x<\/li>\n<li>Caract\u00e9ristiques:\n<ul>\n<li>Acc\u00e9l\u00e9rom\u00e8tre<\/li>\n<li>Gyroscope<\/li>\n<li>GPS<\/li>\n<li>Barom\u00e8tre<\/li>\n<li>Capteur de lumi\u00e8re ambiante<\/li>\n<li>HDR<\/li>\n<li>Autofocus<\/li>\n<li>Chargement rapide et fiable<\/li>\n<li>Chargeur sans fil<\/li>\n<li>Syst\u00e8me de reconnaissance faciale<\/li>\n<li>Stabilisateur d&#8217;image<\/li>\n<li>Lecteur d&#8217;empreintes<\/li>\n<li>Capteur de proximit\u00e9<\/li>\n<li>Gorilla Glass<\/li>\n<li>\u00c9cran plat<\/li>\n<\/ul>\n<\/li>\n<li>Facteur de forme: Bar<\/li>\n<li>Mati\u00e8re: Aluminium<\/li>\n<li>Produit \u00e0 brancher: Oui<\/li>\n<li>Type: Smartphone<\/li>\n<li>Type de prise: Prise EU<\/li>\n<li>Bloc d\u2019Alimentation: r\u00e9seau \u00e9lectrique<\/li>\n<li>Indice de r\u00e9parabilit\u00e9: 8.2<\/li>\n<li>Syst\u00e8me d&#8217;exploitation: Android<\/li>\n<li>puissance: 27 W<\/li>\n<li>Cam\u00e9ra\/Appareil Photo:\n<ul>\n<li>50 Mp<\/li>\n<li>Dual<\/li>\n<li>12 MP<\/li>\n<li>Frontal<\/li>\n<\/ul>\n<\/li>\n<li>Capteurs:\n<ul>\n<li>Acc\u00e9l\u00e9rom\u00e8tre<\/li>\n<li>Gyroscope<\/li>\n<li>Magn\u00e9tique<\/li>\n<\/ul>\n<\/li>\n<li>Classification IP: IP68<\/li>\n<li>Fonctions: ECO<\/li>\n<li>R\u00e9solution: 1080 x 2400 px<\/li>\n<li>Non Inclus: Adaptateur AC<\/li>\n<li>Rapport d&#8217;aspect: 20:9<\/li>\n<li>Rapport de contraste: 1000000:1<\/li>\n<\/ul>","protected":false},"excerpt":{"rendered":"<p>Si vous \u00eates passionn\u00e9 d&#8217;informatique et d&#8217;\u00e9lectronique, si vous \u00eates \u00e0 la pointe de la technologie et qu&#8217;aucun d\u00e9tail ne vous \u00e9chappe, achetez Smartphone Google Pixel 8 6,2&#8243; 8 GB RAM 256 GB Noir au meilleur prix. Couleur: Noir Connexions: Dual SIM USB-C USB Connectivit\u00e9: Bluetooth 5.0 Glonass Bluetooth Wi-Fi NFC 5G LTE Bluetooth 5.3 [&hellip;]<\/p>\n","protected":false},"featured_media":23260,"comment_status":"open","ping_status":"closed","template":"","meta":[],"product_brand":[1149],"product_cat":[575,65,960],"product_tag":[213,566,106],"class_list":{"0":"post-23266","1":"product","2":"type-product","3":"status-publish","4":"has-post-thumbnail","6":"product_brand-brandp_2817","7":"product_cat-electronique-telephonie-et-tablettes","8":"product_cat-informatique-electronique","9":"product_cat-telephones-portables","10":"product_tag-tag_933","11":"product_tag-tag_547","12":"product_tag-tag_1295","14":"first","15":"instock","16":"taxable","17":"shipping-taxable","18":"purchasable","19":"product-type-simple"},"_links":{"self":[{"href":"https:\/\/bigbuy.tupique.com\/es\/wp-json\/wp\/v2\/product\/23266","targetHints":{"allow":["GET"]}}],"collection":[{"href":"https:\/\/bigbuy.tupique.com\/es\/wp-json\/wp\/v2\/product"}],"about":[{"href":"https:\/\/bigbuy.tupique.com\/es\/wp-json\/wp\/v2\/types\/product"}],"replies":[{"embeddable":true,"href":"https:\/\/bigbuy.tupique.com\/es\/wp-json\/wp\/v2\/comments?post=23266"}],"wp:featuredmedia":[{"embeddable":true,"href":"https:\/\/bigbuy.tupique.com\/es\/wp-json\/wp\/v2\/media\/23260"}],"wp:attachment":[{"href":"https:\/\/bigbuy.tupique.com\/es\/wp-json\/wp\/v2\/media?parent=23266"}],"wp:term":[{"taxonomy":"product_brand","embeddable":true,"href":"https:\/\/bigbuy.tupique.com\/es\/wp-json\/wp\/v2\/product_brand?post=23266"},{"taxonomy":"product_cat","embeddable":true,"href":"https:\/\/bigbuy.tupique.com\/es\/wp-json\/wp\/v2\/product_cat?post=23266"},{"taxonomy":"product_tag","embeddable":true,"href":"https:\/\/bigbuy.tupique.com\/es\/wp-json\/wp\/v2\/product_tag?post=23266"}],"curies":[{"name":"wp","href":"https:\/\/api.w.org\/{rel}","templated":true}]}}