{"id":23193,"date":"2026-03-29T19:22:13","date_gmt":"2026-03-29T18:22:13","guid":{"rendered":"https:\/\/bigbuy.tupique.com\/produto\/holder-apc-ar8136blk200-black\/"},"modified":"2026-05-11T19:59:00","modified_gmt":"2026-05-11T17:59:00","slug":"holder-apc-ar8136blk200-black","status":"publish","type":"product","link":"https:\/\/bigbuy.tupique.com\/es\/produto\/holder-apc-ar8136blk200-black\/","title":{"rendered":"Support APC AR8136BLK200 Noir"},"content":{"rendered":"<p>Si vous \u00eates passionn\u00e9 d&#8217;<b>informatique et d&#8217;\u00e9lectronique<\/b>, si vous \u00eates \u00e0 la pointe de la technologie et qu&#8217;aucun d\u00e9tail ne vous \u00e9chappe, achetez <b>Support APC AR8136BLK200 Noir<\/b> au meilleur prix.<\/p>\n<ul>\n<li>Type: Support<\/li>\n<li>Couleur: Noir<\/li>\n<li>Tension: 240 V<\/li>\n<li>Certificat: RoHS<\/li>\n<\/ul>","protected":false},"excerpt":{"rendered":"<p>Si vous \u00eates passionn\u00e9 d&#8217;informatique et d&#8217;\u00e9lectronique, si vous \u00eates \u00e0 la pointe de la technologie et qu&#8217;aucun d\u00e9tail ne vous \u00e9chappe, achetez Support APC AR8136BLK200 Noir au meilleur prix. Type: Support Couleur: Noir Tension: 240 V Certificat: RoHS<\/p>","protected":false},"featured_media":23192,"comment_status":"open","ping_status":"closed","template":"","meta":[],"product_brand":[649],"product_cat":[623,65,973],"product_tag":[566,164],"class_list":{"0":"post-23193","1":"product","2":"type-product","3":"status-publish","4":"has-post-thumbnail","6":"product_brand-brandp_532","7":"product_cat-electronique-gps-et-automobile","8":"product_cat-informatique-electronique","9":"product_cat-supports-pour-portables-et-tablettes","10":"product_tag-tag_547","11":"product_tag-tag_152","13":"first","14":"instock","15":"taxable","16":"shipping-taxable","17":"purchasable","18":"product-type-simple"},"_links":{"self":[{"href":"https:\/\/bigbuy.tupique.com\/es\/wp-json\/wp\/v2\/product\/23193","targetHints":{"allow":["GET"]}}],"collection":[{"href":"https:\/\/bigbuy.tupique.com\/es\/wp-json\/wp\/v2\/product"}],"about":[{"href":"https:\/\/bigbuy.tupique.com\/es\/wp-json\/wp\/v2\/types\/product"}],"replies":[{"embeddable":true,"href":"https:\/\/bigbuy.tupique.com\/es\/wp-json\/wp\/v2\/comments?post=23193"}],"wp:featuredmedia":[{"embeddable":true,"href":"https:\/\/bigbuy.tupique.com\/es\/wp-json\/wp\/v2\/media\/23192"}],"wp:attachment":[{"href":"https:\/\/bigbuy.tupique.com\/es\/wp-json\/wp\/v2\/media?parent=23193"}],"wp:term":[{"taxonomy":"product_brand","embeddable":true,"href":"https:\/\/bigbuy.tupique.com\/es\/wp-json\/wp\/v2\/product_brand?post=23193"},{"taxonomy":"product_cat","embeddable":true,"href":"https:\/\/bigbuy.tupique.com\/es\/wp-json\/wp\/v2\/product_cat?post=23193"},{"taxonomy":"product_tag","embeddable":true,"href":"https:\/\/bigbuy.tupique.com\/es\/wp-json\/wp\/v2\/product_tag?post=23193"}],"curies":[{"name":"wp","href":"https:\/\/api.w.org\/{rel}","templated":true}]}}