{"id":23098,"date":"2026-03-29T19:19:51","date_gmt":"2026-03-29T18:19:51","guid":{"rendered":"https:\/\/bigbuy.tupique.com\/produto\/keyboard-apple-mxk83f-a-black-azerty\/"},"modified":"2026-04-16T15:31:16","modified_gmt":"2026-04-16T14:31:16","slug":"keyboard-apple-mxk83f-a-black-azerty","status":"publish","type":"product","link":"https:\/\/bigbuy.tupique.com\/es\/produto\/keyboard-apple-mxk83f-a-black-azerty\/","title":{"rendered":"Clavier Apple MXK83F\/A Noir AZERTY"},"content":{"rendered":"<p>Retournez au bureau sans rien oublier ! Achetez <b>Clavier Apple MXK83F\/A Noir AZERTY<\/b> et faites envie \u00e0 vos coll\u00e8gues!<\/p>\n<ul>\n<li>Type:\n<ul>\n<li>Clavier<\/li>\n<li>Universel<\/li>\n<li>Clavier num\u00e9rique<\/li>\n<\/ul>\n<\/li>\n<li>Langue:\n<ul>\n<li>Anglais<\/li>\n<li>Fran\u00e7ais<\/li>\n<\/ul>\n<\/li>\n<li>Couleur: Noir<\/li>\n<li>Caract\u00e9ristiques:\n<ul>\n<li>Port de chargement USB<\/li>\n<li>Touches multim\u00e9dia<\/li>\n<\/ul>\n<\/li>\n<li>Connexions: USB-C<\/li>\n<li>Type de batterie: Int\u00e9gr\u00e9e<\/li>\n<li>Non inclut: Souris<\/li>\n<li>Clavier: AZERTY<\/li>\n<\/ul>","protected":false},"excerpt":{"rendered":"<p>Retournez au bureau sans rien oublier ! Achetez Clavier Apple MXK83F\/A Noir AZERTY et faites envie \u00e0 vos coll\u00e8gues! Type: Clavier Universel Clavier num\u00e9rique Langue: Anglais Fran\u00e7ais Couleur: Noir Caract\u00e9ristiques: Port de chargement USB Touches multim\u00e9dia Connexions: USB-C Type de batterie: Int\u00e9gr\u00e9e Non inclut: Souris Clavier: AZERTY<\/p>","protected":false},"featured_media":23097,"comment_status":"open","ping_status":"closed","template":"","meta":[],"product_brand":[979],"product_cat":[729,65,581],"product_tag":[213,59,106],"class_list":{"0":"post-23098","1":"product","2":"type-product","3":"status-publish","4":"has-post-thumbnail","6":"product_brand-brandp_533","7":"product_cat-claviers","8":"product_cat-informatique-electronique","9":"product_cat-informatique-peripheriques-et-consommables","10":"product_tag-tag_933","11":"product_tag-tag_1304","12":"product_tag-tag_1295","14":"first","15":"instock","16":"taxable","17":"shipping-taxable","18":"purchasable","19":"product-type-simple"},"_links":{"self":[{"href":"https:\/\/bigbuy.tupique.com\/es\/wp-json\/wp\/v2\/product\/23098","targetHints":{"allow":["GET"]}}],"collection":[{"href":"https:\/\/bigbuy.tupique.com\/es\/wp-json\/wp\/v2\/product"}],"about":[{"href":"https:\/\/bigbuy.tupique.com\/es\/wp-json\/wp\/v2\/types\/product"}],"replies":[{"embeddable":true,"href":"https:\/\/bigbuy.tupique.com\/es\/wp-json\/wp\/v2\/comments?post=23098"}],"wp:featuredmedia":[{"embeddable":true,"href":"https:\/\/bigbuy.tupique.com\/es\/wp-json\/wp\/v2\/media\/23097"}],"wp:attachment":[{"href":"https:\/\/bigbuy.tupique.com\/es\/wp-json\/wp\/v2\/media?parent=23098"}],"wp:term":[{"taxonomy":"product_brand","embeddable":true,"href":"https:\/\/bigbuy.tupique.com\/es\/wp-json\/wp\/v2\/product_brand?post=23098"},{"taxonomy":"product_cat","embeddable":true,"href":"https:\/\/bigbuy.tupique.com\/es\/wp-json\/wp\/v2\/product_cat?post=23098"},{"taxonomy":"product_tag","embeddable":true,"href":"https:\/\/bigbuy.tupique.com\/es\/wp-json\/wp\/v2\/product_tag?post=23098"}],"curies":[{"name":"wp","href":"https:\/\/api.w.org\/{rel}","templated":true}]}}