{"id":23096,"date":"2026-03-29T19:19:49","date_gmt":"2026-03-29T18:19:49","guid":{"rendered":"https:\/\/bigbuy.tupique.com\/produto\/wireless-keyboard-logitech-g915-x-white-azerty\/"},"modified":"2026-04-16T19:25:30","modified_gmt":"2026-04-16T18:25:30","slug":"wireless-keyboard-logitech-g915-x-white-azerty","status":"publish","type":"product","link":"https:\/\/bigbuy.tupique.com\/es\/produto\/wireless-keyboard-logitech-g915-x-white-azerty\/","title":{"rendered":"Clavier sans fil Logitech G915 X Blanc AZERTY"},"content":{"rendered":"<p>Si vous \u00eates passionn\u00e9 d&#8217;<b>informatique et d&#8217;\u00e9lectronique<\/b>, si vous \u00eates \u00e0 la pointe de la technologie et qu&#8217;aucun d\u00e9tail ne vous \u00e9chappe, achetez <b>Clavier sans fil Logitech G915 X Blanc AZERTY<\/b> au meilleur prix.<\/p>\n<p>Le <b>clavier sans fil<\/b> <b>Logitech G915 X<\/b> est un appareil con\u00e7u pour les utilisateurs exigeants recherchant une exp\u00e9rience de frappe et de jeu de haute qualit\u00e9, alliant technologie avanc\u00e9e et design \u00e9l\u00e9gant en <b>blanc<\/b>. Pesant seulement <b>1,08 kg<\/b> et mesurant environ <b>15 cm<\/b>, ce clavier se distingue par sa portabilit\u00e9 et son confort, id\u00e9al pour un usage domestique ou professionnel. Il est \u00e9quip\u00e9 de switches tactiles offrant une r\u00e9ponse rapide et pr\u00e9cise, indispensable pour les gamers et utilisateurs n\u00e9cessitant une grande pr\u00e9cision \u00e0 chaque pression. Sa connectivit\u00e9 sans fil assure une libert\u00e9 de mouvement sans compromettre la stabilit\u00e9 du signal, facilitant une installation sans c\u00e2ble. Le mod\u00e8le dispose d\u2019une disposition <b>AZERTY<\/b>, adapt\u00e9e aux utilisateurs pr\u00e9f\u00e9rant cette configuration. De plus, la construction robuste et le design minimaliste du <b>Logitech G915 X<\/b> en font une option premium parmi les claviers gaming, offrant une exp\u00e9rience ergonomique et une grande durabilit\u00e9. Ce clavier sans fil combine fonctionnalit\u00e9 avanc\u00e9e et style sobre pour ceux qui appr\u00e9cient un \u00e9quipement performant et soign\u00e9.<\/p>\n<ul>\n<li>Type:\n<ul>\n<li>Clavier sans fil<\/li>\n<li>Clavier pour jeu<\/li>\n<\/ul>\n<\/li>\n<li>Couleur: Blanc<\/li>\n<li>Caract\u00e9ristiques: Sans fil<\/li>\n<li>Clavier: AZERTY<\/li>\n<\/ul>","protected":false},"excerpt":{"rendered":"<p>Si vous \u00eates passionn\u00e9 d&#8217;informatique et d&#8217;\u00e9lectronique, si vous \u00eates \u00e0 la pointe de la technologie et qu&#8217;aucun d\u00e9tail ne vous \u00e9chappe, achetez Clavier sans fil Logitech G915 X Blanc AZERTY au meilleur prix. Le clavier sans fil Logitech G915 X est un appareil con\u00e7u pour les utilisateurs exigeants recherchant une exp\u00e9rience de frappe et [&hellip;]<\/p>\n","protected":false},"featured_media":23090,"comment_status":"open","ping_status":"closed","template":"","meta":[],"product_brand":[647],"product_cat":[729,65,581],"product_tag":[213,59,106],"class_list":{"0":"post-23096","1":"product","2":"type-product","3":"status-publish","4":"has-post-thumbnail","6":"product_brand-brandp_561","7":"product_cat-claviers","8":"product_cat-informatique-electronique","9":"product_cat-informatique-peripheriques-et-consommables","10":"product_tag-tag_933","11":"product_tag-tag_1304","12":"product_tag-tag_1295","14":"first","15":"instock","16":"taxable","17":"shipping-taxable","18":"purchasable","19":"product-type-simple"},"_links":{"self":[{"href":"https:\/\/bigbuy.tupique.com\/es\/wp-json\/wp\/v2\/product\/23096","targetHints":{"allow":["GET"]}}],"collection":[{"href":"https:\/\/bigbuy.tupique.com\/es\/wp-json\/wp\/v2\/product"}],"about":[{"href":"https:\/\/bigbuy.tupique.com\/es\/wp-json\/wp\/v2\/types\/product"}],"replies":[{"embeddable":true,"href":"https:\/\/bigbuy.tupique.com\/es\/wp-json\/wp\/v2\/comments?post=23096"}],"wp:featuredmedia":[{"embeddable":true,"href":"https:\/\/bigbuy.tupique.com\/es\/wp-json\/wp\/v2\/media\/23090"}],"wp:attachment":[{"href":"https:\/\/bigbuy.tupique.com\/es\/wp-json\/wp\/v2\/media?parent=23096"}],"wp:term":[{"taxonomy":"product_brand","embeddable":true,"href":"https:\/\/bigbuy.tupique.com\/es\/wp-json\/wp\/v2\/product_brand?post=23096"},{"taxonomy":"product_cat","embeddable":true,"href":"https:\/\/bigbuy.tupique.com\/es\/wp-json\/wp\/v2\/product_cat?post=23096"},{"taxonomy":"product_tag","embeddable":true,"href":"https:\/\/bigbuy.tupique.com\/es\/wp-json\/wp\/v2\/product_tag?post=23096"}],"curies":[{"name":"wp","href":"https:\/\/api.w.org\/{rel}","templated":true}]}}