{"id":23035,"date":"2026-03-29T19:18:39","date_gmt":"2026-03-29T18:18:39","guid":{"rendered":"https:\/\/bigbuy.tupique.com\/produto\/robot-vacuum-cleaner-dreame-l10s-ultra-gen2\/"},"modified":"2026-04-16T17:40:10","modified_gmt":"2026-04-16T16:40:10","slug":"robot-vacuum-cleaner-dreame-l10s-ultra-gen2","status":"publish","type":"product","link":"https:\/\/bigbuy.tupique.com\/es\/produto\/robot-vacuum-cleaner-dreame-l10s-ultra-gen2\/","title":{"rendered":"Aspirateur robot Dreame L10S ULTRA GEN2"},"content":{"rendered":"<p>Si vous recherchez des \u00e9lectrom\u00e9nagers pour votre maison aux meilleurs prix, ne manquez pas <b>Aspirateur robot Dreame L10S ULTRA GEN2<\/b> et une large s\u00e9lection de petits \u00e9lectrom\u00e9nagers de qualit\u00e9 !<\/p>\n<p>Le <b>Dreame L10S ULTRA GEN2<\/b> est un <b>robot aspirateur<\/b> hautes performances con\u00e7u pour offrir un nettoyage en profondeur et automatis\u00e9 dans les foyers exigeants. Ce mod\u00e8le arbore une finition \u00e9l\u00e9gante <b>blanche<\/b> et pr\u00e9sente une <b>forme ronde de 35 cm de diam\u00e8tre<\/b>, facilitant l\u2019acc\u00e8s et le d\u00e9placement sous les meubles et dans les coins difficiles. Son puissant syst\u00e8me d\u2019aspiration assure une <b>puissance maximale de 10 000 Pa<\/b>, permettant de capturer efficacement la poussi\u00e8re fine, la salet\u00e9 et les poils d\u2019animaux sur sols durs comme sur tapis. Il int\u00e8gre une <b>serpill\u00e8re<\/b> pour la fonction de lavage, optimisant le nettoyage des surfaces en \u00e9liminant taches et r\u00e9sidus incrust\u00e9s. Le bac \u00e0 poussi\u00e8re offre une <b>capacit\u00e9 de 0,3 litre<\/b>, tandis que la <b>station de base comprend un r\u00e9servoir d\u2019auto-vidange de 4,5 litres<\/b>, r\u00e9duisant consid\u00e9rablement la fr\u00e9quence de vidange manuelle et offrant plus d\u2019autonomie \u00e0 l\u2019utilisateur. Gr\u00e2ce \u00e0 sa <b>batterie longue dur\u00e9e<\/b>, le Dreame L10S ULTRA GEN2 propose jusqu\u2019\u00e0 <b>240 minutes d\u2019autonomie<\/b> par charge, couvrant de grandes surfaces en un seul passage. Sa compatibilit\u00e9 avec le <b>r\u00e9seau \u00e9lectrique<\/b>, associ\u00e9e \u00e0 des capteurs avanc\u00e9s, lui permet de naviguer intelligemment, de s\u2019adapter \u00e0 diff\u00e9rents espaces et d\u2019\u00e9viter efficacement les obstacles. Id\u00e9al pour ceux qui recherchent performance, autonomie et simplicit\u00e9 d\u2019utilisation au quotidien, ce robot aspirateur Dreame est con\u00e7u pour s\u2019int\u00e9grer parfaitement dans les int\u00e9rieurs modernes et garder les sols impeccables avec un minimum d\u2019effort de la part de l\u2019utilisateur.<\/p>\n<ul>\n<li>Couleur: Blanc<\/li>\n<li>Produit \u00e0 brancher: Oui<\/li>\n<li>Type: Aspirateur robot<\/li>\n<li>Type de prise: Prise EU<\/li>\n<\/ul>","protected":false},"excerpt":{"rendered":"<p>Si vous recherchez des \u00e9lectrom\u00e9nagers pour votre maison aux meilleurs prix, ne manquez pas Aspirateur robot Dreame L10S ULTRA GEN2 et une large s\u00e9lection de petits \u00e9lectrom\u00e9nagers de qualit\u00e9 ! Le Dreame L10S ULTRA GEN2 est un robot aspirateur hautes performances con\u00e7u pour offrir un nettoyage en profondeur et automatis\u00e9 dans les foyers exigeants. Ce [&hellip;]<\/p>\n","protected":false},"featured_media":23034,"comment_status":"open","ping_status":"closed","template":"","meta":[],"product_brand":[860],"product_cat":[762,239,240],"product_tag":[59,56],"class_list":{"0":"post-23035","1":"product","2":"type-product","3":"status-publish","4":"has-post-thumbnail","6":"product_brand-brandp_4590","7":"product_cat-aspirateurs-et-robots","8":"product_cat-maison-jardin","9":"product_cat-nettoyage-aspirateur-et-repassage","10":"product_tag-tag_1304","11":"product_tag-tag_930","13":"first","14":"instock","15":"taxable","16":"shipping-taxable","17":"purchasable","18":"product-type-simple"},"_links":{"self":[{"href":"https:\/\/bigbuy.tupique.com\/es\/wp-json\/wp\/v2\/product\/23035","targetHints":{"allow":["GET"]}}],"collection":[{"href":"https:\/\/bigbuy.tupique.com\/es\/wp-json\/wp\/v2\/product"}],"about":[{"href":"https:\/\/bigbuy.tupique.com\/es\/wp-json\/wp\/v2\/types\/product"}],"replies":[{"embeddable":true,"href":"https:\/\/bigbuy.tupique.com\/es\/wp-json\/wp\/v2\/comments?post=23035"}],"wp:featuredmedia":[{"embeddable":true,"href":"https:\/\/bigbuy.tupique.com\/es\/wp-json\/wp\/v2\/media\/23034"}],"wp:attachment":[{"href":"https:\/\/bigbuy.tupique.com\/es\/wp-json\/wp\/v2\/media?parent=23035"}],"wp:term":[{"taxonomy":"product_brand","embeddable":true,"href":"https:\/\/bigbuy.tupique.com\/es\/wp-json\/wp\/v2\/product_brand?post=23035"},{"taxonomy":"product_cat","embeddable":true,"href":"https:\/\/bigbuy.tupique.com\/es\/wp-json\/wp\/v2\/product_cat?post=23035"},{"taxonomy":"product_tag","embeddable":true,"href":"https:\/\/bigbuy.tupique.com\/es\/wp-json\/wp\/v2\/product_tag?post=23035"}],"curies":[{"name":"wp","href":"https:\/\/api.w.org\/{rel}","templated":true}]}}