{"id":22685,"date":"2026-03-29T19:02:20","date_gmt":"2026-03-29T18:02:20","guid":{"rendered":"https:\/\/bigbuy.tupique.com\/produto\/server-hpe-p71659-425\/"},"modified":"2026-04-15T02:57:15","modified_gmt":"2026-04-15T01:57:15","slug":"server-hpe-p71659-425","status":"publish","type":"product","link":"https:\/\/bigbuy.tupique.com\/es\/produto\/server-hpe-p71659-425\/","title":{"rendered":"Serveur HPE P71659-425"},"content":{"rendered":"<p>Si vous \u00eates passionn\u00e9 d&#8217;<b>informatique et d&#8217;\u00e9lectronique<\/b>, si vous \u00eates \u00e0 la pointe de la technologie et qu&#8217;aucun d\u00e9tail ne vous \u00e9chappe, achetez <b>Serveur HPE P71659-425<\/b> au meilleur prix.<\/p>\n<p>Le <b>serveur HPE mod\u00e8le P71659-425<\/b> est con\u00e7u pour offrir des performances solides et fiables dans des environnements professionnels exigeant haute capacit\u00e9 et efficacit\u00e9. \u00c9quip\u00e9 d\u2019un <b>processeur Intel Xeon Silver 4510<\/b>, cet appareil fournit une puissance de calcul adapt\u00e9e aux charges de travail intensives, garantissant rapidit\u00e9 et stabilit\u00e9 dans la gestion des applications critiques. Il dispose d\u2019une <b>m\u00e9moire RAM DDR5 de 64 Go<\/b>, permettant un multit\u00e2che fluide et une r\u00e9activit\u00e9 rapide lors d\u2019op\u00e9rations simultan\u00e9es, essentielle pour la virtualisation et la gestion avanc\u00e9e des donn\u00e9es. Son stockage comprend un <b>disque dur SSD SATA de 480 Go<\/b>, un format alliant vitesse et fiabilit\u00e9, facilitant l\u2019acc\u00e8s rapide aux informations et r\u00e9duisant les temps de latence. Le contr\u00f4leur prend en charge les typologies SAS et SATA, ainsi qu\u2019une large gamme de <b>niveaux RAID (0\/1\/10\/5\/50\/6\/60)<\/b>, offrant des options avanc\u00e9es de redondance et de protection des donn\u00e9es, indispensables pour minimiser les risques dans l\u2019infrastructure. Il est \u00e9galement dot\u00e9 d\u2019<b>alimentation redondante<\/b> pour garantir la continuit\u00e9 en cas de panne \u00e9lectrique et propose une connectivit\u00e9 via des interfaces telles que <b>Gigabit Ethernet<\/b> et sortie VGA, compatibles avec les configurations et \u00e9crans courants en centres de donn\u00e9es. Son design int\u00e8gre une technologie de derni\u00e8re g\u00e9n\u00e9ration pour serveurs professionnels, optimisant la gestion thermique et les performances globales. Ce serveur HPE allie fiabilit\u00e9 et architecture efficace, constituant une option adapt\u00e9e aux organisations n\u00e9cessitant un \u00e9quipement robuste avec des capacit\u00e9s avanc\u00e9es pour le support des applications d\u2019entreprise et des services r\u00e9seau.<\/p>\n<ul>\n<li>Processeur:\n<ul>\n<li>Intel Xeon Silver<\/li>\n<li>Intel Xeon Silver 4510<\/li>\n<\/ul>\n<\/li>\n<li>Produit \u00e0 brancher: Oui<\/li>\n<li>Type de prise: Prise EU<\/li>\n<li>Type: Serveur<\/li>\n<li>Bloc d\u2019Alimentation:\n<ul>\n<li>r\u00e9seau \u00e9lectrique<\/li>\n<li>1000 W<\/li>\n<li>1000 V<\/li>\n<\/ul>\n<\/li>\n<li>Connexions:\n<ul>\n<li>Ethernet LAN<\/li>\n<li>2<\/li>\n<li>VGA D-sub<\/li>\n<li>VGA<\/li>\n<li>RJ45<\/li>\n<li>USB A 3.2 Gen 1 (3.1 Gen 1) x 4<\/li>\n<li>DisplayPort x 1<\/li>\n<\/ul>\n<\/li>\n<li>Type de m\u00e9moire: DDR5 SDRAM<\/li>\n<li>M\u00e9moire interne: 64 GB<\/li>\n<li>Interface: Gigabit Ethernet<\/li>\n<li>Disque dur: 480 GB SSD<\/li>\n<li>Connectivit\u00e9: Ethernet LAN<\/li>\n<li>Non Inclus: Type d&#8217;unit\u00e9 optique<\/li>\n<li>Inclut: SSD x 2<\/li>\n<li>Cache: 30 MB<\/li>\n<li>Noyaux: 12 Noyaux<\/li>\n<li>vitesse:\n<ul>\n<li>2.4 GHz<\/li>\n<li>4.1 GHz<\/li>\n<li>4800 MHz<\/li>\n<\/ul>\n<\/li>\n<li>Famille de processeurs:\n<ul>\n<li>Intel Xeon<\/li>\n<li>Intel<\/li>\n<\/ul>\n<\/li>\n<\/ul>","protected":false},"excerpt":{"rendered":"<p>Si vous \u00eates passionn\u00e9 d&#8217;informatique et d&#8217;\u00e9lectronique, si vous \u00eates \u00e0 la pointe de la technologie et qu&#8217;aucun d\u00e9tail ne vous \u00e9chappe, achetez Serveur HPE P71659-425 au meilleur prix. Le serveur HPE mod\u00e8le P71659-425 est con\u00e7u pour offrir des performances solides et fiables dans des environnements professionnels exigeant haute capacit\u00e9 et efficacit\u00e9. \u00c9quip\u00e9 d\u2019un processeur [&hellip;]<\/p>\n","protected":false},"featured_media":22680,"comment_status":"open","ping_status":"closed","template":"","meta":[],"product_brand":[644],"product_cat":[65,958,959],"product_tag":[106],"class_list":{"0":"post-22685","1":"product","2":"type-product","3":"status-publish","4":"has-post-thumbnail","6":"product_brand-brandp_662","7":"product_cat-informatique-electronique","8":"product_cat-informatique-ordinateurs","9":"product_cat-serveurs","10":"product_tag-tag_1295","12":"first","13":"instock","14":"taxable","15":"shipping-taxable","16":"purchasable","17":"product-type-simple"},"_links":{"self":[{"href":"https:\/\/bigbuy.tupique.com\/es\/wp-json\/wp\/v2\/product\/22685","targetHints":{"allow":["GET"]}}],"collection":[{"href":"https:\/\/bigbuy.tupique.com\/es\/wp-json\/wp\/v2\/product"}],"about":[{"href":"https:\/\/bigbuy.tupique.com\/es\/wp-json\/wp\/v2\/types\/product"}],"replies":[{"embeddable":true,"href":"https:\/\/bigbuy.tupique.com\/es\/wp-json\/wp\/v2\/comments?post=22685"}],"wp:featuredmedia":[{"embeddable":true,"href":"https:\/\/bigbuy.tupique.com\/es\/wp-json\/wp\/v2\/media\/22680"}],"wp:attachment":[{"href":"https:\/\/bigbuy.tupique.com\/es\/wp-json\/wp\/v2\/media?parent=22685"}],"wp:term":[{"taxonomy":"product_brand","embeddable":true,"href":"https:\/\/bigbuy.tupique.com\/es\/wp-json\/wp\/v2\/product_brand?post=22685"},{"taxonomy":"product_cat","embeddable":true,"href":"https:\/\/bigbuy.tupique.com\/es\/wp-json\/wp\/v2\/product_cat?post=22685"},{"taxonomy":"product_tag","embeddable":true,"href":"https:\/\/bigbuy.tupique.com\/es\/wp-json\/wp\/v2\/product_tag?post=22685"}],"curies":[{"name":"wp","href":"https:\/\/api.w.org\/{rel}","templated":true}]}}