{"id":22636,"date":"2026-03-29T19:00:58","date_gmt":"2026-03-29T18:00:58","guid":{"rendered":"https:\/\/bigbuy.tupique.com\/produto\/mens-sunglasses-etro-etro-0033_s-multicolour\/"},"modified":"2026-04-15T02:57:13","modified_gmt":"2026-04-15T01:57:13","slug":"mens-sunglasses-etro-etro-0033_s-multicolour","status":"publish","type":"product","link":"https:\/\/bigbuy.tupique.com\/es\/produto\/mens-sunglasses-etro-etro-0033_s-multicolour\/","title":{"rendered":"Lunettes de soleil Homme Etro ETRO 0033_S Multicouleur"},"content":{"rendered":"<p>Si vous aimez avoir les derni\u00e8res nouveaut\u00e9s en<b>mode et accessoires<\/b> et si les accessoires sont indispensables pour l&#8217;ensemble de votre image, ne passez pas \u00e0 c\u00f4t\u00e9 de <b>Lunettes de soleil Homme Etro ETRO 0033_S Multicouleur<\/b> ! B\u00e9n\u00e9ficiez des meilleures marques de <b>lunettes de soleil<\/b>.<\/p>\n<ul>\n<li>Type: Lunettes de soleil Homme<\/li>\n<li>Protection: Prot\u00e8gent contre 100 % des rayons UV (UV400)<\/li>\n<li>Genre:\n<ul>\n<li>Homme<\/li>\n<li>Unisexe<\/li>\n<\/ul>\n<\/li>\n<li>Couleur de la monture: Multicouleur<\/li>\n<li>Mati\u00e8re: Acier inoxydable<\/li>\n<\/ul>","protected":false},"excerpt":{"rendered":"<p>Si vous aimez avoir les derni\u00e8res nouveaut\u00e9s enmode et accessoires et si les accessoires sont indispensables pour l&#8217;ensemble de votre image, ne passez pas \u00e0 c\u00f4t\u00e9 de Lunettes de soleil Homme Etro ETRO 0033_S Multicouleur ! B\u00e9n\u00e9ficiez des meilleures marques de lunettes de soleil. Type: Lunettes de soleil Homme Protection: Prot\u00e8gent contre 100 % des [&hellip;]<\/p>\n","protected":false},"featured_media":22634,"comment_status":"open","ping_status":"closed","template":"","meta":[],"product_brand":[1090],"product_cat":[773,775,544],"product_tag":[103,723,721,543],"class_list":{"0":"post-22636","1":"product","2":"type-product","3":"status-publish","4":"has-post-thumbnail","6":"product_brand-brandp_3168","7":"product_cat-lunettes-de-soleil","8":"product_cat-lunettes-de-soleil-homme","9":"product_cat-mode-accessoires","10":"product_tag-tag_1261","11":"product_tag-tag_1273","12":"product_tag-tag_124","13":"product_tag-tag_61","15":"first","16":"instock","17":"taxable","18":"shipping-taxable","19":"purchasable","20":"product-type-simple"},"_links":{"self":[{"href":"https:\/\/bigbuy.tupique.com\/es\/wp-json\/wp\/v2\/product\/22636","targetHints":{"allow":["GET"]}}],"collection":[{"href":"https:\/\/bigbuy.tupique.com\/es\/wp-json\/wp\/v2\/product"}],"about":[{"href":"https:\/\/bigbuy.tupique.com\/es\/wp-json\/wp\/v2\/types\/product"}],"replies":[{"embeddable":true,"href":"https:\/\/bigbuy.tupique.com\/es\/wp-json\/wp\/v2\/comments?post=22636"}],"wp:featuredmedia":[{"embeddable":true,"href":"https:\/\/bigbuy.tupique.com\/es\/wp-json\/wp\/v2\/media\/22634"}],"wp:attachment":[{"href":"https:\/\/bigbuy.tupique.com\/es\/wp-json\/wp\/v2\/media?parent=22636"}],"wp:term":[{"taxonomy":"product_brand","embeddable":true,"href":"https:\/\/bigbuy.tupique.com\/es\/wp-json\/wp\/v2\/product_brand?post=22636"},{"taxonomy":"product_cat","embeddable":true,"href":"https:\/\/bigbuy.tupique.com\/es\/wp-json\/wp\/v2\/product_cat?post=22636"},{"taxonomy":"product_tag","embeddable":true,"href":"https:\/\/bigbuy.tupique.com\/es\/wp-json\/wp\/v2\/product_tag?post=22636"}],"curies":[{"name":"wp","href":"https:\/\/api.w.org\/{rel}","templated":true}]}}