{"id":22633,"date":"2026-03-29T19:00:54","date_gmt":"2026-03-29T18:00:54","guid":{"rendered":"https:\/\/bigbuy.tupique.com\/produto\/deep-fat-fryer-ninja-sl300eu-black-76-l\/"},"modified":"2026-04-16T20:31:26","modified_gmt":"2026-04-16T19:31:26","slug":"deep-fat-fryer-ninja-sl300eu-black-76-l","status":"publish","type":"product","link":"https:\/\/bigbuy.tupique.com\/es\/produto\/deep-fat-fryer-ninja-sl300eu-black-76-l\/","title":{"rendered":"Friteuse NINJA SL300EU Noir 7,6 L"},"content":{"rendered":"<p>Si vous recherchez des \u00e9lectrom\u00e9nagers pour votre maison aux meilleurs prix, ne manquez pas <b>Friteuse NINJA SL300EU Noir 7,6 L<\/b> et une large s\u00e9lection de petits \u00e9lectrom\u00e9nagers de qualit\u00e9 !<\/p>\n<p>La <b>friteuse sans huile NINJA SL300EU<\/b> est un appareil \u00e9lectrom\u00e9nager con\u00e7u pour ceux qui recherchent une cuisine plus saine et efficace, alliant fonctionnalit\u00e9 et confort en un seul dispositif. Avec une <b>capacit\u00e9 de 7,6 litres<\/b>, cette friteuse grand volume permet de pr\u00e9parer des repas pour les familles nombreuses ou les r\u00e9unions, facilitant la cuisson avec peu ou pas d\u2019huile, ce qui aide \u00e0 r\u00e9duire les graisses sans sacrifier le go\u00fbt ni la texture. Sa finition en <b>noir et gris<\/b> lui conf\u00e8re un aspect moderne et polyvalent qui s\u2019adapte \u00e0 diff\u00e9rentes cuisines, tandis que le mat\u00e9riau du panier avec rev\u00eatement <b>antiadh\u00e9sif<\/b> assure un nettoyage facile et emp\u00eache les aliments de coller pendant la cuisson. \u00c9quip\u00e9e d\u2019une <b>prise compatible avec la norme europ\u00e9enne (EU)<\/b>, son utilisation est intuitive et s\u00fbre sur le march\u00e9 europ\u00e9en, garantissant compatibilit\u00e9 \u00e9lectrique et facilit\u00e9 d\u2019installation. Le mod\u00e8le SL300EU fait partie de la s\u00e9rie Ninja, reconnue pour sa combinaison de technologie et durabilit\u00e9, offrant des r\u00e9sultats uniformes et constants gr\u00e2ce \u00e0 ses composants fiables. Cette friteuse est destin\u00e9e \u00e0 ceux qui veulent r\u00e9duire leur consommation d\u2019huile sans renoncer \u00e0 des plats croustillants et savoureux, favorisant une alimentation \u00e9quilibr\u00e9e avec des m\u00e9thodes de cuisson plus propres et pratiques. En r\u00e9sum\u00e9, la <b>friteuse sans huile NINJA SL300EU<\/b> repr\u00e9sente une solution compl\u00e8te pour la cuisine quotidienne, apportant volume, efficacit\u00e9 et une exp\u00e9rience de cuisson plus saine sans complications.<\/p>\n<ul>\n<li>Produit \u00e0 brancher: Oui<\/li>\n<li>Type de prise: Prise EU<\/li>\n<li>Bloc d\u2019Alimentation: r\u00e9seau \u00e9lectrique<\/li>\n<li>Couleur:\n<ul>\n<li>Gris<\/li>\n<li>Noir<\/li>\n<\/ul>\n<\/li>\n<li>Caract\u00e9ristiques: Anti-adh\u00e9rente<\/li>\n<li>Capacit\u00e9: 7,6 L<\/li>\n<\/ul>","protected":false},"excerpt":{"rendered":"<p>Si vous recherchez des \u00e9lectrom\u00e9nagers pour votre maison aux meilleurs prix, ne manquez pas Friteuse NINJA SL300EU Noir 7,6 L et une large s\u00e9lection de petits \u00e9lectrom\u00e9nagers de qualit\u00e9 ! La friteuse sans huile NINJA SL300EU est un appareil \u00e9lectrom\u00e9nager con\u00e7u pour ceux qui recherchent une cuisine plus saine et efficace, alliant fonctionnalit\u00e9 et confort [&hellip;]<\/p>\n","protected":false},"featured_media":22631,"comment_status":"open","ping_status":"closed","template":"","meta":[],"product_brand":[287],"product_cat":[60,391,77],"product_tag":[55,59,56],"class_list":{"0":"post-22633","1":"product","2":"type-product","3":"status-publish","4":"has-post-thumbnail","6":"product_brand-brandp_6527","7":"product_cat-cuisine-gourmet","8":"product_cat-friteuses","9":"product_cat-petit-electromenager","10":"product_tag-tag_926","11":"product_tag-tag_1304","12":"product_tag-tag_930","14":"first","15":"instock","16":"taxable","17":"shipping-taxable","18":"purchasable","19":"product-type-simple"},"_links":{"self":[{"href":"https:\/\/bigbuy.tupique.com\/es\/wp-json\/wp\/v2\/product\/22633","targetHints":{"allow":["GET"]}}],"collection":[{"href":"https:\/\/bigbuy.tupique.com\/es\/wp-json\/wp\/v2\/product"}],"about":[{"href":"https:\/\/bigbuy.tupique.com\/es\/wp-json\/wp\/v2\/types\/product"}],"replies":[{"embeddable":true,"href":"https:\/\/bigbuy.tupique.com\/es\/wp-json\/wp\/v2\/comments?post=22633"}],"wp:featuredmedia":[{"embeddable":true,"href":"https:\/\/bigbuy.tupique.com\/es\/wp-json\/wp\/v2\/media\/22631"}],"wp:attachment":[{"href":"https:\/\/bigbuy.tupique.com\/es\/wp-json\/wp\/v2\/media?parent=22633"}],"wp:term":[{"taxonomy":"product_brand","embeddable":true,"href":"https:\/\/bigbuy.tupique.com\/es\/wp-json\/wp\/v2\/product_brand?post=22633"},{"taxonomy":"product_cat","embeddable":true,"href":"https:\/\/bigbuy.tupique.com\/es\/wp-json\/wp\/v2\/product_cat?post=22633"},{"taxonomy":"product_tag","embeddable":true,"href":"https:\/\/bigbuy.tupique.com\/es\/wp-json\/wp\/v2\/product_tag?post=22633"}],"curies":[{"name":"wp","href":"https:\/\/api.w.org\/{rel}","templated":true}]}}