{"id":22630,"date":"2026-03-29T19:00:50","date_gmt":"2026-03-29T18:00:50","guid":{"rendered":"https:\/\/bigbuy.tupique.com\/produto\/robot-vacuum-cleaner-medion-x41-sw\/"},"modified":"2026-04-16T19:56:45","modified_gmt":"2026-04-16T18:56:45","slug":"robot-vacuum-cleaner-medion-x41-sw","status":"publish","type":"product","link":"https:\/\/bigbuy.tupique.com\/es\/produto\/robot-vacuum-cleaner-medion-x41-sw\/","title":{"rendered":"Aspirateur robot Medion X41 SW+"},"content":{"rendered":"<p>Si vous aimez prendre soin de chaque d\u00e9tail de votre maison et d&#8217;\u00eatre \u00e0 la derni\u00e8re mode en mati\u00e8re de produits qui vous rendront la vie plus facile, achetez <b>Aspirateur robot Medion X41 SW+<\/b> au meilleur prix.<\/p>\n<p>Le <b>Medion X41 SW+<\/b> est un <b>robot aspirateur<\/b> con\u00e7u pour offrir un nettoyage efficace et pratique \u00e0 la maison, se distinguant par sa <b>puissante aspiration de 8000 Pa<\/b> qui garantit l\u2019\u00e9limination efficace de la poussi\u00e8re et des salet\u00e9s. Son <b>design rond<\/b> de <b>35 cm<\/b> de diam\u00e8tre facilite la mobilit\u00e9 et l\u2019acc\u00e8s aux coins difficiles, tandis que sa finition en <b>blanc<\/b> apporte un aspect moderne et discret qui s\u2019int\u00e8gre dans n\u2019importe quelle pi\u00e8ce. Il est \u00e9quip\u00e9 d\u2019une technologie de <b>navigation laser<\/b> permettant une cartographie pr\u00e9cise de l\u2019environnement pour optimiser le parcours de nettoyage et \u00e9viter les obstacles, ce qui contribue \u00e0 une utilisation optimale de la batterie et une autonomie accrue, avec jusqu\u2019\u00e0 <b>200 minutes<\/b> de fonctionnement continu. De plus, le robot est <b>programmable<\/b>, permettant de d\u00e9finir des horaires de nettoyage adapt\u00e9s aux besoins de l\u2019utilisateur, et peut \u00eatre contr\u00f4l\u00e9 facilement via la <b>t\u00e9l\u00e9commande<\/b> incluse ou par <b>commande vocale<\/b>, offrant une grande flexibilit\u00e9 dans la gestion quotidienne. Son niveau sonore de <b>72 dB<\/b> est adapt\u00e9 \u00e0 un appareil de ce type, garantissant que le nettoyage ne soit pas trop g\u00eanant. Ce mod\u00e8le int\u00e8gre \u00e9galement une <b>station de vidage automatique<\/b>, facilitant l\u2019entretien de l\u2019appareil et l\u2019hygi\u00e8ne du foyer en r\u00e9duisant la fr\u00e9quence \u00e0 laquelle l\u2019utilisateur doit vider le r\u00e9servoir. Gr\u00e2ce \u00e0 son design pens\u00e9 pour \u00eatre <b>facile \u00e0 nettoyer<\/b> et <b>rechargeable<\/b>, le MEDION X41 SW+ offre une solution pratique et avanc\u00e9e pour ceux qui recherchent efficacit\u00e9 et confort dans le nettoyage quotidien. En r\u00e9sum\u00e9, ce robot aspirateur repr\u00e9sente une option \u00e9quilibr\u00e9e et fonctionnelle qui combine technologie avanc\u00e9e et simplicit\u00e9 d\u2019utilisation pour un entretien optimal du domicile.<\/p>\n<ul>\n<li>Produit \u00e0 brancher: Oui<\/li>\n<li>Type de prise: Prise EU<\/li>\n<li>Bloc d\u2019Alimentation: r\u00e9seau \u00e9lectrique<\/li>\n<li>Couleur: Blanc<\/li>\n<li>Capacit\u00e9 de la batterie: 5200 mAh<\/li>\n<li>Indice de r\u00e9parabilit\u00e9: 9.1<\/li>\n<li>Dimensions approx.: 40 x 36 x 40 cm<\/li>\n<li>Largeur: 35 cm<\/li>\n<li>Caract\u00e9ristiques:\n<ul>\n<li>Contr\u00f4le vocal<\/li>\n<li>Facile \u00e0 nettoyer<\/li>\n<li>Programmable<\/li>\n<\/ul>\n<\/li>\n<li>Type de batterie:\n<ul>\n<li>Rechargeable<\/li>\n<li>Litio Ion<\/li>\n<\/ul>\n<\/li>\n<li>Forme: Rond<\/li>\n<li>Piles incluses: Oui<\/li>\n<li>Autonomie approx.: 4 heures<\/li>\n<li>Compatible:\n<ul>\n<li>Amazon Alexa<\/li>\n<li>Google Home<\/li>\n<\/ul>\n<\/li>\n<li>Inclut: T\u00e9l\u00e9commande<\/li>\n<li>Niveau sonore: 72 dB<\/li>\n<\/ul>","protected":false},"excerpt":{"rendered":"<p>Si vous aimez prendre soin de chaque d\u00e9tail de votre maison et d&#8217;\u00eatre \u00e0 la derni\u00e8re mode en mati\u00e8re de produits qui vous rendront la vie plus facile, achetez Aspirateur robot Medion X41 SW+ au meilleur prix. Le Medion X41 SW+ est un robot aspirateur con\u00e7u pour offrir un nettoyage efficace et pratique \u00e0 la [&hellip;]<\/p>\n","protected":false},"featured_media":22624,"comment_status":"open","ping_status":"closed","template":"","meta":[],"product_brand":[454],"product_cat":[762,239,240],"product_tag":[59,56],"class_list":{"0":"post-22630","1":"product","2":"type-product","3":"status-publish","4":"has-post-thumbnail","6":"product_brand-brandp_3439","7":"product_cat-aspirateurs-et-robots","8":"product_cat-maison-jardin","9":"product_cat-nettoyage-aspirateur-et-repassage","10":"product_tag-tag_1304","11":"product_tag-tag_930","13":"first","14":"instock","15":"taxable","16":"shipping-taxable","17":"purchasable","18":"product-type-simple"},"_links":{"self":[{"href":"https:\/\/bigbuy.tupique.com\/es\/wp-json\/wp\/v2\/product\/22630","targetHints":{"allow":["GET"]}}],"collection":[{"href":"https:\/\/bigbuy.tupique.com\/es\/wp-json\/wp\/v2\/product"}],"about":[{"href":"https:\/\/bigbuy.tupique.com\/es\/wp-json\/wp\/v2\/types\/product"}],"replies":[{"embeddable":true,"href":"https:\/\/bigbuy.tupique.com\/es\/wp-json\/wp\/v2\/comments?post=22630"}],"wp:featuredmedia":[{"embeddable":true,"href":"https:\/\/bigbuy.tupique.com\/es\/wp-json\/wp\/v2\/media\/22624"}],"wp:attachment":[{"href":"https:\/\/bigbuy.tupique.com\/es\/wp-json\/wp\/v2\/media?parent=22630"}],"wp:term":[{"taxonomy":"product_brand","embeddable":true,"href":"https:\/\/bigbuy.tupique.com\/es\/wp-json\/wp\/v2\/product_brand?post=22630"},{"taxonomy":"product_cat","embeddable":true,"href":"https:\/\/bigbuy.tupique.com\/es\/wp-json\/wp\/v2\/product_cat?post=22630"},{"taxonomy":"product_tag","embeddable":true,"href":"https:\/\/bigbuy.tupique.com\/es\/wp-json\/wp\/v2\/product_tag?post=22630"}],"curies":[{"name":"wp","href":"https:\/\/api.w.org\/{rel}","templated":true}]}}