{"id":22617,"date":"2026-03-29T19:00:28","date_gmt":"2026-03-29T18:00:28","guid":{"rendered":"https:\/\/bigbuy.tupique.com\/produto\/smartphone-apple-128-gb-turquoise\/"},"modified":"2026-04-16T18:50:42","modified_gmt":"2026-04-16T17:50:42","slug":"smartphone-apple-128-gb-turquoise","status":"publish","type":"product","link":"https:\/\/bigbuy.tupique.com\/es\/produto\/smartphone-apple-128-gb-turquoise\/","title":{"rendered":"Smartphone Apple 128 GB Turquoise"},"content":{"rendered":"<p>Si vous \u00eates passionn\u00e9 d&#8217;<b>informatique et d&#8217;\u00e9lectronique<\/b>, si vous \u00eates \u00e0 la pointe de la technologie et qu&#8217;aucun d\u00e9tail ne vous \u00e9chappe, achetez <b>Smartphone Apple 128 GB Turquoise<\/b> au meilleur prix.<\/p>\n<p>Le <b>Apple iPhone 16<\/b> est un <b>smartphone<\/b> qui allie design moderne et fonctions avanc\u00e9es, se distinguant par son <b>\u00e9cran de 6,1 pouces<\/b> offrant une exp\u00e9rience visuelle nette et \u00e9quilibr\u00e9e, id\u00e9ale pour un usage quotidien et le multim\u00e9dia. Ce mod\u00e8le pr\u00e9sente une finition \u00e9l\u00e9gante en couleurs <b>bleu<\/b> et <b>turquoise<\/b>, apportant une esth\u00e9tique contemporaine et distinctive. Avec une <b>capacit\u00e9 de stockage de 128 Go<\/b>, il permet de g\u00e9rer ais\u00e9ment de nombreuses applications, photos, vid\u00e9os et fichiers sans souci d\u2019espace. Int\u00e9grant la technologie de positionnement par <b>GPS<\/b>, il facilite la navigation et le suivi pr\u00e9cis des itin\u00e9raires, tandis que le capteur de <b>barom\u00e8tre<\/b> am\u00e9liore la mesure de l\u2019altitude et des conditions atmosph\u00e9riques pour les applications li\u00e9es \u00e0 l\u2019activit\u00e9 physique et \u00e0 l\u2019environnement. De plus, il dispose d\u2019un <b>d\u00e9clencheur pour cam\u00e9ras<\/b> optimis\u00e9 pour exploiter au mieux la qualit\u00e9 photographique, refl\u00e9tant l\u2019engagement d\u2019Apple pour l\u2019innovation technique et l\u2019ergonomie. Cet appareil, combinant un stockage robuste, un \u00e9cran g\u00e9n\u00e9reux et des fonctions sensorielles, se positionne comme une option solide dans le catalogue Apple pour les utilisateurs recherchant un t\u00e9l\u00e9phone \u00e9quilibr\u00e9 en performances et design, sans renoncer \u00e0 la qualit\u00e9 et \u00e0 la fiabilit\u00e9 de la marque.<\/p>\n<ul>\n<li>Produit \u00e0 brancher: Oui<\/li>\n<li>Type:\n<ul>\n<li>Smartphone<\/li>\n<li>D\u00e9clenchement de l&#8217;appareil photo<\/li>\n<\/ul>\n<\/li>\n<li>Type de prise: Prise EU<\/li>\n<li>Diagonale de l&#8217;\u00e9cran (cm): 15,5 cm<\/li>\n<li>Bloc d\u2019Alimentation:\n<ul>\n<li>r\u00e9seau \u00e9lectrique<\/li>\n<li>USB<\/li>\n<\/ul>\n<\/li>\n<li>Zoom Optique: 2x<\/li>\n<li>Poids: 170 g<\/li>\n<li>Connectivit\u00e9:\n<ul>\n<li>Bluetooth<\/li>\n<li>GPS<\/li>\n<li>Wi-Fi<\/li>\n<li>NFC<\/li>\n<li>BeiDou<\/li>\n<li>5G<\/li>\n<li>Positionnement de Wi-Fi<\/li>\n<li>Bluetooth 5.3<\/li>\n<li>WI-FI 7<\/li>\n<\/ul>\n<\/li>\n<li>R\u00e9solution: 460 PPP<\/li>\n<li>Classification \u00e9nerg\u00e9tique: B<\/li>\n<li>Technologie:\n<ul>\n<li>OLED<\/li>\n<li>Mime<\/li>\n<li>Glonass<\/li>\n<li>Capacitive<\/li>\n<\/ul>\n<\/li>\n<li>Couleur:\n<ul>\n<li>Bleu<\/li>\n<li>Turquoise<\/li>\n<\/ul>\n<\/li>\n<li>Caract\u00e9ristiques:\n<ul>\n<li>GPS<\/li>\n<li>Barom\u00e8tre<\/li>\n<li>Capteur de lumi\u00e8re ambiante<\/li>\n<li>MMS<\/li>\n<li>Appel vid\u00e9o<\/li>\n<li>HDR<\/li>\n<li>Autofocus<\/li>\n<li>Activation vocale<\/li>\n<li>Chargement rapide et fiable<\/li>\n<li>SMS<\/li>\n<li>Chargeur sans fil<\/li>\n<li>Syst\u00e8me de reconnaissance faciale<\/li>\n<li>Stabilisateur d&#8217;image<\/li>\n<li>Capteur de proximit\u00e9<\/li>\n<li>Ceramic Shield<\/li>\n<li>\u00c9cran avec coins arrondis<\/li>\n<li>\u00c9cran plat<\/li>\n<\/ul>\n<\/li>\n<li>Connexions:\n<ul>\n<li>USB<\/li>\n<li>USB-C<\/li>\n<li>Dual SIM<\/li>\n<\/ul>\n<\/li>\n<li>Fonctions:\n<ul>\n<li>D\u00e9clencheur<\/li>\n<li>ECO<\/li>\n<li>G\u00e9olocalisation<\/li>\n<li>Vibration<\/li>\n<\/ul>\n<\/li>\n<li>Zoom Num\u00e9rique: 10x<\/li>\n<li>Syst\u00e8me d&#8217;exploitation: iOS<\/li>\n<li>Capteurs:\n<ul>\n<li>Acc\u00e9l\u00e9rom\u00e8tre<\/li>\n<li>Gyroscope<\/li>\n<\/ul>\n<\/li>\n<li>Classification IP: IP68<\/li>\n<li>Ecran: 6,1&#8243;<\/li>\n<li>Compatible: Windows<\/li>\n<li>Inclut:\n<ul>\n<li>Haut-parleur<\/li>\n<li>USB Type-C &#8211; USB Type-C<\/li>\n<\/ul>\n<\/li>\n<li>Cam\u00e9ra\/Appareil Photo:\n<ul>\n<li>Dual<\/li>\n<li>12 MP<\/li>\n<li>Frontal<\/li>\n<li>48 MP<\/li>\n<\/ul>\n<\/li>\n<li>Brille: 1000 cd\/m\u00b2<\/li>\n<li>Flash: Oui<\/li>\n<li>Non Inclus: Adaptateur AC<\/li>\n<li>Autonomie approx.: 22 heures<\/li>\n<li>Angle: 120\u00ba<\/li>\n<li>M\u00e9moire interne: 128 GB<\/li>\n<li>Type de batterie: Litio Ion<\/li>\n<li>Noyaux:\n<ul>\n<li>6 Noyaux<\/li>\n<li>16 Noyaux<\/li>\n<\/ul>\n<\/li>\n<li>R\u00e9solution (px):\n<ul>\n<li>3840 x 2160 px<\/li>\n<li>2160 px<\/li>\n<\/ul>\n<\/li>\n<li>Dispositif intelligent: Apple Intelligence<\/li>\n<\/ul>","protected":false},"excerpt":{"rendered":"<p>Si vous \u00eates passionn\u00e9 d&#8217;informatique et d&#8217;\u00e9lectronique, si vous \u00eates \u00e0 la pointe de la technologie et qu&#8217;aucun d\u00e9tail ne vous \u00e9chappe, achetez Smartphone Apple 128 GB Turquoise au meilleur prix. Le Apple iPhone 16 est un smartphone qui allie design moderne et fonctions avanc\u00e9es, se distinguant par son \u00e9cran de 6,1 pouces offrant une [&hellip;]<\/p>\n","protected":false},"featured_media":22611,"comment_status":"open","ping_status":"closed","template":"","meta":[],"product_brand":[979],"product_cat":[575,65,960],"product_tag":[213,59,566,106],"class_list":{"0":"post-22617","1":"product","2":"type-product","3":"status-publish","4":"has-post-thumbnail","6":"product_brand-brandp_533","7":"product_cat-electronique-telephonie-et-tablettes","8":"product_cat-informatique-electronique","9":"product_cat-telephones-portables","10":"product_tag-tag_933","11":"product_tag-tag_1304","12":"product_tag-tag_547","13":"product_tag-tag_1295","15":"first","16":"instock","17":"taxable","18":"shipping-taxable","19":"purchasable","20":"product-type-simple"},"_links":{"self":[{"href":"https:\/\/bigbuy.tupique.com\/es\/wp-json\/wp\/v2\/product\/22617","targetHints":{"allow":["GET"]}}],"collection":[{"href":"https:\/\/bigbuy.tupique.com\/es\/wp-json\/wp\/v2\/product"}],"about":[{"href":"https:\/\/bigbuy.tupique.com\/es\/wp-json\/wp\/v2\/types\/product"}],"replies":[{"embeddable":true,"href":"https:\/\/bigbuy.tupique.com\/es\/wp-json\/wp\/v2\/comments?post=22617"}],"wp:featuredmedia":[{"embeddable":true,"href":"https:\/\/bigbuy.tupique.com\/es\/wp-json\/wp\/v2\/media\/22611"}],"wp:attachment":[{"href":"https:\/\/bigbuy.tupique.com\/es\/wp-json\/wp\/v2\/media?parent=22617"}],"wp:term":[{"taxonomy":"product_brand","embeddable":true,"href":"https:\/\/bigbuy.tupique.com\/es\/wp-json\/wp\/v2\/product_brand?post=22617"},{"taxonomy":"product_cat","embeddable":true,"href":"https:\/\/bigbuy.tupique.com\/es\/wp-json\/wp\/v2\/product_cat?post=22617"},{"taxonomy":"product_tag","embeddable":true,"href":"https:\/\/bigbuy.tupique.com\/es\/wp-json\/wp\/v2\/product_tag?post=22617"}],"curies":[{"name":"wp","href":"https:\/\/api.w.org\/{rel}","templated":true}]}}