{"id":22603,"date":"2026-03-29T18:59:59","date_gmt":"2026-03-29T17:59:59","guid":{"rendered":"https:\/\/bigbuy.tupique.com\/produto\/electric-screwdriver-stanley-sf-sfmcd715m2k\/"},"modified":"2026-04-16T21:00:15","modified_gmt":"2026-04-16T20:00:15","slug":"electric-screwdriver-stanley-sf-sfmcd715m2k","status":"publish","type":"product","link":"https:\/\/bigbuy.tupique.com\/es\/produto\/electric-screwdriver-stanley-sf-sfmcd715m2k\/","title":{"rendered":"Tournevis \u00e9lectrique Stanley SF-SFMCD715M2K"},"content":{"rendered":"<p>Si vous aimez prendre soin de chaque d\u00e9tail de votre maison et d&#8217;\u00eatre \u00e0 la derni\u00e8re mode en mati\u00e8re de produits qui vous rendront la vie plus facile, achetez <b>Tournevis \u00e9lectrique Stanley SF-SFMCD715M2K<\/b> au meilleur prix.<\/p>\n<p>Le <b>Stanley SF-SFMCD715M2K<\/b> est un <b>tournevis \u00e9lectrique<\/b> sp\u00e9cialement con\u00e7u pour les professionnels et les amateurs de bricolage qui recherchent puissance et durabilit\u00e9 dans leurs outils. Ce mod\u00e8le fait partie de la gamme FATMAX V20 et offre des performances optimales gr\u00e2ce \u00e0 son moteur sans balais, garantissant une meilleure efficacit\u00e9 et une longue dur\u00e9e de vie. Il int\u00e8gre une <b>batterie lithium 18V de 4 Ah<\/b>, assurant une autonomie \u00e9lev\u00e9e pour des travaux continus sans interruptions fr\u00e9quentes. De plus, il est \u00e9quip\u00e9 d\u2019un syst\u00e8me \u00e0 percussion d\u00e9livrant un couple maximal de <b>60 Nm<\/b>, id\u00e9al pour visser et percer avec pr\u00e9cision dans des mat\u00e9riaux durs. Il se distingue par son design compact et ergonomique, facilitant la prise en main et l\u2019acc\u00e8s aux espaces restreints ; le tout dans une structure robuste de couleur <b>jaune<\/b>, la teinte caract\u00e9ristique de Stanley qui am\u00e9liore la visibilit\u00e9 lors de l\u2019utilisation. Le kit comprend <b>deux batteries de 4 Ah<\/b> et un chargeur avec prise europ\u00e9enne, garantissant une solution compl\u00e8te pour des travaux prolong\u00e9s sans perte de puissance. Ce tournevis combine puissance et polyvalence gr\u00e2ce \u00e0 sa technologie avanc\u00e9e et \u00e0 la qualit\u00e9 des composants que Stanley FATMAX repr\u00e9sente sur le march\u00e9, en faisant un outil fiable pour les t\u00e2ches exigeantes en construction, montage et maintenance. En r\u00e9sum\u00e9, le SF-SFMCD715M2K est un perceuse-visseuse alliant technologie sans balais, couple \u00e9lev\u00e9 et batterie longue dur\u00e9e pour une performance efficace et professionnelle.<\/p>\n<ul>\n<li>Produit \u00e0 brancher: Oui<\/li>\n<li>Type de prise: Prise EU<\/li>\n<li>Type: Tournevis \u00e9lectrique<\/li>\n<li>Bloc d\u2019Alimentation:\n<ul>\n<li>r\u00e9seau \u00e9lectrique<\/li>\n<li>Batterie<\/li>\n<\/ul>\n<\/li>\n<li>Couleur:\n<ul>\n<li>Jaune<\/li>\n<li>Noir<\/li>\n<\/ul>\n<\/li>\n<li>Capacit\u00e9 de la batterie: 4 Ah<\/li>\n<li>Vitesse: 2<\/li>\n<li>Inclut:\n<ul>\n<li>Batterie<\/li>\n<li>Porte documents<\/li>\n<li>Chargeur<\/li>\n<li>Batterie au lithium rechargeable x 2<\/li>\n<\/ul>\n<\/li>\n<li>Poids approx.: 1 kg<\/li>\n<li>diam\u00e8tre approx.: 13 mm<\/li>\n<li>Couple de serrage: 60 Nm<\/li>\n<\/ul>","protected":false},"excerpt":{"rendered":"<p>Si vous aimez prendre soin de chaque d\u00e9tail de votre maison et d&#8217;\u00eatre \u00e0 la derni\u00e8re mode en mati\u00e8re de produits qui vous rendront la vie plus facile, achetez Tournevis \u00e9lectrique Stanley SF-SFMCD715M2K au meilleur prix. Le Stanley SF-SFMCD715M2K est un tournevis \u00e9lectrique sp\u00e9cialement con\u00e7u pour les professionnels et les amateurs de bricolage qui recherchent [&hellip;]<\/p>\n","protected":false},"featured_media":22591,"comment_status":"open","ping_status":"closed","template":"","meta":[],"product_brand":[833],"product_cat":[613,239],"product_tag":[59,210],"class_list":{"0":"post-22603","1":"product","2":"type-product","3":"status-publish","4":"has-post-thumbnail","6":"product_brand-brandp_3090","7":"product_cat-bricolage-et-materiel","8":"product_cat-maison-jardin","9":"product_tag-tag_1304","10":"product_tag-tag_25","12":"first","13":"instock","14":"taxable","15":"shipping-taxable","16":"purchasable","17":"product-type-simple"},"_links":{"self":[{"href":"https:\/\/bigbuy.tupique.com\/es\/wp-json\/wp\/v2\/product\/22603","targetHints":{"allow":["GET"]}}],"collection":[{"href":"https:\/\/bigbuy.tupique.com\/es\/wp-json\/wp\/v2\/product"}],"about":[{"href":"https:\/\/bigbuy.tupique.com\/es\/wp-json\/wp\/v2\/types\/product"}],"replies":[{"embeddable":true,"href":"https:\/\/bigbuy.tupique.com\/es\/wp-json\/wp\/v2\/comments?post=22603"}],"wp:featuredmedia":[{"embeddable":true,"href":"https:\/\/bigbuy.tupique.com\/es\/wp-json\/wp\/v2\/media\/22591"}],"wp:attachment":[{"href":"https:\/\/bigbuy.tupique.com\/es\/wp-json\/wp\/v2\/media?parent=22603"}],"wp:term":[{"taxonomy":"product_brand","embeddable":true,"href":"https:\/\/bigbuy.tupique.com\/es\/wp-json\/wp\/v2\/product_brand?post=22603"},{"taxonomy":"product_cat","embeddable":true,"href":"https:\/\/bigbuy.tupique.com\/es\/wp-json\/wp\/v2\/product_cat?post=22603"},{"taxonomy":"product_tag","embeddable":true,"href":"https:\/\/bigbuy.tupique.com\/es\/wp-json\/wp\/v2\/product_tag?post=22603"}],"curies":[{"name":"wp","href":"https:\/\/api.w.org\/{rel}","templated":true}]}}