{"id":22576,"date":"2026-03-29T18:59:24","date_gmt":"2026-03-29T17:59:24","guid":{"rendered":"https:\/\/bigbuy.tupique.com\/produto\/kvm-switch-startech-notecons02\/"},"modified":"2026-04-15T02:56:55","modified_gmt":"2026-04-15T01:56:55","slug":"kvm-switch-startech-notecons02","status":"publish","type":"product","link":"https:\/\/bigbuy.tupique.com\/es\/produto\/kvm-switch-startech-notecons02\/","title":{"rendered":"Switch KVM Startech NOTECONS02"},"content":{"rendered":"<p>Si vous \u00eates passionn\u00e9 d&#8217;<b>informatique et d&#8217;\u00e9lectronique<\/b>, si vous \u00eates \u00e0 la pointe de la technologie et qu&#8217;aucun d\u00e9tail ne vous \u00e9chappe, achetez <b>Switch KVM Startech NOTECONS02<\/b> au meilleur prix.<\/p>\n<ul>\n<li>VGA: Oui<\/li>\n<li>R\u00e9solution: Full HD<\/li>\n<li>Couleur: Noir<\/li>\n<li>Connexions:\n<ul>\n<li>USB<\/li>\n<li>VGA<\/li>\n<li>Mini USB B<\/li>\n<li>USB 2.0<\/li>\n<\/ul>\n<\/li>\n<li>Bloc d\u2019Alimentation:\n<ul>\n<li>USB<\/li>\n<li>C\u00e2ble USB<\/li>\n<\/ul>\n<\/li>\n<li>Mati\u00e8re: Plastique<\/li>\n<li>Ann\u00e9e: 2014<\/li>\n<li>Ports: 3<\/li>\n<li>Compatible: Linux<\/li>\n<li>Inclut: C\u00e2ble USB<\/li>\n<li>Caract\u00e9ristiques:\n<ul>\n<li>Plug and play<\/li>\n<li>T\u00e9moin de fonctionnement LED<\/li>\n<\/ul>\n<\/li>\n<li>Certificat: RoHS<\/li>\n<li>\u00c9cran integr\u00e9: Non<\/li>\n<li>Temp\u00e9rature approximative: -40\u00ba \/ 70\u00ba<\/li>\n<li>R\u00e9solution (px): 1920 x 1200 px<\/li>\n<\/ul>","protected":false},"excerpt":{"rendered":"<p>Si vous \u00eates passionn\u00e9 d&#8217;informatique et d&#8217;\u00e9lectronique, si vous \u00eates \u00e0 la pointe de la technologie et qu&#8217;aucun d\u00e9tail ne vous \u00e9chappe, achetez Switch KVM Startech NOTECONS02 au meilleur prix. VGA: Oui R\u00e9solution: Full HD Couleur: Noir Connexions: USB VGA Mini USB B USB 2.0 Bloc d\u2019Alimentation: USB C\u00e2ble USB Mati\u00e8re: Plastique Ann\u00e9e: 2014 Ports: [&hellip;]<\/p>\n","protected":false},"featured_media":22575,"comment_status":"open","ping_status":"closed","template":"","meta":[],"product_brand":[634],"product_cat":[598,65,608],"product_tag":[106],"class_list":{"0":"post-22576","1":"product","2":"type-product","3":"status-publish","4":"has-post-thumbnail","6":"product_brand-brandp_4771","7":"product_cat-informatique-cables-et-adaptateurs","8":"product_cat-informatique-electronique","9":"product_cat-switch-kvm","10":"product_tag-tag_1295","12":"first","13":"instock","14":"taxable","15":"shipping-taxable","16":"purchasable","17":"product-type-simple"},"_links":{"self":[{"href":"https:\/\/bigbuy.tupique.com\/es\/wp-json\/wp\/v2\/product\/22576","targetHints":{"allow":["GET"]}}],"collection":[{"href":"https:\/\/bigbuy.tupique.com\/es\/wp-json\/wp\/v2\/product"}],"about":[{"href":"https:\/\/bigbuy.tupique.com\/es\/wp-json\/wp\/v2\/types\/product"}],"replies":[{"embeddable":true,"href":"https:\/\/bigbuy.tupique.com\/es\/wp-json\/wp\/v2\/comments?post=22576"}],"wp:featuredmedia":[{"embeddable":true,"href":"https:\/\/bigbuy.tupique.com\/es\/wp-json\/wp\/v2\/media\/22575"}],"wp:attachment":[{"href":"https:\/\/bigbuy.tupique.com\/es\/wp-json\/wp\/v2\/media?parent=22576"}],"wp:term":[{"taxonomy":"product_brand","embeddable":true,"href":"https:\/\/bigbuy.tupique.com\/es\/wp-json\/wp\/v2\/product_brand?post=22576"},{"taxonomy":"product_cat","embeddable":true,"href":"https:\/\/bigbuy.tupique.com\/es\/wp-json\/wp\/v2\/product_cat?post=22576"},{"taxonomy":"product_tag","embeddable":true,"href":"https:\/\/bigbuy.tupique.com\/es\/wp-json\/wp\/v2\/product_tag?post=22576"}],"curies":[{"name":"wp","href":"https:\/\/api.w.org\/{rel}","templated":true}]}}