{"id":22545,"date":"2026-03-29T18:49:45","date_gmt":"2026-03-29T17:49:45","guid":{"rendered":"https:\/\/bigbuy.tupique.com\/produto\/superautomatic-coffee-maker-delonghi-ecam-350-55-b-black-300-g\/"},"modified":"2026-04-16T17:11:12","modified_gmt":"2026-04-16T16:11:12","slug":"superautomatic-coffee-maker-delonghi-ecam-350-55-b-black-300-g","status":"publish","type":"product","link":"https:\/\/bigbuy.tupique.com\/es\/produto\/superautomatic-coffee-maker-delonghi-ecam-350-55-b-black-300-g\/","title":{"rendered":"Cafeti\u00e8re superautomatique DeLonghi ECAM 350.55.B Noir 300 g"},"content":{"rendered":"<p>Si vous recherchez des \u00e9lectrom\u00e9nagers pour votre maison aux meilleurs prix, ne manquez pas <b>Cafeti\u00e8re superautomatique DeLonghi ECAM 350.55.B Noir 300 g<\/b> et une large s\u00e9lection de petits \u00e9lectrom\u00e9nagers de qualit\u00e9 !<\/p>\n<p>La <b>machine \u00e0 caf\u00e9 super-automatique<\/b> <b>DeLonghi ECAM 350.55.B<\/b> offre une exp\u00e9rience barista \u00e0 domicile, alliant technologie avanc\u00e9e et simplicit\u00e9 d\u2019utilisation dans un design \u00e9l\u00e9gant <b>noir<\/b>. Id\u00e9ale pour les utilisateurs exigeants, elle int\u00e8gre un <b>syst\u00e8me de pression puissant de 15 bars<\/b> garantissant une extraction optimale des ar\u00f4mes et saveurs du caf\u00e9, tandis que sa <b>puissance de 1450 W<\/b> assure un chauffage rapide et efficace \u00e0 chaque pr\u00e9paration. Le r\u00e9servoir d\u2019eau de <b>1,8 litre<\/b> et le bac \u00e0 grains de <b>230 g<\/b> offrent une grande autonomie pour pr\u00e9parer plusieurs tasses sans recharger fr\u00e9quemment, convenant aussi bien \u00e0 la maison qu\u2019au bureau. Ce mod\u00e8le se distingue par son <b>\u00e9cran tactile<\/b> intuitif avec ic\u00f4nes r\u00e9tro\u00e9clair\u00e9es et graphiques, facilitant le choix entre plusieurs sp\u00e9cialit\u00e9s de caf\u00e9, dont quatre recettes accessibles directement et la personnalisation compl\u00e8te des boissons selon l\u2019intensit\u00e9, la temp\u00e9rature et la proportion lait-caf\u00e9. Le <b>syst\u00e8me lait avec carafe amovible<\/b> permet de r\u00e9aliser cappuccinos et lattes \u00e0 mousse onctueuse d\u2019une simple pression, avec un nettoyage facile gr\u00e2ce \u00e0 son design d\u00e9montable. Dot\u00e9e d\u2019un corps robuste en <b>plastique de haute qualit\u00e9<\/b>, de dimensions compactes (38 cm de haut, seulement 9,5 kg) et d\u2019une alimentation de <b>230 V<\/b>, la machine s\u2019int\u00e8gre ais\u00e9ment sur tout plan de travail. Sa fonctionnalit\u00e9 super-automatique assure un broyage et un tassage optimaux directement \u00e0 partir du grain, garantissant fra\u00eecheur et ar\u00f4mes sup\u00e9rieurs \u00e0 chaque tasse. En r\u00e9sum\u00e9, la DeLonghi ECAM 350.55.B offre polyvalence, confort et r\u00e9sultats professionnels, s\u2019imposant comme un choix fiable pour les amateurs de bon caf\u00e9 \u00e0 la maison ou au bureau.<\/p>\n<ul>\n<li>puissance: 1450 W<\/li>\n<li>Capacit\u00e9:\n<ul>\n<li>1,8 L<\/li>\n<li>230 g<\/li>\n<\/ul>\n<\/li>\n<li>Type: Cafeti\u00e8re superautomatique<\/li>\n<li>Produit \u00e0 brancher: Oui<\/li>\n<li>Bloc d\u2019Alimentation: r\u00e9seau \u00e9lectrique<\/li>\n<li>Couleur: Noir<\/li>\n<li>Largeur: 38 cm<\/li>\n<li>\u00c9lev\u00e9: 18 cm<\/li>\n<li>Long: 38 cm<\/li>\n<li>Pression: 15 bar<\/li>\n<li>Mati\u00e8re: Plastique<\/li>\n<li>Tension: 230 V<\/li>\n<\/ul>","protected":false},"excerpt":{"rendered":"<p><span class=\"unit-info\">408.2565 &euro; \/ 100 gr<\/span><\/p>","protected":false},"featured_media":22544,"comment_status":"open","ping_status":"closed","template":"","meta":[],"product_brand":[299],"product_cat":[725,60,77],"product_tag":[59,56],"class_list":{"0":"post-22545","1":"product","2":"type-product","3":"status-publish","4":"has-post-thumbnail","6":"product_brand-brandp_5487","7":"product_cat-cafetieres","8":"product_cat-cuisine-gourmet","9":"product_cat-petit-electromenager","10":"product_tag-tag_1304","11":"product_tag-tag_930","13":"first","14":"instock","15":"taxable","16":"shipping-taxable","17":"purchasable","18":"product-type-simple"},"_links":{"self":[{"href":"https:\/\/bigbuy.tupique.com\/es\/wp-json\/wp\/v2\/product\/22545","targetHints":{"allow":["GET"]}}],"collection":[{"href":"https:\/\/bigbuy.tupique.com\/es\/wp-json\/wp\/v2\/product"}],"about":[{"href":"https:\/\/bigbuy.tupique.com\/es\/wp-json\/wp\/v2\/types\/product"}],"replies":[{"embeddable":true,"href":"https:\/\/bigbuy.tupique.com\/es\/wp-json\/wp\/v2\/comments?post=22545"}],"wp:featuredmedia":[{"embeddable":true,"href":"https:\/\/bigbuy.tupique.com\/es\/wp-json\/wp\/v2\/media\/22544"}],"wp:attachment":[{"href":"https:\/\/bigbuy.tupique.com\/es\/wp-json\/wp\/v2\/media?parent=22545"}],"wp:term":[{"taxonomy":"product_brand","embeddable":true,"href":"https:\/\/bigbuy.tupique.com\/es\/wp-json\/wp\/v2\/product_brand?post=22545"},{"taxonomy":"product_cat","embeddable":true,"href":"https:\/\/bigbuy.tupique.com\/es\/wp-json\/wp\/v2\/product_cat?post=22545"},{"taxonomy":"product_tag","embeddable":true,"href":"https:\/\/bigbuy.tupique.com\/es\/wp-json\/wp\/v2\/product_tag?post=22545"}],"curies":[{"name":"wp","href":"https:\/\/api.w.org\/{rel}","templated":true}]}}