{"id":22512,"date":"2026-03-29T18:48:55","date_gmt":"2026-03-29T17:48:55","guid":{"rendered":"https:\/\/bigbuy.tupique.com\/produto\/laser-printer-brother-dcpl2620dwre1\/"},"modified":"2026-04-16T16:41:13","modified_gmt":"2026-04-16T15:41:13","slug":"laser-printer-brother-dcpl2620dwre1","status":"publish","type":"product","link":"https:\/\/bigbuy.tupique.com\/es\/produto\/laser-printer-brother-dcpl2620dwre1\/","title":{"rendered":"Imprimante laser Brother DCPL2620DWRE1"},"content":{"rendered":"<p>Si vous \u00eates passionn\u00e9 d&#8217;<b>informatique et d&#8217;\u00e9lectronique<\/b>, si vous \u00eates \u00e0 la pointe de la technologie et qu&#8217;aucun d\u00e9tail ne vous \u00e9chappe, achetez <b>Imprimante laser Brother DCPL2620DWRE1<\/b> au meilleur prix.<\/p>\n<p>La <b>Brother DCPL2620DWRE1<\/b> est une imprimante laser monochrome con\u00e7ue pour offrir des performances optimales en environnement domestique et petit bureau. Cette <b>imprimante laser<\/b> se distingue par sa capacit\u00e9 \u00e0 imprimer jusqu\u2019\u00e0 <b>32 pages par minute (ppm)<\/b>, garantissant une impression rapide et efficace de documents en noir. Son design en <b>noir et gris<\/b> allie fonctionnalit\u00e9 et esth\u00e9tique sobre et professionnelle. Gr\u00e2ce \u00e0 sa connectivit\u00e9, elle int\u00e8gre le Wi-Fi standard 802.11n, permettant une int\u00e9gration facile aux r\u00e9seaux sans fil pour imprimer depuis diff\u00e9rents appareils sans c\u00e2ble, facilitant mobilit\u00e9 et confort au travail. Elle propose \u00e9galement l\u2019impression automatique recto verso (duplex), favorisant une utilisation plus durable du papier et une meilleure gestion des documents. C\u00f4t\u00e9 connectique physique, elle dispose d\u2019un port USB pour une connexion directe \u00e0 un ordinateur lorsque le r\u00e9seau sans fil n\u2019est pas disponible. Son interface comprend un \u00e9cran LCD int\u00e9gr\u00e9 permettant de g\u00e9rer facilement les options d\u2019impression et de configurer les t\u00e2ches sans ordinateur. Ce mod\u00e8le s\u2019adresse aux utilisateurs recherchant la polyvalence d\u2019un appareil <b>tout-en-un<\/b> capable d\u2019imprimer, copier et scanner, r\u00e9pondant aux besoins essentiels avec une qualit\u00e9 remarquable dans sa cat\u00e9gorie. La Brother DCPL2620DWRE1 est une solution pratique et fiable pour ceux qui ont besoin d\u2019une imprimante monochrome compacte, efficace et dot\u00e9e d\u2019une connectivit\u00e9 moderne.<\/p>\n<ul>\n<li>Connexions: USB<\/li>\n<li>Fax: Non<\/li>\n<li>Papier:\n<ul>\n<li>A4<\/li>\n<li>B5<\/li>\n<\/ul>\n<\/li>\n<li>Couleur:\n<ul>\n<li>Monochrome<\/li>\n<li>Gris<\/li>\n<li>Noir<\/li>\n<\/ul>\n<\/li>\n<li>Technologie: Laser<\/li>\n<li>Connectivit\u00e9:\n<ul>\n<li>Wi-Fi<\/li>\n<li>Wi-Fi 4 (802.11n)<\/li>\n<\/ul>\n<\/li>\n<li>Produit \u00e0 brancher: Oui<\/li>\n<li>Type de prise: Prise EU<\/li>\n<li>Type:\n<ul>\n<li>Imprimante laser<\/li>\n<li>Tout en un<\/li>\n<\/ul>\n<\/li>\n<li>Bloc d\u2019Alimentation: r\u00e9seau \u00e9lectrique<\/li>\n<li>vitesse: 32 ppm<\/li>\n<li>Dimensions approx.: 41 x 39 x 27 cm<\/li>\n<li>Caract\u00e9ristiques:\n<ul>\n<li>\u00c9cran LCD<\/li>\n<li>\u00c9cran integr\u00e9<\/li>\n<li>Impression recto verso<\/li>\n<\/ul>\n<\/li>\n<li>M\u00e9moire interne: 128 MB<\/li>\n<li>R\u00e9solution d&#8217;image maximale:\n<ul>\n<li>600 x 600 dpi<\/li>\n<li>1200 x 1200 dpi<\/li>\n<\/ul>\n<\/li>\n<li>Impression couleur: Non<\/li>\n<li>Scanner: 1200 x 1200 dpi<\/li>\n<li>Capacit\u00e9:\n<ul>\n<li>250 Volets<\/li>\n<li>120 Volets<\/li>\n<\/ul>\n<\/li>\n<li>Impression recto verso: Automatique<\/li>\n<li>Plateau: 1<\/li>\n<li>Ethernet: Non<\/li>\n<li>Type de commande: Boutons<\/li>\n<li>Largeur: 41 cm<\/li>\n<li>M\u00e9t\u00e9o: 8 s<\/li>\n<li>Utilisation recommand\u00e9e: Maison<\/li>\n<li>Fonctions: Imprimer<\/li>\n<\/ul>","protected":false},"excerpt":{"rendered":"<p>Si vous \u00eates passionn\u00e9 d&#8217;informatique et d&#8217;\u00e9lectronique, si vous \u00eates \u00e0 la pointe de la technologie et qu&#8217;aucun d\u00e9tail ne vous \u00e9chappe, achetez Imprimante laser Brother DCPL2620DWRE1 au meilleur prix. La Brother DCPL2620DWRE1 est une imprimante laser monochrome con\u00e7ue pour offrir des performances optimales en environnement domestique et petit bureau. Cette imprimante laser se distingue [&hellip;]<\/p>\n","protected":false},"featured_media":22510,"comment_status":"open","ping_status":"closed","template":"","meta":[],"product_brand":[669],"product_cat":[592,65,581],"product_tag":[213,59,106],"class_list":{"0":"post-22512","1":"product","2":"type-product","3":"status-publish","4":"has-post-thumbnail","6":"product_brand-brandp_538","7":"product_cat-imprimantes","8":"product_cat-informatique-electronique","9":"product_cat-informatique-peripheriques-et-consommables","10":"product_tag-tag_933","11":"product_tag-tag_1304","12":"product_tag-tag_1295","14":"first","15":"instock","16":"taxable","17":"shipping-taxable","18":"purchasable","19":"product-type-simple"},"_links":{"self":[{"href":"https:\/\/bigbuy.tupique.com\/es\/wp-json\/wp\/v2\/product\/22512","targetHints":{"allow":["GET"]}}],"collection":[{"href":"https:\/\/bigbuy.tupique.com\/es\/wp-json\/wp\/v2\/product"}],"about":[{"href":"https:\/\/bigbuy.tupique.com\/es\/wp-json\/wp\/v2\/types\/product"}],"replies":[{"embeddable":true,"href":"https:\/\/bigbuy.tupique.com\/es\/wp-json\/wp\/v2\/comments?post=22512"}],"wp:featuredmedia":[{"embeddable":true,"href":"https:\/\/bigbuy.tupique.com\/es\/wp-json\/wp\/v2\/media\/22510"}],"wp:attachment":[{"href":"https:\/\/bigbuy.tupique.com\/es\/wp-json\/wp\/v2\/media?parent=22512"}],"wp:term":[{"taxonomy":"product_brand","embeddable":true,"href":"https:\/\/bigbuy.tupique.com\/es\/wp-json\/wp\/v2\/product_brand?post=22512"},{"taxonomy":"product_cat","embeddable":true,"href":"https:\/\/bigbuy.tupique.com\/es\/wp-json\/wp\/v2\/product_cat?post=22512"},{"taxonomy":"product_tag","embeddable":true,"href":"https:\/\/bigbuy.tupique.com\/es\/wp-json\/wp\/v2\/product_tag?post=22512"}],"curies":[{"name":"wp","href":"https:\/\/api.w.org\/{rel}","templated":true}]}}