{"id":22374,"date":"2026-03-29T18:45:47","date_gmt":"2026-03-29T17:45:47","guid":{"rendered":"https:\/\/bigbuy.tupique.com\/produto\/chainsaw-metabo-ms-36-18-ltx-40-cm\/"},"modified":"2026-04-16T19:25:31","modified_gmt":"2026-04-16T18:25:31","slug":"chainsaw-metabo-ms-36-18-ltx-40-cm","status":"publish","type":"product","link":"https:\/\/bigbuy.tupique.com\/es\/produto\/chainsaw-metabo-ms-36-18-ltx-40-cm\/","title":{"rendered":"Scie \u00e0 cha\u00eene Metabo MS 36-18 LTX 40 cm"},"content":{"rendered":"<p>Si vous aimez prendre soin de chaque d\u00e9tail de votre maison et d&#8217;\u00eatre \u00e0 la derni\u00e8re mode en mati\u00e8re de produits qui vous rendront la vie plus facile, achetez <b>Scie \u00e0 cha\u00eene Metabo MS 36-18 LTX 40 cm<\/b> au meilleur prix.<\/p>\n<p>La <b>tron\u00e7onneuse MS 36-18 LTX<\/b> de <b>Metabo<\/b> est un outil sans fil con\u00e7u pour offrir haute performance et confort lors des travaux de coupe. Elle fonctionne avec un syst\u00e8me de <b>batterie 18 V<\/b>, assurant une grande autonomie et supprimant les contraintes des c\u00e2bles, facilitant son usage en ext\u00e9rieur ou sans acc\u00e8s direct au r\u00e9seau \u00e9lectrique. Elle est \u00e9quip\u00e9e d\u2019un moteur <b>brushless (sans balais)<\/b>, une technologie qui optimise l\u2019efficacit\u00e9 \u00e9nerg\u00e9tique, r\u00e9duit l\u2019entretien et augmente la durabilit\u00e9, tout en offrant un fonctionnement plus silencieux et moins de vibrations. Son design en <b>noir<\/b> lui conf\u00e8re une apparence sobre et professionnelle, tandis que le r\u00e9servoir de <b>200 ml<\/b> garantit un apport suffisant d\u2019huile pour la cha\u00eene, assurant une coupe fluide et continue. Ce mod\u00e8le inclut une barre de coupe standard et est compatible avec la <b>prise europ\u00e9enne (EU)<\/b>, s\u2019int\u00e9grant facilement aux syst\u00e8mes de charge habituels de la marque. La tron\u00e7onneuse <b>MS 36-18 LTX<\/b> allie puissance et l\u00e9g\u00e8ret\u00e9, adapt\u00e9e aussi bien aux professionnels forestiers qu\u2019aux particuliers recherchant un outil fiable et facile \u00e0 transporter pour la taille, la construction ou les travaux de jardinage. Son syst\u00e8me sans fil et son moteur brushless optimisent performance et autonomie, faisant d\u2019elle une solution polyvalente dans la gamme des tron\u00e7onneuses \u00e0 batterie.<\/p>\n<ul>\n<li>Produit \u00e0 brancher: Oui<\/li>\n<li>Type de prise: Prise EU<\/li>\n<li>Bloc d\u2019Alimentation:\n<ul>\n<li>r\u00e9seau \u00e9lectrique<\/li>\n<li>Batterie<\/li>\n<\/ul>\n<\/li>\n<li>Couleur: Noir<\/li>\n<li>Capacit\u00e9: 200 ml<\/li>\n<li>Tension: 18 V<\/li>\n<li>Moteur: Sans brosse<\/li>\n<li>Non Inclus: Batterie<\/li>\n<li>Niveau sonore: 86 dB<\/li>\n<li>Longueur de la Lame: 40 cm<\/li>\n<\/ul>","protected":false},"excerpt":{"rendered":"<p><span class=\"unit-info\">197.4950 &euro; \/ 100 ml<\/span><\/p>","protected":false},"featured_media":22368,"comment_status":"open","ping_status":"closed","template":"","meta":[],"product_brand":[1003],"product_cat":[613,239],"product_tag":[59,210],"class_list":{"0":"post-22374","1":"product","2":"type-product","3":"status-publish","4":"has-post-thumbnail","6":"product_brand-brandp_6129","7":"product_cat-bricolage-et-materiel","8":"product_cat-maison-jardin","9":"product_tag-tag_1304","10":"product_tag-tag_25","12":"first","13":"instock","14":"taxable","15":"shipping-taxable","16":"purchasable","17":"product-type-simple"},"_links":{"self":[{"href":"https:\/\/bigbuy.tupique.com\/es\/wp-json\/wp\/v2\/product\/22374","targetHints":{"allow":["GET"]}}],"collection":[{"href":"https:\/\/bigbuy.tupique.com\/es\/wp-json\/wp\/v2\/product"}],"about":[{"href":"https:\/\/bigbuy.tupique.com\/es\/wp-json\/wp\/v2\/types\/product"}],"replies":[{"embeddable":true,"href":"https:\/\/bigbuy.tupique.com\/es\/wp-json\/wp\/v2\/comments?post=22374"}],"wp:featuredmedia":[{"embeddable":true,"href":"https:\/\/bigbuy.tupique.com\/es\/wp-json\/wp\/v2\/media\/22368"}],"wp:attachment":[{"href":"https:\/\/bigbuy.tupique.com\/es\/wp-json\/wp\/v2\/media?parent=22374"}],"wp:term":[{"taxonomy":"product_brand","embeddable":true,"href":"https:\/\/bigbuy.tupique.com\/es\/wp-json\/wp\/v2\/product_brand?post=22374"},{"taxonomy":"product_cat","embeddable":true,"href":"https:\/\/bigbuy.tupique.com\/es\/wp-json\/wp\/v2\/product_cat?post=22374"},{"taxonomy":"product_tag","embeddable":true,"href":"https:\/\/bigbuy.tupique.com\/es\/wp-json\/wp\/v2\/product_tag?post=22374"}],"curies":[{"name":"wp","href":"https:\/\/api.w.org\/{rel}","templated":true}]}}