{"id":22367,"date":"2026-03-29T18:45:37","date_gmt":"2026-03-29T17:45:37","guid":{"rendered":"https:\/\/bigbuy.tupique.com\/produto\/mixer-tap-grohe-quickfix-start-metal\/"},"modified":"2026-04-16T18:21:36","modified_gmt":"2026-04-16T17:21:36","slug":"mixer-tap-grohe-quickfix-start-metal","status":"publish","type":"product","link":"https:\/\/bigbuy.tupique.com\/es\/produto\/mixer-tap-grohe-quickfix-start-metal\/","title":{"rendered":"Mitigeur Grohe QuickFix Start M\u00e9tal"},"content":{"rendered":"<p>Si vous pensez r\u00e9nover votre cuisine, achetez <b>Mitigeur Grohe QuickFix Start M\u00e9tal<\/b> et d\u00b4autres <b>produits Grohe<\/b> !<\/p>\n<p>Le <b>mitigeur monocommande QuickFix Start<\/b> de <b>Grohe<\/b> est con\u00e7u pour optimiser la fonctionnalit\u00e9 et l\u2019esth\u00e9tique de la cuisine, se distinguant comme un \u00e9l\u00e9ment pratique et durable. Sa <b>finition noir mat<\/b> lui conf\u00e8re un aspect moderne et sophistiqu\u00e9, id\u00e9al pour les environnements contemporains alliant style et r\u00e9sistance. Fabriqu\u00e9 en <b>mat\u00e9riau m\u00e9tallique<\/b> de haute qualit\u00e9, ce robinet garantit une longue dur\u00e9e de vie et une grande robustesse face \u00e0 l\u2019usage quotidien. Son <b>bec haut en forme de U<\/b> offre plus d\u2019espace pour laver les ustensiles et facilite la manipulation d\u2019objets volumineux ou de grandes casseroles, augmentant le confort lors de la t\u00e2che. De plus, il int\u00e8gre une <b>douchette extractible<\/b> qui apporte polyvalence en permettant de diriger le flux d\u2019eau avec pr\u00e9cision, facilitant le rin\u00e7age des aliments comme le nettoyage de l\u2019\u00e9vier avec une meilleure port\u00e9e et contr\u00f4le. Son syst\u00e8me monocommande permet un r\u00e9glage facile et rapide de la temp\u00e9rature et du d\u00e9bit d\u2019eau avec une seule manette, am\u00e9liorant l\u2019efficacit\u00e9 et le confort d\u2019utilisation. Gr\u00e2ce \u00e0 la technologie QuickFix, l\u2019installation est consid\u00e9rablement simplifi\u00e9e, r\u00e9duisant temps et efforts compar\u00e9 aux robinets classiques. Ce mod\u00e8le allie design ergonomique et technologie pratique, offrant une solution compl\u00e8te pour l\u2019\u00e9vier qui r\u00e9pond aux besoins fonctionnels et esth\u00e9tiques. En r\u00e9sum\u00e9, le robinet <b>QuickFix Start de Grohe<\/b> est une option fiable et moderne pour ceux qui recherchent qualit\u00e9, facilit\u00e9 d\u2019usage et une touche \u00e9l\u00e9gante pour leur cuisine.<\/p>\n<ul>\n<li>Type: Mitigeur<\/li>\n<li>Couleur:\n<ul>\n<li>Noir<\/li>\n<li>Noir mat<\/li>\n<\/ul>\n<\/li>\n<li>Mati\u00e8re: M\u00e9tal<\/li>\n<\/ul>","protected":false},"excerpt":{"rendered":"<p>Si vous pensez r\u00e9nover votre cuisine, achetez Mitigeur Grohe QuickFix Start M\u00e9tal et d\u00b4autres produits Grohe ! Le mitigeur monocommande QuickFix Start de Grohe est con\u00e7u pour optimiser la fonctionnalit\u00e9 et l\u2019esth\u00e9tique de la cuisine, se distinguant comme un \u00e9l\u00e9ment pratique et durable. Sa finition noir mat lui conf\u00e8re un aspect moderne et sophistiqu\u00e9, id\u00e9al [&hellip;]<\/p>\n","protected":false},"featured_media":22364,"comment_status":"open","ping_status":"closed","template":"","meta":[],"product_brand":[848],"product_cat":[60,61,1063],"product_tag":[59,210],"class_list":{"0":"post-22367","1":"product","2":"type-product","3":"status-publish","4":"has-post-thumbnail","6":"product_brand-brandp_3107","7":"product_cat-cuisine-gourmet","8":"product_cat-equipement-de-cuisine","9":"product_cat-robinets","10":"product_tag-tag_1304","11":"product_tag-tag_25","13":"first","14":"instock","15":"taxable","16":"shipping-taxable","17":"purchasable","18":"product-type-simple"},"_links":{"self":[{"href":"https:\/\/bigbuy.tupique.com\/es\/wp-json\/wp\/v2\/product\/22367","targetHints":{"allow":["GET"]}}],"collection":[{"href":"https:\/\/bigbuy.tupique.com\/es\/wp-json\/wp\/v2\/product"}],"about":[{"href":"https:\/\/bigbuy.tupique.com\/es\/wp-json\/wp\/v2\/types\/product"}],"replies":[{"embeddable":true,"href":"https:\/\/bigbuy.tupique.com\/es\/wp-json\/wp\/v2\/comments?post=22367"}],"wp:featuredmedia":[{"embeddable":true,"href":"https:\/\/bigbuy.tupique.com\/es\/wp-json\/wp\/v2\/media\/22364"}],"wp:attachment":[{"href":"https:\/\/bigbuy.tupique.com\/es\/wp-json\/wp\/v2\/media?parent=22367"}],"wp:term":[{"taxonomy":"product_brand","embeddable":true,"href":"https:\/\/bigbuy.tupique.com\/es\/wp-json\/wp\/v2\/product_brand?post=22367"},{"taxonomy":"product_cat","embeddable":true,"href":"https:\/\/bigbuy.tupique.com\/es\/wp-json\/wp\/v2\/product_cat?post=22367"},{"taxonomy":"product_tag","embeddable":true,"href":"https:\/\/bigbuy.tupique.com\/es\/wp-json\/wp\/v2\/product_tag?post=22367"}],"curies":[{"name":"wp","href":"https:\/\/api.w.org\/{rel}","templated":true}]}}