{"id":22356,"date":"2026-03-29T18:45:27","date_gmt":"2026-03-29T17:45:27","guid":{"rendered":"https:\/\/bigbuy.tupique.com\/produto\/mens-watch-breil-tw2013\/"},"modified":"2026-04-15T02:56:10","modified_gmt":"2026-04-15T01:56:10","slug":"mens-watch-breil-tw2013","status":"publish","type":"product","link":"https:\/\/bigbuy.tupique.com\/es\/produto\/mens-watch-breil-tw2013\/","title":{"rendered":"Montre Homme Breil TW2013"},"content":{"rendered":"<p>Si vous aimez suivre les derni\u00e8res tendances en mati\u00e8re de mode et accessoires, achetez <b>Montre Homme Breil TW2013<\/b> au meilleur prix.<\/p>\n<ul>\n<li>Liens suppl\u00e9mentaires: Non<\/li>\n<li>Type de montre: Montre-bracelet<\/li>\n<li>Fonctions:\n<ul>\n<li>Date<\/li>\n<li>Chronographe<\/li>\n<\/ul>\n<\/li>\n<li>Genre: Homme<\/li>\n<li>Mat\u00e9riau du bracelet: Argent 925<\/li>\n<li>Inclut: Inclut un \u00e9tui ou une housse de la marque<\/li>\n<li>Imperm\u00e9abilit\u00e9: 20 atm<\/li>\n<li>Verre: Min\u00e9ral<\/li>\n<li>Type de mouvement: Quartz<\/li>\n<li>Materiau du bo\u00eetier: Acier inoxydable<\/li>\n<li>Couleur du cadran: Bleu<\/li>\n<\/ul>","protected":false},"excerpt":{"rendered":"<p>Si vous aimez suivre les derni\u00e8res tendances en mati\u00e8re de mode et accessoires, achetez Montre Homme Breil TW2013 au meilleur prix. Liens suppl\u00e9mentaires: Non Type de montre: Montre-bracelet Fonctions: Date Chronographe Genre: Homme Mat\u00e9riau du bracelet: Argent 925 Inclut: Inclut un \u00e9tui ou une housse de la marque Imperm\u00e9abilit\u00e9: 20 atm Verre: Min\u00e9ral Type de [&hellip;]<\/p>\n","protected":false},"featured_media":22354,"comment_status":"open","ping_status":"closed","template":"","meta":[],"product_brand":[1006],"product_cat":[544,574,545],"product_tag":[103],"class_list":{"0":"post-22356","1":"product","2":"type-product","3":"status-publish","4":"has-post-thumbnail","6":"product_brand-brandp_809","7":"product_cat-mode-accessoires","8":"product_cat-montres-homme","9":"product_cat-montres-bracelets","10":"product_tag-tag_1261","12":"first","13":"instock","14":"taxable","15":"shipping-taxable","16":"purchasable","17":"product-type-simple"},"_links":{"self":[{"href":"https:\/\/bigbuy.tupique.com\/es\/wp-json\/wp\/v2\/product\/22356","targetHints":{"allow":["GET"]}}],"collection":[{"href":"https:\/\/bigbuy.tupique.com\/es\/wp-json\/wp\/v2\/product"}],"about":[{"href":"https:\/\/bigbuy.tupique.com\/es\/wp-json\/wp\/v2\/types\/product"}],"replies":[{"embeddable":true,"href":"https:\/\/bigbuy.tupique.com\/es\/wp-json\/wp\/v2\/comments?post=22356"}],"wp:featuredmedia":[{"embeddable":true,"href":"https:\/\/bigbuy.tupique.com\/es\/wp-json\/wp\/v2\/media\/22354"}],"wp:attachment":[{"href":"https:\/\/bigbuy.tupique.com\/es\/wp-json\/wp\/v2\/media?parent=22356"}],"wp:term":[{"taxonomy":"product_brand","embeddable":true,"href":"https:\/\/bigbuy.tupique.com\/es\/wp-json\/wp\/v2\/product_brand?post=22356"},{"taxonomy":"product_cat","embeddable":true,"href":"https:\/\/bigbuy.tupique.com\/es\/wp-json\/wp\/v2\/product_cat?post=22356"},{"taxonomy":"product_tag","embeddable":true,"href":"https:\/\/bigbuy.tupique.com\/es\/wp-json\/wp\/v2\/product_tag?post=22356"}],"curies":[{"name":"wp","href":"https:\/\/api.w.org\/{rel}","templated":true}]}}