{"id":22279,"date":"2026-03-29T18:43:54","date_gmt":"2026-03-29T17:43:54","guid":{"rendered":"https:\/\/bigbuy.tupique.com\/produto\/angle-grinder-metabo-gvb-18-ltx-bl-11-28\/"},"modified":"2026-04-16T20:01:12","modified_gmt":"2026-04-16T19:01:12","slug":"angle-grinder-metabo-gvb-18-ltx-bl-11-28","status":"publish","type":"product","link":"https:\/\/bigbuy.tupique.com\/es\/produto\/angle-grinder-metabo-gvb-18-ltx-bl-11-28\/","title":{"rendered":"Meuleuse d&#8217;angle Metabo GVB 18 LTX BL 11-28"},"content":{"rendered":"<p>Si vous aimez prendre soin de chaque d\u00e9tail de votre maison et d&#8217;\u00eatre \u00e0 la derni\u00e8re mode en mati\u00e8re de produits qui vous rendront la vie plus facile, achetez <b>Meuleuse d&#8217;angle Metabo GVB 18 LTX BL 11-28<\/b> au meilleur prix.<\/p>\n<p>La <b>meuleuse d\u2019angle Metabo GVB 18 LTX BL 11-28<\/b> est un outil \u00e9lectroportatif sans fil sp\u00e9cialement con\u00e7u pour les travaux professionnels sur b\u00e9ton et autres mat\u00e9riaux exigeants. Elle fonctionne avec une <b>alimentation par batterie lithium-ion 18V<\/b>, offrant une grande autonomie et supprimant les contraintes des c\u00e2bles, facilitant le travail sur chantier ou en lieux sans acc\u00e8s direct au r\u00e9seau \u00e9lectrique. Sa batterie rechargeable fournit une puissance suffisante pour des coupes et pon\u00e7ages pr\u00e9cis, tandis que son syst\u00e8me sans balais (BL) garantit une meilleure efficacit\u00e9 \u00e9nerg\u00e9tique, moins d\u2019usure et une dur\u00e9e de vie prolong\u00e9e du moteur. Le design int\u00e8gre une <b>prise standard europ\u00e9enne<\/b>, assurant compatibilit\u00e9 et facilit\u00e9 de recharge. Ce mod\u00e8le pr\u00e9sente des caract\u00e9ristiques techniques ax\u00e9es sur la durabilit\u00e9 et la performance, permettant une manipulation confortable et s\u00fbre lors de l\u2019utilisation. La Metabo GVB 18 LTX BL 11-28 est con\u00e7ue pour r\u00e9pondre aux exigences des applications sur mat\u00e9riaux durs comme le b\u00e9ton, offrant \u00e0 l\u2019utilisateur contr\u00f4le, polyvalence et robustesse \u00e0 chaque t\u00e2che. Son profil technique et constructif en fait une solution optimale pour les professionnels recherchant un outil avec la qualit\u00e9 et la fiabilit\u00e9 reconnues de la marque Metabo dans le segment des meuleuses sans fil.<\/p>\n<ul>\n<li>Produit \u00e0 brancher: Oui<\/li>\n<li>Type de prise: Prise EU<\/li>\n<li>Bloc d\u2019Alimentation:\n<ul>\n<li>r\u00e9seau \u00e9lectrique<\/li>\n<li>Batterie<\/li>\n<\/ul>\n<\/li>\n<li>Inclut:\n<ul>\n<li>Batterie<\/li>\n<li>Batterie au lithium rechargeable x 2<\/li>\n<\/ul>\n<\/li>\n<li>Piles incluses: Oui<\/li>\n<li>Type de batterie: Litio Ion<\/li>\n<\/ul>","protected":false},"excerpt":{"rendered":"<p>Si vous aimez prendre soin de chaque d\u00e9tail de votre maison et d&#8217;\u00eatre \u00e0 la derni\u00e8re mode en mati\u00e8re de produits qui vous rendront la vie plus facile, achetez Meuleuse d&#8217;angle Metabo GVB 18 LTX BL 11-28 au meilleur prix. La meuleuse d\u2019angle Metabo GVB 18 LTX BL 11-28 est un outil \u00e9lectroportatif sans fil [&hellip;]<\/p>\n","protected":false},"featured_media":56609,"comment_status":"open","ping_status":"closed","template":"","meta":[],"product_brand":[1003],"product_cat":[613,239],"product_tag":[59,210],"class_list":{"0":"post-22279","1":"product","2":"type-product","3":"status-publish","4":"has-post-thumbnail","6":"product_brand-brandp_6129","7":"product_cat-bricolage-et-materiel","8":"product_cat-maison-jardin","9":"product_tag-tag_1304","10":"product_tag-tag_25","12":"first","13":"instock","14":"taxable","15":"shipping-taxable","16":"purchasable","17":"product-type-simple"},"_links":{"self":[{"href":"https:\/\/bigbuy.tupique.com\/es\/wp-json\/wp\/v2\/product\/22279","targetHints":{"allow":["GET"]}}],"collection":[{"href":"https:\/\/bigbuy.tupique.com\/es\/wp-json\/wp\/v2\/product"}],"about":[{"href":"https:\/\/bigbuy.tupique.com\/es\/wp-json\/wp\/v2\/types\/product"}],"replies":[{"embeddable":true,"href":"https:\/\/bigbuy.tupique.com\/es\/wp-json\/wp\/v2\/comments?post=22279"}],"wp:featuredmedia":[{"embeddable":true,"href":"https:\/\/bigbuy.tupique.com\/es\/wp-json\/wp\/v2\/media\/56609"}],"wp:attachment":[{"href":"https:\/\/bigbuy.tupique.com\/es\/wp-json\/wp\/v2\/media?parent=22279"}],"wp:term":[{"taxonomy":"product_brand","embeddable":true,"href":"https:\/\/bigbuy.tupique.com\/es\/wp-json\/wp\/v2\/product_brand?post=22279"},{"taxonomy":"product_cat","embeddable":true,"href":"https:\/\/bigbuy.tupique.com\/es\/wp-json\/wp\/v2\/product_cat?post=22279"},{"taxonomy":"product_tag","embeddable":true,"href":"https:\/\/bigbuy.tupique.com\/es\/wp-json\/wp\/v2\/product_tag?post=22279"}],"curies":[{"name":"wp","href":"https:\/\/api.w.org\/{rel}","templated":true}]}}