{"id":22236,"date":"2026-03-29T18:42:54","date_gmt":"2026-03-29T17:42:54","guid":{"rendered":"https:\/\/bigbuy.tupique.com\/produto\/mens-watch-casio-g-shock-gbm-2100a-1a3er-black-green-o-445-mm\/"},"modified":"2026-05-11T20:03:00","modified_gmt":"2026-05-11T18:03:00","slug":"mens-watch-casio-g-shock-gbm-2100a-1a3er-black-green-o-445-mm","status":"publish","type":"product","link":"https:\/\/bigbuy.tupique.com\/es\/produto\/mens-watch-casio-g-shock-gbm-2100a-1a3er-black-green-o-445-mm\/","title":{"rendered":"Montre Homme Casio G-Shock GBM-2100A-1A3ER Noir Vert (\u00d8 44,5 mm)"},"content":{"rendered":"<p>Si vous aimez suivre les derni\u00e8res tendances en mati\u00e8re de mode et accessoires, achetez <b>Montre Homme Casio G-Shock GBM-2100A-1A3ER Noir Vert (\u00d8 44,5 mm)<\/b> au meilleur prix.<\/p>\n<ul>\n<li>Liens suppl\u00e9mentaires: Non<\/li>\n<li>Type de montre: Montre-bracelet<\/li>\n<li>Type: Montre<\/li>\n<li>Genre: Homme<\/li>\n<li>Fonctions: Multifonction<\/li>\n<li>Mat\u00e9riau du bracelet: R\u00e9sine<\/li>\n<li>Inclut: Le coffret de la marque est inclus<\/li>\n<li>Imperm\u00e9abilit\u00e9: 20 atm<\/li>\n<li>Verre: Min\u00e9ral<\/li>\n<li>Type de mouvement: Solaire<\/li>\n<li>Diam\u00e8tre du bo\u00eetier de la montre: \u00d8 44,5 mm<\/li>\n<li>Couleur:\n<ul>\n<li>Noir<\/li>\n<li>Vert<\/li>\n<\/ul>\n<\/li>\n<li>Materiau du bo\u00eetier: Acier inoxydable<\/li>\n<\/ul>","protected":false},"excerpt":{"rendered":"<p>Si vous aimez suivre les derni\u00e8res tendances en mati\u00e8re de mode et accessoires, achetez Montre Homme Casio G-Shock GBM-2100A-1A3ER Noir Vert (\u00d8 44,5 mm) au meilleur prix. Liens suppl\u00e9mentaires: Non Type de montre: Montre-bracelet Type: Montre Genre: Homme Fonctions: Multifonction Mat\u00e9riau du bracelet: R\u00e9sine Inclut: Le coffret de la marque est inclus Imperm\u00e9abilit\u00e9: 20 atm [&hellip;]<\/p>\n","protected":false},"featured_media":22234,"comment_status":"open","ping_status":"closed","template":"","meta":[],"product_brand":[1091],"product_cat":[544,574,545],"product_tag":[103,543],"class_list":{"0":"post-22236","1":"product","2":"type-product","3":"status-publish","4":"has-post-thumbnail","6":"product_brand-brandp_7896","7":"product_cat-mode-accessoires","8":"product_cat-montres-homme","9":"product_cat-montres-bracelets","10":"product_tag-tag_1261","11":"product_tag-tag_61","13":"first","14":"instock","15":"taxable","16":"shipping-taxable","17":"purchasable","18":"product-type-simple"},"_links":{"self":[{"href":"https:\/\/bigbuy.tupique.com\/es\/wp-json\/wp\/v2\/product\/22236","targetHints":{"allow":["GET"]}}],"collection":[{"href":"https:\/\/bigbuy.tupique.com\/es\/wp-json\/wp\/v2\/product"}],"about":[{"href":"https:\/\/bigbuy.tupique.com\/es\/wp-json\/wp\/v2\/types\/product"}],"replies":[{"embeddable":true,"href":"https:\/\/bigbuy.tupique.com\/es\/wp-json\/wp\/v2\/comments?post=22236"}],"wp:featuredmedia":[{"embeddable":true,"href":"https:\/\/bigbuy.tupique.com\/es\/wp-json\/wp\/v2\/media\/22234"}],"wp:attachment":[{"href":"https:\/\/bigbuy.tupique.com\/es\/wp-json\/wp\/v2\/media?parent=22236"}],"wp:term":[{"taxonomy":"product_brand","embeddable":true,"href":"https:\/\/bigbuy.tupique.com\/es\/wp-json\/wp\/v2\/product_brand?post=22236"},{"taxonomy":"product_cat","embeddable":true,"href":"https:\/\/bigbuy.tupique.com\/es\/wp-json\/wp\/v2\/product_cat?post=22236"},{"taxonomy":"product_tag","embeddable":true,"href":"https:\/\/bigbuy.tupique.com\/es\/wp-json\/wp\/v2\/product_tag?post=22236"}],"curies":[{"name":"wp","href":"https:\/\/api.w.org\/{rel}","templated":true}]}}