{"id":22230,"date":"2026-03-29T18:42:49","date_gmt":"2026-03-29T17:42:49","guid":{"rendered":"https:\/\/bigbuy.tupique.com\/produto\/circular-saw-bosch-0601675001-1400-w-230-v-165-mm\/"},"modified":"2026-05-11T20:01:00","modified_gmt":"2026-05-11T18:01:00","slug":"circular-saw-bosch-0601675001-1400-w-230-v-165-mm","status":"publish","type":"product","link":"https:\/\/bigbuy.tupique.com\/es\/produto\/circular-saw-bosch-0601675001-1400-w-230-v-165-mm\/","title":{"rendered":"Scie circulaire BOSCH 0601675001 1400 W 230 V 165 mm"},"content":{"rendered":"<p>Si vous aimez prendre soin de chaque d\u00e9tail de votre maison et d&#8217;\u00eatre \u00e0 la derni\u00e8re mode en mati\u00e8re de produits qui vous rendront la vie plus facile, achetez <b>Scie circulaire BOSCH 0601675001 1400 W 230 V 165 mm<\/b> au meilleur prix.<\/p>\n<ul>\n<li>puissance: 1400 W<\/li>\n<li>Poids approx.: 4,7 Kg<\/li>\n<li>Bloc d\u2019Alimentation: Courant alternatif<\/li>\n<li>diam\u00e8tre approx.: \u00d8 16,5 cm<\/li>\n<li>Largeur: 31 cm<\/li>\n<\/ul>","protected":false},"excerpt":{"rendered":"<p>Si vous aimez prendre soin de chaque d\u00e9tail de votre maison et d&#8217;\u00eatre \u00e0 la derni\u00e8re mode en mati\u00e8re de produits qui vous rendront la vie plus facile, achetez Scie circulaire BOSCH 0601675001 1400 W 230 V 165 mm au meilleur prix. puissance: 1400 W Poids approx.: 4,7 Kg Bloc d\u2019Alimentation: Courant alternatif diam\u00e8tre approx.: [&hellip;]<\/p>\n","protected":false},"featured_media":22225,"comment_status":"open","ping_status":"closed","template":"","meta":[],"product_brand":[162],"product_cat":[613,239],"product_tag":[59,210],"class_list":{"0":"post-22230","1":"product","2":"type-product","3":"status-publish","4":"has-post-thumbnail","6":"product_brand-brandp_959","7":"product_cat-bricolage-et-materiel","8":"product_cat-maison-jardin","9":"product_tag-tag_1304","10":"product_tag-tag_25","12":"first","13":"instock","14":"taxable","15":"shipping-taxable","16":"purchasable","17":"product-type-simple"},"_links":{"self":[{"href":"https:\/\/bigbuy.tupique.com\/es\/wp-json\/wp\/v2\/product\/22230","targetHints":{"allow":["GET"]}}],"collection":[{"href":"https:\/\/bigbuy.tupique.com\/es\/wp-json\/wp\/v2\/product"}],"about":[{"href":"https:\/\/bigbuy.tupique.com\/es\/wp-json\/wp\/v2\/types\/product"}],"replies":[{"embeddable":true,"href":"https:\/\/bigbuy.tupique.com\/es\/wp-json\/wp\/v2\/comments?post=22230"}],"wp:featuredmedia":[{"embeddable":true,"href":"https:\/\/bigbuy.tupique.com\/es\/wp-json\/wp\/v2\/media\/22225"}],"wp:attachment":[{"href":"https:\/\/bigbuy.tupique.com\/es\/wp-json\/wp\/v2\/media?parent=22230"}],"wp:term":[{"taxonomy":"product_brand","embeddable":true,"href":"https:\/\/bigbuy.tupique.com\/es\/wp-json\/wp\/v2\/product_brand?post=22230"},{"taxonomy":"product_cat","embeddable":true,"href":"https:\/\/bigbuy.tupique.com\/es\/wp-json\/wp\/v2\/product_cat?post=22230"},{"taxonomy":"product_tag","embeddable":true,"href":"https:\/\/bigbuy.tupique.com\/es\/wp-json\/wp\/v2\/product_tag?post=22230"}],"curies":[{"name":"wp","href":"https:\/\/api.w.org\/{rel}","templated":true}]}}