{"id":22186,"date":"2026-03-29T18:31:33","date_gmt":"2026-03-29T17:31:33","guid":{"rendered":"https:\/\/bigbuy.tupique.com\/produto\/bluetooth-speakers-lg-xl9t-deusllk-black\/"},"modified":"2026-05-11T20:03:47","modified_gmt":"2026-05-11T18:03:47","slug":"bluetooth-speakers-lg-xl9t-deusllk-black","status":"publish","type":"product","link":"https:\/\/bigbuy.tupique.com\/es\/produto\/bluetooth-speakers-lg-xl9t-deusllk-black\/","title":{"rendered":"Haut-parleurs bluetooth LG XL9T.DEUSLLK Noir"},"content":{"rendered":"<p>Si vous \u00eates passionn\u00e9 d&#8217;<b>informatique et d&#8217;\u00e9lectronique<\/b>, si vous \u00eates \u00e0 la pointe de la technologie et qu&#8217;aucun d\u00e9tail ne vous \u00e9chappe, achetez <b>Haut-parleurs bluetooth LG XL9T.DEUSLLK Noir<\/b> au meilleur prix.<\/p>\n<p>Le haut-parleur Bluetooth LG XL9T.DEUSLLK en couleur noire est un choix id\u00e9al pour ceux qui souhaitent profiter de leur musique pr\u00e9f\u00e9r\u00e9e avec une qualit\u00e9 sonore exceptionnelle et une grande polyvalence. Cet appareil se distingue par sa connectivit\u00e9 Bluetooth 5.1, qui garantit une connexion rapide et stable avec vos appareils. Son design universel en fait un compagnon parfait pour toute occasion, que ce soit \u00e0 la maison, lors d&#8217;une sortie en plein air ou lors d&#8217;une f\u00eate entre amis. De plus, il est r\u00e9sistant \u00e0 l&#8217;eau, ce qui vous permet de l&#8217;utiliser sans souci dans des environnements humides ou lors d&#8217;activit\u00e9s en ext\u00e9rieur.<\/p>\n<p>Parmi ses caract\u00e9ristiques remarquables, le LG XL9T.DEUSLLK allie un son puissant et clair \u00e0 une esth\u00e9tique moderne, en faisant un objet \u00e0 la fois fonctionnel et attrayant. Avec ce haut-parleur, profiter de vos playlists devient une exp\u00e9rience immersive et sans interruptions.<\/p>\n<p>&#8211; Couleur : noir<\/p>\n<p>&#8211; Connectivit\u00e9 : Bluetooth 5.1<\/p>\n<p>&#8211; Type : haut-parleur<\/p>\n<p>&#8211; Type : universel<\/p>\n<p>&#8211; Caract\u00e9ristiques : r\u00e9sistant \u00e0 l&#8217;eau<\/p>\n<ul>\n<li>Type:\n<ul>\n<li>Haut-parleur<\/li>\n<li>Haut-parleurs bluetooth<\/li>\n<li>Haut-parleur portable<\/li>\n<li>Universel<\/li>\n<\/ul>\n<\/li>\n<li>Couleur: Noir<\/li>\n<li>Caract\u00e9ristiques:\n<ul>\n<li>R\u00e9sistant \u00e0 l&#8217;eau<\/li>\n<li>Un seul haut-parleur<\/li>\n<\/ul>\n<\/li>\n<li>Connectivit\u00e9:\n<ul>\n<li>Bluetooth<\/li>\n<li>Bluetooth 5.1<\/li>\n<\/ul>\n<\/li>\n<li>Son: St\u00e9r\u00e9o<\/li>\n<li>Technologie: LED<\/li>\n<li>R\u00e9ponse de fr\u00e9quence: 20 Hz<\/li>\n<li>Radio FM: Non<\/li>\n<li>Non inclut: Wi-Fi<\/li>\n<li>Haut-parleurs: Tweeter<\/li>\n<li>Classification IP: IPX4<\/li>\n<li>Type d&#8217;installation: Sol<\/li>\n<\/ul>","protected":false},"excerpt":{"rendered":"<p>Si vous \u00eates passionn\u00e9 d&#8217;informatique et d&#8217;\u00e9lectronique, si vous \u00eates \u00e0 la pointe de la technologie et qu&#8217;aucun d\u00e9tail ne vous \u00e9chappe, achetez Haut-parleurs bluetooth LG XL9T.DEUSLLK Noir au meilleur prix. Le haut-parleur Bluetooth LG XL9T.DEUSLLK en couleur noire est un choix id\u00e9al pour ceux qui souhaitent profiter de leur musique pr\u00e9f\u00e9r\u00e9e avec une qualit\u00e9 [&hellip;]<\/p>\n","protected":false},"featured_media":22157,"comment_status":"open","ping_status":"closed","template":"","meta":[],"product_brand":[662],"product_cat":[755,772,65],"product_tag":[566],"class_list":{"0":"post-22186","1":"product","2":"type-product","3":"status-publish","4":"has-post-thumbnail","6":"product_brand-brandp_559","7":"product_cat-electronique-son","8":"product_cat-haut-parleurs-bluetooth","9":"product_cat-informatique-electronique","10":"product_tag-tag_547","12":"first","13":"instock","14":"taxable","15":"shipping-taxable","16":"purchasable","17":"product-type-simple"},"_links":{"self":[{"href":"https:\/\/bigbuy.tupique.com\/es\/wp-json\/wp\/v2\/product\/22186","targetHints":{"allow":["GET"]}}],"collection":[{"href":"https:\/\/bigbuy.tupique.com\/es\/wp-json\/wp\/v2\/product"}],"about":[{"href":"https:\/\/bigbuy.tupique.com\/es\/wp-json\/wp\/v2\/types\/product"}],"replies":[{"embeddable":true,"href":"https:\/\/bigbuy.tupique.com\/es\/wp-json\/wp\/v2\/comments?post=22186"}],"wp:featuredmedia":[{"embeddable":true,"href":"https:\/\/bigbuy.tupique.com\/es\/wp-json\/wp\/v2\/media\/22157"}],"wp:attachment":[{"href":"https:\/\/bigbuy.tupique.com\/es\/wp-json\/wp\/v2\/media?parent=22186"}],"wp:term":[{"taxonomy":"product_brand","embeddable":true,"href":"https:\/\/bigbuy.tupique.com\/es\/wp-json\/wp\/v2\/product_brand?post=22186"},{"taxonomy":"product_cat","embeddable":true,"href":"https:\/\/bigbuy.tupique.com\/es\/wp-json\/wp\/v2\/product_cat?post=22186"},{"taxonomy":"product_tag","embeddable":true,"href":"https:\/\/bigbuy.tupique.com\/es\/wp-json\/wp\/v2\/product_tag?post=22186"}],"curies":[{"name":"wp","href":"https:\/\/api.w.org\/{rel}","templated":true}]}}