{"id":22156,"date":"2026-03-29T18:30:40","date_gmt":"2026-03-29T17:30:40","guid":{"rendered":"https:\/\/bigbuy.tupique.com\/produto\/monitor-philips-34m2c6500-00-34-wide-quad-hd\/"},"modified":"2026-04-15T02:55:48","modified_gmt":"2026-04-15T01:55:48","slug":"monitor-philips-34m2c6500-00-34-wide-quad-hd","status":"publish","type":"product","link":"https:\/\/bigbuy.tupique.com\/es\/produto\/monitor-philips-34m2c6500-00-34-wide-quad-hd\/","title":{"rendered":"\u00c9cran Philips 34M2C6500\/00 34&#8243; Wide Quad HD"},"content":{"rendered":"<p>Si vous \u00eates passionn\u00e9 d&#8217;<b>informatique et d&#8217;\u00e9lectronique<\/b>, si vous \u00eates \u00e0 la pointe de la technologie et qu&#8217;aucun d\u00e9tail ne vous \u00e9chappe, achetez <b>\u00c9cran Philips 34M2C6500\/00 34&#8243; Wide Quad HD<\/b> au meilleur prix.<\/p>\n<p>Le <b>moniteur Philips 34M2C6500\/00<\/b> est un \u00e9cran haut de gamme con\u00e7u pour les utilisateurs exigeants, notamment pour le gaming et les applications multim\u00e9dia. Sa grande <b>diagonale de 34 pouces (86,4 cm)<\/b> offre un format ultralarge avec un <b>rapport d\u2019aspect 21:9<\/b>, id\u00e9al pour une exp\u00e9rience immersive et une multit\u00e2che efficace. Il utilise la technologie <b>QD-OLED<\/b>, qui fournit une qualit\u00e9 d\u2019image sup\u00e9rieure avec des <b>couleurs pr\u00e9cises et un contraste exceptionnel<\/b>, renforc\u00e9s par la norme <b>DisplayHDR TrueBlack 400<\/b> et le syst\u00e8me <b>VESA ClearMR 9000<\/b>, am\u00e9liorant la nettet\u00e9 et la d\u00e9finition des images pour des noirs profonds et une excellente plage dynamique. La r\u00e9solution <b>Wide Quad HD de 3440 x 1440 pixels<\/b> garantit des d\u00e9tails nets et des textures pr\u00e9cises pour les jeux, le design graphique ou le montage vid\u00e9o. Ce moniteur se distingue aussi par son <b>temps de r\u00e9ponse ultra-rapide de 0,03 ms<\/b>, qui r\u00e9duit le flou lors des mouvements rapides, am\u00e9liorant grandement l\u2019exp\u00e9rience en jeux rapides et diminuant la fatigue visuelle gr\u00e2ce \u00e0 la technologie <b>Flicker Free<\/b>. La <b>surface mate<\/b> grise aide \u00e0 \u00e9viter les reflets g\u00eanants en environnements lumineux variables. Il dispose de connexions modernes, notamment HDMI et un port USB 3.2 Gen 1 pour faciliter la connexion de p\u00e9riph\u00e9riques. Son design int\u00e8gre des fonctions ergonomiques avanc\u00e9es avec r\u00e9glage en hauteur et montage <b>VESA<\/b>, ainsi qu\u2019une option de rotation pour s\u2019adapter aux pr\u00e9f\u00e9rences et besoins de l\u2019utilisateur. De plus, il offre une prise en main et une configuration simples, visant \u00e0 exploiter pleinement ses caract\u00e9ristiques techniques et visuelles. En r\u00e9sum\u00e9, le <b>Philips Evnia 34M2C6500\/00<\/b> est une option professionnelle pour ceux qui recherchent un moniteur \u00e0 la pointe de la technologie, avec une haute fid\u00e9lit\u00e9 des couleurs, un grand format et une r\u00e9ponse optimis\u00e9e, id\u00e9al dans les environnements o\u00f9 la qualit\u00e9 d\u2019image et la performance sont essentielles.<\/p>\n<ul>\n<li>Type: \u00c9cran<\/li>\n<li>Produit \u00e0 brancher: Oui<\/li>\n<li>Type de prise: Prise EU<\/li>\n<li>Bloc d\u2019Alimentation: r\u00e9seau \u00e9lectrique<\/li>\n<li>Couleur: Gris<\/li>\n<li>Temps de r\u00e9ponse: 0,03 ms<\/li>\n<li>VESA: 10 x 10 cm<\/li>\n<li>Brille:\n<ul>\n<li>1000 cd\/m\u00b2<\/li>\n<li>450 CD \/ M\u00b2<\/li>\n<\/ul>\n<\/li>\n<li>Tension:\n<ul>\n<li>100-240 V<\/li>\n<li>100 &#8211; 240 V<\/li>\n<\/ul>\n<\/li>\n<li>Ecran: 34&#8243;<\/li>\n<li>Classification \u00e9nerg\u00e9tique: F<\/li>\n<li>Rapport d&#8217;aspect:\n<ul>\n<li>21:9<\/li>\n<li>16:9<\/li>\n<\/ul>\n<\/li>\n<li>Connexions:\n<ul>\n<li>HDMI<\/li>\n<li>USB<\/li>\n<li>DisplayPort<\/li>\n<li>HDMI 2.0<\/li>\n<li>2<\/li>\n<li>HDMI x 2<\/li>\n<li>HDCP<\/li>\n<li>USB A x 2<\/li>\n<li>DisplayPort 1.4<\/li>\n<li>DisplayPort x 1<\/li>\n<li>USB x 3<\/li>\n<\/ul>\n<\/li>\n<li>Caract\u00e9ristiques:\n<ul>\n<li>Plaque Tournante<\/li>\n<li>Mat<\/li>\n<li>R\u00e9glable<\/li>\n<li>HDR<\/li>\n<li>Avec stand<\/li>\n<li>Inclinaison r\u00e9glable<\/li>\n<\/ul>\n<\/li>\n<li>R\u00e9solution (px): 3440 x 1440 px<\/li>\n<li>Fr\u00e9quence: 50 &#8211; 60 Hz<\/li>\n<li>Ports: 1<\/li>\n<li>Compatible: VESA<\/li>\n<li>Design: Courbe<\/li>\n<li>Utilisation recommand\u00e9e: Jeux<\/li>\n<li>Fr\u00e9quence d&#8217;entr\u00e9e AC: 50-60 Hz<\/li>\n<li>consommation d&#8217;\u00e9nergie: 35 kWh<\/li>\n<li>Ecran tactile: Non<\/li>\n<li>Inclut: Sortie d&#8217;\u00e9couteurs<\/li>\n<li>R\u00e9solution: Wide Quad HD<\/li>\n<li>Angle: 178\u00ba<\/li>\n<li>Pr\u00e9cision (humidit\u00e9 relative): 20 % &#8211; 80 %<\/li>\n<li>Connecteurs: Kensington<\/li>\n<li>Inclinaison:\n<ul>\n<li>-5\u00ba \/ 20\u00ba<\/li>\n<li>-5\u00ba \/ 15\u00ba<\/li>\n<\/ul>\n<\/li>\n<li>Montage: VESA<\/li>\n<li>Technologie: Flicker free<\/li>\n<li>Rapport de contraste: 1000000:1<\/li>\n<li>Rotation: -30\u00ba \/ 30\u00b0<\/li>\n<li>Diagonale de l&#8217;\u00e9cran (cm): 86,4 cm<\/li>\n<\/ul>","protected":false},"excerpt":{"rendered":"<p>Si vous \u00eates passionn\u00e9 d&#8217;informatique et d&#8217;\u00e9lectronique, si vous \u00eates \u00e0 la pointe de la technologie et qu&#8217;aucun d\u00e9tail ne vous \u00e9chappe, achetez \u00c9cran Philips 34M2C6500\/00 34&#8243; Wide Quad HD au meilleur prix. Le moniteur Philips 34M2C6500\/00 est un \u00e9cran haut de gamme con\u00e7u pour les utilisateurs exigeants, notamment pour le gaming et les applications [&hellip;]<\/p>\n","protected":false},"featured_media":22146,"comment_status":"open","ping_status":"closed","template":"","meta":[],"product_brand":[315],"product_cat":[65,581,616],"product_tag":[213,106],"class_list":{"0":"post-22156","1":"product","2":"type-product","3":"status-publish","4":"has-post-thumbnail","6":"product_brand-brandp_571","7":"product_cat-informatique-electronique","8":"product_cat-informatique-peripheriques-et-consommables","9":"product_cat-moniteurs","10":"product_tag-tag_933","11":"product_tag-tag_1295","13":"first","14":"instock","15":"taxable","16":"shipping-taxable","17":"purchasable","18":"product-type-simple"},"_links":{"self":[{"href":"https:\/\/bigbuy.tupique.com\/es\/wp-json\/wp\/v2\/product\/22156","targetHints":{"allow":["GET"]}}],"collection":[{"href":"https:\/\/bigbuy.tupique.com\/es\/wp-json\/wp\/v2\/product"}],"about":[{"href":"https:\/\/bigbuy.tupique.com\/es\/wp-json\/wp\/v2\/types\/product"}],"replies":[{"embeddable":true,"href":"https:\/\/bigbuy.tupique.com\/es\/wp-json\/wp\/v2\/comments?post=22156"}],"wp:featuredmedia":[{"embeddable":true,"href":"https:\/\/bigbuy.tupique.com\/es\/wp-json\/wp\/v2\/media\/22146"}],"wp:attachment":[{"href":"https:\/\/bigbuy.tupique.com\/es\/wp-json\/wp\/v2\/media?parent=22156"}],"wp:term":[{"taxonomy":"product_brand","embeddable":true,"href":"https:\/\/bigbuy.tupique.com\/es\/wp-json\/wp\/v2\/product_brand?post=22156"},{"taxonomy":"product_cat","embeddable":true,"href":"https:\/\/bigbuy.tupique.com\/es\/wp-json\/wp\/v2\/product_cat?post=22156"},{"taxonomy":"product_tag","embeddable":true,"href":"https:\/\/bigbuy.tupique.com\/es\/wp-json\/wp\/v2\/product_tag?post=22156"}],"curies":[{"name":"wp","href":"https:\/\/api.w.org\/{rel}","templated":true}]}}