{"id":22090,"date":"2026-03-29T18:28:55","date_gmt":"2026-03-29T17:28:55","guid":{"rendered":"https:\/\/bigbuy.tupique.com\/produto\/pizza-maker-cozze-02364773\/"},"modified":"2026-04-16T16:17:15","modified_gmt":"2026-04-16T15:17:15","slug":"pizza-maker-cozze-02364773","status":"publish","type":"product","link":"https:\/\/bigbuy.tupique.com\/es\/produto\/pizza-maker-cozze-02364773\/","title":{"rendered":"Appareil \u00e0 Pizza \u00c9lectrique Cozze 02364773"},"content":{"rendered":"<p>Si vous pensez r\u00e9nover votre cuisine, achetez <b>Appareil \u00e0 Pizza \u00c9lectrique Cozze 02364773<\/b> et d\u00b4autres <b>produits Cozze<\/b> !<\/p>\n<p>La <b>Pizzera \u00c9lectrique Cozze mod\u00e8le 02364773<\/b> est un appareil con\u00e7u pour une cuisson efficace et homog\u00e8ne des pizzas \u00e0 domicile. Ce four \u00e9lectrique offre une puissance de <b>2200W<\/b> garantissant un chauffage rapide et constant, id\u00e9al pour atteindre des temp\u00e9ratures optimales de cuisson. Sa capacit\u00e9 pour pizzas de taille <b>13 pouces<\/b> s\u2019accompagne d\u2019un design compact de <b>34 cm de largeur<\/b>, parfait pour les espaces r\u00e9duits sans compromettre la fonctionnalit\u00e9. La structure dispose d\u2019une porte permettant de contr\u00f4ler visuellement la cuisson, tout en conservant la chaleur \u00e0 l\u2019int\u00e9rieur pour des r\u00e9sultats uniformes. Il est disponible en plusieurs couleurs sobres et polyvalentes, dont <b>blanc, noir et gris<\/b>, facilitant son int\u00e9gration esth\u00e9tique dans toute cuisine. De plus, sa compatibilit\u00e9 avec la <b>prise europ\u00e9enne (EU)<\/b> assure une connexion s\u00fbre et adapt\u00e9e au r\u00e9seau \u00e9lectrique domestique. Gr\u00e2ce \u00e0 son design robuste et sa puissance ad\u00e9quate, cette pizzera \u00e9lectrique est une option pratique pour ceux qui souhaitent pr\u00e9parer facilement des pizzas maison avec des r\u00e9sultats professionnels dans un appareil de taille r\u00e9duite. Avec la <b>pizzera Cozze 02364773<\/b>, la pr\u00e9paration de pizzas se simplifie tout en conservant qualit\u00e9 et saveur caract\u00e9ristiques.<\/p>\n<ul>\n<li>Largeur: 34 cm<\/li>\n<li>Taille: 13&#8243;<\/li>\n<li>Produit \u00e0 brancher: Oui<\/li>\n<li>Type de prise: Prise EU<\/li>\n<li>Bloc d\u2019Alimentation:\n<ul>\n<li>r\u00e9seau \u00e9lectrique<\/li>\n<li>Courant CC\/CA<\/li>\n<\/ul>\n<\/li>\n<li>Couleur:\n<ul>\n<li>Gris<\/li>\n<li>Blanc<\/li>\n<li>Noir<\/li>\n<\/ul>\n<\/li>\n<\/ul>","protected":false},"excerpt":{"rendered":"<p>Si vous pensez r\u00e9nover votre cuisine, achetez Appareil \u00e0 Pizza \u00c9lectrique Cozze 02364773 et d\u00b4autres produits Cozze ! La Pizzera \u00c9lectrique Cozze mod\u00e8le 02364773 est un appareil con\u00e7u pour une cuisson efficace et homog\u00e8ne des pizzas \u00e0 domicile. Ce four \u00e9lectrique offre une puissance de 2200W garantissant un chauffage rapide et constant, id\u00e9al pour atteindre [&hellip;]<\/p>\n","protected":false},"featured_media":22088,"comment_status":"open","ping_status":"closed","template":"","meta":[],"product_brand":[1099],"product_cat":[60,747,77],"product_tag":[55,59,56],"class_list":{"0":"post-22090","1":"product","2":"type-product","3":"status-publish","4":"has-post-thumbnail","6":"product_brand-brandp_9931","7":"product_cat-cuisine-gourmet","8":"product_cat-fours","9":"product_cat-petit-electromenager","10":"product_tag-tag_926","11":"product_tag-tag_1304","12":"product_tag-tag_930","14":"first","15":"instock","16":"taxable","17":"shipping-taxable","18":"purchasable","19":"product-type-simple"},"_links":{"self":[{"href":"https:\/\/bigbuy.tupique.com\/es\/wp-json\/wp\/v2\/product\/22090","targetHints":{"allow":["GET"]}}],"collection":[{"href":"https:\/\/bigbuy.tupique.com\/es\/wp-json\/wp\/v2\/product"}],"about":[{"href":"https:\/\/bigbuy.tupique.com\/es\/wp-json\/wp\/v2\/types\/product"}],"replies":[{"embeddable":true,"href":"https:\/\/bigbuy.tupique.com\/es\/wp-json\/wp\/v2\/comments?post=22090"}],"wp:featuredmedia":[{"embeddable":true,"href":"https:\/\/bigbuy.tupique.com\/es\/wp-json\/wp\/v2\/media\/22088"}],"wp:attachment":[{"href":"https:\/\/bigbuy.tupique.com\/es\/wp-json\/wp\/v2\/media?parent=22090"}],"wp:term":[{"taxonomy":"product_brand","embeddable":true,"href":"https:\/\/bigbuy.tupique.com\/es\/wp-json\/wp\/v2\/product_brand?post=22090"},{"taxonomy":"product_cat","embeddable":true,"href":"https:\/\/bigbuy.tupique.com\/es\/wp-json\/wp\/v2\/product_cat?post=22090"},{"taxonomy":"product_tag","embeddable":true,"href":"https:\/\/bigbuy.tupique.com\/es\/wp-json\/wp\/v2\/product_tag?post=22090"}],"curies":[{"name":"wp","href":"https:\/\/api.w.org\/{rel}","templated":true}]}}