{"id":22053,"date":"2026-03-29T18:28:03","date_gmt":"2026-03-29T17:28:03","guid":{"rendered":"https:\/\/bigbuy.tupique.com\/produto\/ladies-necklace-albert-m-wsox00537-s-60\/"},"modified":"2026-04-15T02:20:59","modified_gmt":"2026-04-15T01:20:59","slug":"ladies-necklace-albert-m-wsox00537-s-60","status":"publish","type":"product","link":"https:\/\/bigbuy.tupique.com\/es\/produto\/ladies-necklace-albert-m-wsox00537-s-60\/","title":{"rendered":"Collier Femme Albert M. WSOX00537.S-60"},"content":{"rendered":"<p>Si vous \u00eates \u00e0 la recherche de nouvelles tendances sur le march\u00e9, nous vous pr\u00e9sentons <b>Collier Femme Albert M. WSOX00537.S-60<\/b> !<\/p>\n<ul>\n<li>Genre: Femme<\/li>\n<li>Type: Collier Femme<\/li>\n<\/ul>","protected":false},"excerpt":{"rendered":"<p>Si vous \u00eates \u00e0 la recherche de nouvelles tendances sur le march\u00e9, nous vous pr\u00e9sentons Collier Femme Albert M. WSOX00537.S-60 ! Genre: Femme Type: Collier Femme<\/p>","protected":false},"featured_media":22051,"comment_status":"open","ping_status":"closed","template":"","meta":[],"product_brand":[837],"product_cat":[547,548,551,544],"product_tag":[103,542,543],"class_list":{"0":"post-22053","1":"product","2":"type-product","3":"status-publish","4":"has-post-thumbnail","6":"product_brand-brandp_7994","7":"product_cat-accessoires","8":"product_cat-bijoux","9":"product_cat-colliers","10":"product_cat-mode-accessoires","11":"product_tag-tag_1261","12":"product_tag-tag_1274","13":"product_tag-tag_61","15":"first","16":"instock","17":"taxable","18":"shipping-taxable","19":"purchasable","20":"product-type-simple"},"_links":{"self":[{"href":"https:\/\/bigbuy.tupique.com\/es\/wp-json\/wp\/v2\/product\/22053","targetHints":{"allow":["GET"]}}],"collection":[{"href":"https:\/\/bigbuy.tupique.com\/es\/wp-json\/wp\/v2\/product"}],"about":[{"href":"https:\/\/bigbuy.tupique.com\/es\/wp-json\/wp\/v2\/types\/product"}],"replies":[{"embeddable":true,"href":"https:\/\/bigbuy.tupique.com\/es\/wp-json\/wp\/v2\/comments?post=22053"}],"wp:featuredmedia":[{"embeddable":true,"href":"https:\/\/bigbuy.tupique.com\/es\/wp-json\/wp\/v2\/media\/22051"}],"wp:attachment":[{"href":"https:\/\/bigbuy.tupique.com\/es\/wp-json\/wp\/v2\/media?parent=22053"}],"wp:term":[{"taxonomy":"product_brand","embeddable":true,"href":"https:\/\/bigbuy.tupique.com\/es\/wp-json\/wp\/v2\/product_brand?post=22053"},{"taxonomy":"product_cat","embeddable":true,"href":"https:\/\/bigbuy.tupique.com\/es\/wp-json\/wp\/v2\/product_cat?post=22053"},{"taxonomy":"product_tag","embeddable":true,"href":"https:\/\/bigbuy.tupique.com\/es\/wp-json\/wp\/v2\/product_tag?post=22053"}],"curies":[{"name":"wp","href":"https:\/\/api.w.org\/{rel}","templated":true}]}}