{"id":21978,"date":"2026-03-29T18:26:09","date_gmt":"2026-03-29T17:26:09","guid":{"rendered":"https:\/\/bigbuy.tupique.com\/produto\/subwoofer-mtx-audio-tx815\/"},"modified":"2026-04-16T19:25:32","modified_gmt":"2026-04-16T18:25:32","slug":"subwoofer-mtx-audio-tx815","status":"publish","type":"product","link":"https:\/\/bigbuy.tupique.com\/es\/produto\/subwoofer-mtx-audio-tx815\/","title":{"rendered":"Caisson de basse Mtx Audio TX815"},"content":{"rendered":"<p>Si vous \u00eates passionn\u00e9 d&#8217;<b>informatique et d&#8217;\u00e9lectronique<\/b>, si vous \u00eates \u00e0 la pointe de la technologie et qu&#8217;aucun d\u00e9tail ne vous \u00e9chappe, achetez <b>Caisson de basse Mtx Audio TX815<\/b> au meilleur prix.<\/p>\n<ul>\n<li>Type: Subwoofer<\/li>\n<li>Couleur: noir<\/li>\n<li>puissance: 2000 W<\/li>\n<li>diam\u00e8tre approx.:\n<ul>\n<li>\u00d8 38 cm<\/li>\n<li>35 cm<\/li>\n<\/ul>\n<\/li>\n<\/ul>","protected":false},"excerpt":{"rendered":"<p>Si vous \u00eates passionn\u00e9 d&#8217;informatique et d&#8217;\u00e9lectronique, si vous \u00eates \u00e0 la pointe de la technologie et qu&#8217;aucun d\u00e9tail ne vous \u00e9chappe, achetez Caisson de basse Mtx Audio TX815 au meilleur prix. Type: Subwoofer Couleur: noir puissance: 2000 W diam\u00e8tre approx.: \u00d8 38 cm 35 cm<\/p>","protected":false},"featured_media":21977,"comment_status":"open","ping_status":"closed","template":"","meta":[],"product_brand":[1097],"product_cat":[755,763,65],"product_tag":[59,106],"class_list":{"0":"post-21978","1":"product","2":"type-product","3":"status-publish","4":"has-post-thumbnail","6":"product_brand-brandp_5967","7":"product_cat-electronique-son","8":"product_cat-haut-parleurs","9":"product_cat-informatique-electronique","10":"product_tag-tag_1304","11":"product_tag-tag_1295","13":"first","14":"instock","15":"taxable","16":"shipping-taxable","17":"purchasable","18":"product-type-simple"},"_links":{"self":[{"href":"https:\/\/bigbuy.tupique.com\/es\/wp-json\/wp\/v2\/product\/21978","targetHints":{"allow":["GET"]}}],"collection":[{"href":"https:\/\/bigbuy.tupique.com\/es\/wp-json\/wp\/v2\/product"}],"about":[{"href":"https:\/\/bigbuy.tupique.com\/es\/wp-json\/wp\/v2\/types\/product"}],"replies":[{"embeddable":true,"href":"https:\/\/bigbuy.tupique.com\/es\/wp-json\/wp\/v2\/comments?post=21978"}],"wp:featuredmedia":[{"embeddable":true,"href":"https:\/\/bigbuy.tupique.com\/es\/wp-json\/wp\/v2\/media\/21977"}],"wp:attachment":[{"href":"https:\/\/bigbuy.tupique.com\/es\/wp-json\/wp\/v2\/media?parent=21978"}],"wp:term":[{"taxonomy":"product_brand","embeddable":true,"href":"https:\/\/bigbuy.tupique.com\/es\/wp-json\/wp\/v2\/product_brand?post=21978"},{"taxonomy":"product_cat","embeddable":true,"href":"https:\/\/bigbuy.tupique.com\/es\/wp-json\/wp\/v2\/product_cat?post=21978"},{"taxonomy":"product_tag","embeddable":true,"href":"https:\/\/bigbuy.tupique.com\/es\/wp-json\/wp\/v2\/product_tag?post=21978"}],"curies":[{"name":"wp","href":"https:\/\/api.w.org\/{rel}","templated":true}]}}