{"id":21958,"date":"2026-03-29T18:25:41","date_gmt":"2026-03-29T17:25:41","guid":{"rendered":"https:\/\/bigbuy.tupique.com\/produto\/wall-bracket-brother-bpaha3l004\/"},"modified":"2026-05-11T19:59:14","modified_gmt":"2026-05-11T17:59:14","slug":"wall-bracket-brother-bpaha3l004","status":"publish","type":"product","link":"https:\/\/bigbuy.tupique.com\/es\/produto\/wall-bracket-brother-bpaha3l004\/","title":{"rendered":"Support mural Brother BPAHA3L004"},"content":{"rendered":"<p>Si vous \u00eates passionn\u00e9 d&#8217;<b>informatique et d&#8217;\u00e9lectronique<\/b>, si vous \u00eates \u00e0 la pointe de la technologie et qu&#8217;aucun d\u00e9tail ne vous \u00e9chappe, achetez <b>Support mural Brother BPAHA3L004<\/b> au meilleur prix.<\/p>\n<ul>\n<li>Compatible:\n<ul>\n<li>Brother<\/li>\n<li>Imprimante<\/li>\n<\/ul>\n<\/li>\n<li>Type: Support mural<\/li>\n<li>Couleur: Noir<\/li>\n<\/ul>","protected":false},"excerpt":{"rendered":"<p>Si vous \u00eates passionn\u00e9 d&#8217;informatique et d&#8217;\u00e9lectronique, si vous \u00eates \u00e0 la pointe de la technologie et qu&#8217;aucun d\u00e9tail ne vous \u00e9chappe, achetez Support mural Brother BPAHA3L004 au meilleur prix. Compatible: Brother Imprimante Type: Support mural Couleur: Noir<\/p>","protected":false},"featured_media":21955,"comment_status":"open","ping_status":"closed","template":"","meta":[],"product_brand":[669],"product_cat":[65,581,586],"product_tag":[106],"class_list":{"0":"post-21958","1":"product","2":"type-product","3":"status-publish","4":"has-post-thumbnail","6":"product_brand-brandp_538","7":"product_cat-informatique-electronique","8":"product_cat-informatique-peripheriques-et-consommables","9":"product_cat-supports-pour-ecrans","10":"product_tag-tag_1295","12":"first","13":"instock","14":"taxable","15":"shipping-taxable","16":"purchasable","17":"product-type-simple"},"_links":{"self":[{"href":"https:\/\/bigbuy.tupique.com\/es\/wp-json\/wp\/v2\/product\/21958","targetHints":{"allow":["GET"]}}],"collection":[{"href":"https:\/\/bigbuy.tupique.com\/es\/wp-json\/wp\/v2\/product"}],"about":[{"href":"https:\/\/bigbuy.tupique.com\/es\/wp-json\/wp\/v2\/types\/product"}],"replies":[{"embeddable":true,"href":"https:\/\/bigbuy.tupique.com\/es\/wp-json\/wp\/v2\/comments?post=21958"}],"wp:featuredmedia":[{"embeddable":true,"href":"https:\/\/bigbuy.tupique.com\/es\/wp-json\/wp\/v2\/media\/21955"}],"wp:attachment":[{"href":"https:\/\/bigbuy.tupique.com\/es\/wp-json\/wp\/v2\/media?parent=21958"}],"wp:term":[{"taxonomy":"product_brand","embeddable":true,"href":"https:\/\/bigbuy.tupique.com\/es\/wp-json\/wp\/v2\/product_brand?post=21958"},{"taxonomy":"product_cat","embeddable":true,"href":"https:\/\/bigbuy.tupique.com\/es\/wp-json\/wp\/v2\/product_cat?post=21958"},{"taxonomy":"product_tag","embeddable":true,"href":"https:\/\/bigbuy.tupique.com\/es\/wp-json\/wp\/v2\/product_tag?post=21958"}],"curies":[{"name":"wp","href":"https:\/\/api.w.org\/{rel}","templated":true}]}}